{"id":85,"date":"2015-05-07T19:58:55","date_gmt":"2015-05-07T19:58:55","guid":{"rendered":"http:\/\/www.hilfe-fuer-guasmo.de\/?page_id=85"},"modified":"2022-12-26T17:28:59","modified_gmt":"2022-12-26T17:28:59","slug":"ihre-hilfe","status":"publish","type":"page","link":"https:\/\/www.hilfe-fuer-guasmo.de\/es\/ihre-hilfe\/","title":{"rendered":"Ihre Hilfe"},"content":{"rendered":"<h2>Mit ein paar Euro geben Sie einem Kind die Chance seines Lebens!<\/h2>\n<h6>Ihre Hilfe ist uns willkommen.<\/h6>\n<h6><em>Sie<\/em> entscheiden, in welcher Weise und in welchem Umfang Sie \u201eHilfe f\u00fcr Guasmo\u201c unterst\u00fctzen.<\/h6>\n<h2>Spenden<\/h2>\n<p>Ihre spontane einmalige oder gelegentliche Spende hilft uns, laufende und schwankende Ausgaben in den Projekten in Ecuador zu decken, Schul- und Ausbildung zu f\u00f6rdern und neue Investitionen vor Ort vorzunehmen. Wenn Sie von Zeit zu Zeit etwas er\u00fcbrigen k\u00f6nnen, hilft uns das sehr!<\/p>\n<h2>Allgemeine Patenschaft<\/h2>\n<p>Wenn Sie regelm\u00e4\u00dfig einen &#8211; auch kleinen &#8211; Betrag entbehren k\u00f6nnen, geben Sie uns f\u00fcr eine gewisse Zeit Planungssicherheit. Ihre wiederkehrenden Einzahlungen helfen uns, die Ausgaben in den Projekten, wie Lehr- und Lernmaterial, Anschaffung von notwendigem Arbeitsger\u00e4t, Finanzierung von Lehrkr\u00e4ften f\u00fcr eine \u00fcberschaubare Zeit sicher zu kalkulieren. Ihre Zuwendungen k\u00f6nnen Sie jederzeit formlos einstellen.<\/p>\n<h2>Pers\u00f6nliche Patenschaft<\/h2>\n<p>Sie k\u00f6nnen die F\u00f6rderung eines bestimmten Kindes oder Jugendlichen mit monatlich 25 bis 30 EURO erm\u00f6glichen. Damit ist der Grundstock f\u00fcr die Finanzierung schulisch bedingter Ausgaben, medizinisch notweniger oder sonstiger Hilfe gelegt. Ein weiteres Kind bekommt eine Chance. Sie haben die M\u00f6glichkeit, den Weg des Kindes zu verfolgen. Auch hier gilt: Sie k\u00f6nnen ohne Einhaltung einer Frist von Ihrer Verpflichtung zur\u00fccktreten.<\/p>\n<p>Formular: <a href=\"http:\/\/www.hilfe-fuer-guasmo.de\/wp-content\/uploads\/2021\/12\/Patenschaftsantrag.docx\">Patenschaftsantrag (neu)<\/a><\/p>\n<p><strong>Wir freuen uns, wenn Ihre Spende auf dem Spendenkonto des Vereins \u201eHilfe f\u00fcr Guasmo\u201c e.V. eingeht.<\/strong><\/p>\n<h2>Spendenkonto:<\/h2>\n<p><strong>BW Bank<\/strong><br \/>\n<strong> IBAN: DE50600501010008648646<\/strong><br \/>\n<strong> BIC: SOLADEST600<\/strong><\/p>\n","protected":false},"excerpt":{"rendered":"<p>Mit ein paar Euro geben Sie einem Kind die Chance seines Lebens! Ihre Hilfe ist uns willkommen. Sie entscheiden, in welcher Weise und in welchem Umfang Sie \u201eHilfe f\u00fcr Guasmo\u201c unterst\u00fctzen. Spenden Ihre spontane einmalige oder gelegentliche Spende hilft uns, laufende und schwankende Ausgaben in den Projekten in Ecuador zu decken, Schul- und Ausbildung zu &hellip; <a href=\"https:\/\/www.hilfe-fuer-guasmo.de\/es\/ihre-hilfe\/\" class=\"more-link\">Seguir leyendo <span class=\"screen-reader-text\">Ihre Hilfe<\/span> <span class=\"meta-nav\">&rarr;<\/span><\/a><\/p>\n","protected":false},"author":1,"featured_media":0,"parent":0,"menu_order":30,"comment_status":"closed","ping_status":"closed","template":"","meta":[],"translation":{"provider":"WPGlobus","version":"3.0.0","language":"es","enabled_languages":["de","es"],"languages":{"de":{"title":true,"content":true,"excerpt":false},"es":{"title":false,"content":false,"excerpt":false}}},"yoast_head":"<!-- This site is optimized with the Yoast SEO plugin v18.1 - https:\/\/yoast.com\/wordpress\/plugins\/seo\/ -->\n<meta name=\"robots\" content=\"index, follow, max-snippet:-1, max-image-preview:large, max-video-preview:-1\" \/>\n<link rel=\"canonical\" href=\"https:\/\/www.hilfe-fuer-guasmo.de\/es\/ihre-hilfe\/\" \/>\n<meta property=\"og:locale\" content=\"es_ES\" \/>\n<meta property=\"og:type\" content=\"article\" \/>\n<meta property=\"og:title\" content=\"Hilfe f\u00fcr Guasmo - Ihre Hilfe\" \/>\n<meta property=\"og:url\" content=\"https:\/\/www.hilfe-fuer-guasmo.de\/es\/ihre-hilfe\/\" \/>\n<meta property=\"og:site_name\" content=\"Hilfe fuer Guasmo\" \/>\n<meta property=\"article:modified_time\" content=\"2022-12-26T17:28:59+00:00\" \/>\n<meta name=\"twitter:card\" content=\"summary\" \/>\n<meta name=\"twitter:label1\" content=\"Tiempo de lectura\" \/>\n\t<meta name=\"twitter:data1\" content=\"2 minutos\" \/>\n<script type=\"application\/ld+json\" class=\"yoast-schema-graph\">{\"@context\":\"https:\/\/schema.org\",\"@graph\":[{\"@type\":\"WebSite\",\"@id\":\"https:\/\/www.hilfe-fuer-guasmo.de\/#website\",\"url\":\"https:\/\/www.hilfe-fuer-guasmo.de\/\",\"name\":\"Hilfe fuer Guasmo\",\"description\":\"apoyar a ni\u00f1os en Ecuador\",\"potentialAction\":[{\"@type\":\"SearchAction\",\"target\":{\"@type\":\"EntryPoint\",\"urlTemplate\":\"https:\/\/www.hilfe-fuer-guasmo.de\/?s={search_term_string}\"},\"query-input\":\"required name=search_term_string\"}],\"inLanguage\":\"es\"},{\"@type\":\"WebPage\",\"@id\":\"https:\/\/www.hilfe-fuer-guasmo.de\/es\/ihre-hilfe\/#webpage\",\"url\":\"https:\/\/www.hilfe-fuer-guasmo.de\/es\/ihre-hilfe\/\",\"name\":\"Ihre Hilfe - Hilfe fuer Guasmo\",\"isPartOf\":{\"@id\":\"https:\/\/www.hilfe-fuer-guasmo.de\/#website\"},\"datePublished\":\"2015-05-07T19:58:55+00:00\",\"dateModified\":\"2022-12-26T17:28:59+00:00\",\"description\":\"Mit ein paar Euro geben Sie einem Kind die Chance seines Lebens! Ihre Hilfe ist uns willkommen.\",\"breadcrumb\":{\"@id\":\"https:\/\/www.hilfe-fuer-guasmo.de\/es\/ihre-hilfe\/#breadcrumb\"},\"inLanguage\":\"es\",\"potentialAction\":[{\"@type\":\"ReadAction\",\"target\":[\"https:\/\/www.hilfe-fuer-guasmo.de\/es\/ihre-hilfe\/\"]}]},{\"@type\":\"BreadcrumbList\",\"@id\":\"https:\/\/www.hilfe-fuer-guasmo.de\/es\/ihre-hilfe\/#breadcrumb\",\"itemListElement\":[{\"@type\":\"ListItem\",\"position\":1,\"name\":\"Home\",\"item\":\"https:\/\/www.hilfe-fuer-guasmo.de\/\"},{\"@type\":\"ListItem\",\"position\":2,\"name\":\"Ihre Hilfe\"}]}]}<\/script>\n<!-- \/ Yoast SEO plugin. -->","yoast_head_json":{"robots":{"index":"index","follow":"follow","max-snippet":"max-snippet:-1","max-image-preview":"max-image-preview:large","max-video-preview":"max-video-preview:-1"},"canonical":"https:\/\/www.hilfe-fuer-guasmo.de\/es\/ihre-hilfe\/","og_locale":"es_ES","og_type":"article","og_title":"Hilfe f\u00fcr Guasmo - Ihre Hilfe","og_url":"https:\/\/www.hilfe-fuer-guasmo.de\/es\/ihre-hilfe\/","og_site_name":"Hilfe fuer Guasmo","article_modified_time":"2022-12-26T17:28:59+00:00","twitter_card":"summary","twitter_misc":{"Tiempo de lectura":"2 minutos"},"schema":{"@context":"https:\/\/schema.org","@graph":[{"@type":"WebSite","@id":"https:\/\/www.hilfe-fuer-guasmo.de\/#website","url":"https:\/\/www.hilfe-fuer-guasmo.de\/","name":"Hilfe fuer Guasmo","description":"apoyar a ni\u00f1os en Ecuador","potentialAction":[{"@type":"SearchAction","target":{"@type":"EntryPoint","urlTemplate":"https:\/\/www.hilfe-fuer-guasmo.de\/?s={search_term_string}"},"query-input":"required name=search_term_string"}],"inLanguage":"es"},{"@type":"WebPage","@id":"https:\/\/www.hilfe-fuer-guasmo.de\/es\/ihre-hilfe\/#webpage","url":"https:\/\/www.hilfe-fuer-guasmo.de\/es\/ihre-hilfe\/","name":"Ihre Hilfe - Hilfe fuer Guasmo","isPartOf":{"@id":"https:\/\/www.hilfe-fuer-guasmo.de\/#website"},"datePublished":"2015-05-07T19:58:55+00:00","dateModified":"2022-12-26T17:28:59+00:00","description":"Mit ein paar Euro geben Sie einem Kind die Chance seines Lebens! Ihre Hilfe ist uns willkommen.","breadcrumb":{"@id":"https:\/\/www.hilfe-fuer-guasmo.de\/es\/ihre-hilfe\/#breadcrumb"},"inLanguage":"es","potentialAction":[{"@type":"ReadAction","target":["https:\/\/www.hilfe-fuer-guasmo.de\/es\/ihre-hilfe\/"]}]},{"@type":"BreadcrumbList","@id":"https:\/\/www.hilfe-fuer-guasmo.de\/es\/ihre-hilfe\/#breadcrumb","itemListElement":[{"@type":"ListItem","position":1,"name":"Home","item":"https:\/\/www.hilfe-fuer-guasmo.de\/"},{"@type":"ListItem","position":2,"name":"Ihre Hilfe"}]}]}},"_links":{"self":[{"href":"https:\/\/www.hilfe-fuer-guasmo.de\/es\/wp-json\/wp\/v2\/pages\/85"}],"collection":[{"href":"https:\/\/www.hilfe-fuer-guasmo.de\/es\/wp-json\/wp\/v2\/pages"}],"about":[{"href":"https:\/\/www.hilfe-fuer-guasmo.de\/es\/wp-json\/wp\/v2\/types\/page"}],"author":[{"embeddable":true,"href":"https:\/\/www.hilfe-fuer-guasmo.de\/es\/wp-json\/wp\/v2\/users\/1"}],"replies":[{"embeddable":true,"href":"https:\/\/www.hilfe-fuer-guasmo.de\/es\/wp-json\/wp\/v2\/comments?post=85"}],"version-history":[{"count":17,"href":"https:\/\/www.hilfe-fuer-guasmo.de\/es\/wp-json\/wp\/v2\/pages\/85\/revisions"}],"predecessor-version":[{"id":2443,"href":"https:\/\/www.hilfe-fuer-guasmo.de\/es\/wp-json\/wp\/v2\/pages\/85\/revisions\/2443"}],"wp:attachment":[{"href":"https:\/\/www.hilfe-fuer-guasmo.de\/es\/wp-json\/wp\/v2\/media?parent=85"}],"curies":[{"name":"wp","href":"https:\/\/api.w.org\/{rel}","templated":true}]}}