{"id":83,"date":"2015-05-07T19:58:06","date_gmt":"2015-05-07T19:58:06","guid":{"rendered":"http:\/\/www.hilfe-fuer-guasmo.de\/?page_id=83"},"modified":"2022-11-22T09:27:59","modified_gmt":"2022-11-22T09:27:59","slug":"salasaca","status":"publish","type":"page","link":"https:\/\/www.hilfe-fuer-guasmo.de\/es\/unsere-projekte\/salasaca\/","title":{"rendered":"\u2714 Salasaca"},"content":{"rendered":"<h6><em>Das Projekt wurde Ende 2018 beendet, da die kleine Schule geschlossen wurde.<\/em><\/h6>\n<h3>Salasaca ist ein kleiner Ort in den Anden nicht weit von Ambato.<\/h3>\n<p style=\"text-align: justify;\">Die Menschen dort leben von Kunsthandwerk, vornehmlich Webarbeit, und einer kargen Landwirtschaft. In der kleinen Grundschule werden rund 60 Kinder unterrichtet. Hier hat \u201eHilfe f\u00fcr Guasmo\u201c sich f\u00fcr Renovierungsarbeiten im Schulgeb\u00e4ude und die Erneuerung der sanit\u00e4ren Einrichtungen eingesetzt.<\/p>\n<p><a href=\"http:\/\/www.hilfe-fuer-guasmo.de\/wp-content\/uploads\/2015\/06\/Salasaca_B2.jpg\"><img loading=\"lazy\" class=\"alignleft wp-image-282 size-full\" src=\"http:\/\/www.hilfe-fuer-guasmo.de\/wp-content\/uploads\/2015\/06\/Salasaca_B2.jpg\" alt=\"Schulkinder in Salasaca\" width=\"375\" height=\"250\" \/><\/a><\/p>\n<p><a href=\"http:\/\/www.hilfe-fuer-guasmo.de\/wp-content\/uploads\/2015\/06\/Salasaca_B1.jpg\"><img loading=\"lazy\" class=\"alignright wp-image-280 size-full\" src=\"http:\/\/www.hilfe-fuer-guasmo.de\/wp-content\/uploads\/2015\/06\/Salasaca_B1.jpg\" alt=\"Schulkinder in Salasaca\" width=\"375\" height=\"250\" \/><\/a><\/p>\n<h3>Wer hat die sch\u00f6nste Tracht?<\/h3>\n<p>In der kleinen Dorfschule von Salasaca werden den Kindern neben dem normalen Unterrichtsstoff auch\u00a0die traditionellen handwerklichen Fertigkeiten vermittelt. Sie lernen alles, vom Schafescheren \u00fcbers Spinnen der Wolle bis zur Herstellung ihrer Trachten. Die Bewohner arbeiten nicht nur f\u00fcr den Eigenbedarf, ihre Produkte werden auch auf den regionalen M\u00e4rkten angeboten.<\/p>\n<p>In Salasaca k\u00fcmmert sich der Lehrer Manuel mit vollem Einsatz um die Schulkinder. Vom Staat bekommt er kein Gehalt, obwohl der Unterrichtsstoff f\u00fcr seine F\u00e4cher verbindlich vorgeschrieben ist. Deshalb erh\u00e4lt er Unterst\u00fctzung von \u00abHilfe f\u00fcr Guasmo\u00bb.<\/p>\n<p><a href=\"http:\/\/www.hilfe-fuer-guasmo.de\/wp-content\/uploads\/2015\/08\/Salasaca_B6.jpg\"><img loading=\"lazy\" class=\"alignnone wp-image-432 size-full\" src=\"http:\/\/www.hilfe-fuer-guasmo.de\/wp-content\/uploads\/2015\/08\/Salasaca_B6.jpg\" alt=\"Wettbewerb in Salasaca\" width=\"333\" height=\"250\" \/><\/a><a href=\"http:\/\/www.hilfe-fuer-guasmo.de\/wp-content\/uploads\/2015\/08\/Salasaca_B5.jpg\"><img loading=\"lazy\" class=\" size-full wp-image-431 alignright\" src=\"http:\/\/www.hilfe-fuer-guasmo.de\/wp-content\/uploads\/2015\/08\/Salasaca_B5.jpg\" alt=\"Wettbewerb in Salasaca\" width=\"333\" height=\"250\" \/><\/a><\/p>\n<figure id=\"attachment_551\" aria-describedby=\"caption-attachment-551\" style=\"width: 640px\" class=\"wp-caption alignnone\"><a href=\"http:\/\/www.hilfe-fuer-guasmo.de\/wp-content\/uploads\/2015\/05\/07_DSC07829.jpg\"><img loading=\"lazy\" class=\"size-full wp-image-551\" src=\"http:\/\/www.hilfe-fuer-guasmo.de\/wp-content\/uploads\/2015\/05\/07_DSC07829.jpg\" alt=\"Die Kinder pr\u00e4sentieren in einer Ausstellung die Werk- und Handarbeiten, die sie \u00fcbers Jahr angefertigt haben.\u00a0\" width=\"640\" height=\"480\" \/><\/a><figcaption id=\"caption-attachment-551\" class=\"wp-caption-text\">Die Kinder pr\u00e4sentieren in einer Ausstellung die Werk- und Handarbeiten, die sie \u00fcbers Jahr angefertigt haben.<\/figcaption><\/figure>\n<figure id=\"attachment_552\" aria-describedby=\"caption-attachment-552\" style=\"width: 640px\" class=\"wp-caption alignnone\"><a href=\"http:\/\/www.hilfe-fuer-guasmo.de\/wp-content\/uploads\/2015\/05\/Salasaca-04_014.jpg\"><img loading=\"lazy\" class=\"size-full wp-image-552\" src=\"http:\/\/www.hilfe-fuer-guasmo.de\/wp-content\/uploads\/2015\/05\/Salasaca-04_014.jpg\" alt=\"Die Schulkinder von Salasaca nehmen begeistert an einem Festumzug der Dorfgemeinschaft teil.\" width=\"640\" height=\"480\" \/><\/a><figcaption id=\"caption-attachment-552\" class=\"wp-caption-text\">Die Schulkinder von Salasaca nehmen begeistert an einem Festumzug der Dorfgemeinschaft teil.<\/figcaption><\/figure>\n<figure id=\"attachment_553\" aria-describedby=\"caption-attachment-553\" style=\"width: 640px\" class=\"wp-caption alignnone\"><a href=\"http:\/\/www.hilfe-fuer-guasmo.de\/wp-content\/uploads\/2015\/05\/02_DSC07764.jpg\"><img loading=\"lazy\" class=\"size-full wp-image-553\" src=\"http:\/\/www.hilfe-fuer-guasmo.de\/wp-content\/uploads\/2015\/05\/02_DSC07764.jpg\" alt=\"Die Freude der Kinder an Sport und rhythmischer Gymnastik ist sp\u00fcrbar.\" width=\"640\" height=\"480\" \/><\/a><figcaption id=\"caption-attachment-553\" class=\"wp-caption-text\">Die Freude der Kinder an Sport und rhythmischer Gymnastik ist sp\u00fcrbar.<\/figcaption><\/figure>\n","protected":false},"excerpt":{"rendered":"<p>Das Projekt wurde Ende 2018 beendet, da die kleine Schule geschlossen wurde. Salasaca ist ein kleiner Ort in den Anden nicht weit von Ambato. Die Menschen dort leben von Kunsthandwerk, vornehmlich Webarbeit, und einer kargen Landwirtschaft. In der kleinen Grundschule werden rund 60 Kinder unterrichtet. Hier hat \u201eHilfe f\u00fcr Guasmo\u201c sich f\u00fcr Renovierungsarbeiten im Schulgeb\u00e4ude &hellip; <a href=\"https:\/\/www.hilfe-fuer-guasmo.de\/es\/unsere-projekte\/salasaca\/\" class=\"more-link\">Seguir leyendo <span class=\"screen-reader-text\">\u2714 Salasaca<\/span> <span class=\"meta-nav\">&rarr;<\/span><\/a><\/p>\n","protected":false},"author":1,"featured_media":0,"parent":63,"menu_order":24,"comment_status":"closed","ping_status":"closed","template":"","meta":[],"translation":{"provider":"WPGlobus","version":"3.0.0","language":"es","enabled_languages":["de","es"],"languages":{"de":{"title":true,"content":true,"excerpt":false},"es":{"title":false,"content":false,"excerpt":false}}},"yoast_head":"<!-- This site is optimized with the Yoast SEO plugin v18.1 - https:\/\/yoast.com\/wordpress\/plugins\/seo\/ -->\n<meta name=\"robots\" content=\"index, follow, max-snippet:-1, max-image-preview:large, max-video-preview:-1\" \/>\n<link rel=\"canonical\" href=\"https:\/\/www.hilfe-fuer-guasmo.de\/unsere-projekte\/salasaca\/\" \/>\n<meta property=\"og:locale\" content=\"es_ES\" \/>\n<meta property=\"og:type\" content=\"article\" \/>\n<meta property=\"og:title\" content=\"\u2714 Salasaca - Hilfe fuer Guasmo\" \/>\n<meta property=\"og:url\" content=\"https:\/\/www.hilfe-fuer-guasmo.de\/unsere-projekte\/salasaca\/\" \/>\n<meta property=\"og:site_name\" content=\"Hilfe fuer Guasmo\" \/>\n<meta property=\"article:modified_time\" content=\"2022-11-22T09:27:59+00:00\" \/>\n<meta property=\"og:image\" content=\"http:\/\/www.hilfe-fuer-guasmo.de\/wp-content\/uploads\/2015\/06\/Salasaca_B2.jpg\" \/>\n<meta name=\"twitter:card\" content=\"summary\" \/>\n<meta name=\"twitter:label1\" content=\"Tiempo de lectura\" \/>\n\t<meta name=\"twitter:data1\" content=\"3 minutos\" \/>\n<script type=\"application\/ld+json\" class=\"yoast-schema-graph\">{\"@context\":\"https:\/\/schema.org\",\"@graph\":[{\"@type\":\"WebSite\",\"@id\":\"https:\/\/www.hilfe-fuer-guasmo.de\/#website\",\"url\":\"https:\/\/www.hilfe-fuer-guasmo.de\/\",\"name\":\"Hilfe fuer Guasmo\",\"description\":\"apoyar a ni\u00f1os en Ecuador\",\"potentialAction\":[{\"@type\":\"SearchAction\",\"target\":{\"@type\":\"EntryPoint\",\"urlTemplate\":\"https:\/\/www.hilfe-fuer-guasmo.de\/?s={search_term_string}\"},\"query-input\":\"required name=search_term_string\"}],\"inLanguage\":\"es\"},{\"@type\":\"ImageObject\",\"@id\":\"https:\/\/www.hilfe-fuer-guasmo.de\/unsere-projekte\/salasaca\/#primaryimage\",\"inLanguage\":\"es\",\"url\":\"http:\/\/www.hilfe-fuer-guasmo.de\/wp-content\/uploads\/2015\/06\/Salasaca_B2.jpg\",\"contentUrl\":\"http:\/\/www.hilfe-fuer-guasmo.de\/wp-content\/uploads\/2015\/06\/Salasaca_B2.jpg\"},{\"@type\":\"WebPage\",\"@id\":\"https:\/\/www.hilfe-fuer-guasmo.de\/unsere-projekte\/salasaca\/#webpage\",\"url\":\"https:\/\/www.hilfe-fuer-guasmo.de\/unsere-projekte\/salasaca\/\",\"name\":\"\u2714 Salasaca - Hilfe fuer Guasmo\",\"isPartOf\":{\"@id\":\"https:\/\/www.hilfe-fuer-guasmo.de\/#website\"},\"primaryImageOfPage\":{\"@id\":\"https:\/\/www.hilfe-fuer-guasmo.de\/unsere-projekte\/salasaca\/#primaryimage\"},\"datePublished\":\"2015-05-07T19:58:06+00:00\",\"dateModified\":\"2022-11-22T09:27:59+00:00\",\"breadcrumb\":{\"@id\":\"https:\/\/www.hilfe-fuer-guasmo.de\/unsere-projekte\/salasaca\/#breadcrumb\"},\"inLanguage\":\"es\",\"potentialAction\":[{\"@type\":\"ReadAction\",\"target\":[\"https:\/\/www.hilfe-fuer-guasmo.de\/unsere-projekte\/salasaca\/\"]}]},{\"@type\":\"BreadcrumbList\",\"@id\":\"https:\/\/www.hilfe-fuer-guasmo.de\/unsere-projekte\/salasaca\/#breadcrumb\",\"itemListElement\":[{\"@type\":\"ListItem\",\"position\":1,\"name\":\"Home\",\"item\":\"https:\/\/www.hilfe-fuer-guasmo.de\/\"},{\"@type\":\"ListItem\",\"position\":2,\"name\":\"Unsere Projekte\",\"item\":\"https:\/\/www.hilfe-fuer-guasmo.de\/unsere-projekte\/\"},{\"@type\":\"ListItem\",\"position\":3,\"name\":\"\u2714 Salasaca\"}]}]}<\/script>\n<!-- \/ Yoast SEO plugin. -->","yoast_head_json":{"robots":{"index":"index","follow":"follow","max-snippet":"max-snippet:-1","max-image-preview":"max-image-preview:large","max-video-preview":"max-video-preview:-1"},"canonical":"https:\/\/www.hilfe-fuer-guasmo.de\/unsere-projekte\/salasaca\/","og_locale":"es_ES","og_type":"article","og_title":"\u2714 Salasaca - Hilfe fuer Guasmo","og_url":"https:\/\/www.hilfe-fuer-guasmo.de\/unsere-projekte\/salasaca\/","og_site_name":"Hilfe fuer Guasmo","article_modified_time":"2022-11-22T09:27:59+00:00","og_image":[{"url":"http:\/\/www.hilfe-fuer-guasmo.de\/wp-content\/uploads\/2015\/06\/Salasaca_B2.jpg"}],"twitter_card":"summary","twitter_misc":{"Tiempo de lectura":"3 minutos"},"schema":{"@context":"https:\/\/schema.org","@graph":[{"@type":"WebSite","@id":"https:\/\/www.hilfe-fuer-guasmo.de\/#website","url":"https:\/\/www.hilfe-fuer-guasmo.de\/","name":"Hilfe fuer Guasmo","description":"apoyar a ni\u00f1os en Ecuador","potentialAction":[{"@type":"SearchAction","target":{"@type":"EntryPoint","urlTemplate":"https:\/\/www.hilfe-fuer-guasmo.de\/?s={search_term_string}"},"query-input":"required name=search_term_string"}],"inLanguage":"es"},{"@type":"ImageObject","@id":"https:\/\/www.hilfe-fuer-guasmo.de\/unsere-projekte\/salasaca\/#primaryimage","inLanguage":"es","url":"http:\/\/www.hilfe-fuer-guasmo.de\/wp-content\/uploads\/2015\/06\/Salasaca_B2.jpg","contentUrl":"http:\/\/www.hilfe-fuer-guasmo.de\/wp-content\/uploads\/2015\/06\/Salasaca_B2.jpg"},{"@type":"WebPage","@id":"https:\/\/www.hilfe-fuer-guasmo.de\/unsere-projekte\/salasaca\/#webpage","url":"https:\/\/www.hilfe-fuer-guasmo.de\/unsere-projekte\/salasaca\/","name":"\u2714 Salasaca - Hilfe fuer Guasmo","isPartOf":{"@id":"https:\/\/www.hilfe-fuer-guasmo.de\/#website"},"primaryImageOfPage":{"@id":"https:\/\/www.hilfe-fuer-guasmo.de\/unsere-projekte\/salasaca\/#primaryimage"},"datePublished":"2015-05-07T19:58:06+00:00","dateModified":"2022-11-22T09:27:59+00:00","breadcrumb":{"@id":"https:\/\/www.hilfe-fuer-guasmo.de\/unsere-projekte\/salasaca\/#breadcrumb"},"inLanguage":"es","potentialAction":[{"@type":"ReadAction","target":["https:\/\/www.hilfe-fuer-guasmo.de\/unsere-projekte\/salasaca\/"]}]},{"@type":"BreadcrumbList","@id":"https:\/\/www.hilfe-fuer-guasmo.de\/unsere-projekte\/salasaca\/#breadcrumb","itemListElement":[{"@type":"ListItem","position":1,"name":"Home","item":"https:\/\/www.hilfe-fuer-guasmo.de\/"},{"@type":"ListItem","position":2,"name":"Unsere Projekte","item":"https:\/\/www.hilfe-fuer-guasmo.de\/unsere-projekte\/"},{"@type":"ListItem","position":3,"name":"\u2714 Salasaca"}]}]}},"_links":{"self":[{"href":"https:\/\/www.hilfe-fuer-guasmo.de\/es\/wp-json\/wp\/v2\/pages\/83"}],"collection":[{"href":"https:\/\/www.hilfe-fuer-guasmo.de\/es\/wp-json\/wp\/v2\/pages"}],"about":[{"href":"https:\/\/www.hilfe-fuer-guasmo.de\/es\/wp-json\/wp\/v2\/types\/page"}],"author":[{"embeddable":true,"href":"https:\/\/www.hilfe-fuer-guasmo.de\/es\/wp-json\/wp\/v2\/users\/1"}],"replies":[{"embeddable":true,"href":"https:\/\/www.hilfe-fuer-guasmo.de\/es\/wp-json\/wp\/v2\/comments?post=83"}],"version-history":[{"count":33,"href":"https:\/\/www.hilfe-fuer-guasmo.de\/es\/wp-json\/wp\/v2\/pages\/83\/revisions"}],"predecessor-version":[{"id":2371,"href":"https:\/\/www.hilfe-fuer-guasmo.de\/es\/wp-json\/wp\/v2\/pages\/83\/revisions\/2371"}],"up":[{"embeddable":true,"href":"https:\/\/www.hilfe-fuer-guasmo.de\/es\/wp-json\/wp\/v2\/pages\/63"}],"wp:attachment":[{"href":"https:\/\/www.hilfe-fuer-guasmo.de\/es\/wp-json\/wp\/v2\/media?parent=83"}],"curies":[{"name":"wp","href":"https:\/\/api.w.org\/{rel}","templated":true}]}}