{"id":79,"date":"2015-05-07T19:57:03","date_gmt":"2015-05-07T19:57:03","guid":{"rendered":"http:\/\/www.hilfe-fuer-guasmo.de\/?page_id=79"},"modified":"2024-01-08T17:03:10","modified_gmt":"2024-01-08T17:03:10","slug":"la-aurora","status":"publish","type":"page","link":"https:\/\/www.hilfe-fuer-guasmo.de\/es\/unsere-projekte\/la-aurora\/","title":{"rendered":"La Aurora"},"content":{"rendered":"\n<p style=\"font-size:32px\"><strong>Unser Projekt im Norden von Guayaquil.<\/strong><\/p>\n\n\n\n<p>La Aurora hat sich in den vergangenen 10 Jahren stark ver\u00e4ndert und ist vom Dorf zu einem Teil von Guayaquil mit aktuell deutlich \u00fcber 100.000 Einwohner gewachsen.<\/p>\n\n\n\n<p>Unsere Hilfe passt sich dieser Entwicklung an: der Schwerpunkt unserer Arbeit in Guayaquil \u2013 und nicht zuletzt auch unser B\u00fcro \u2013 liegen in La Aurora. Dieser Stadtteil w\u00e4chst weiter rasant und die ersten Behausungen weichen einer modernen Bebauung. Daf\u00fcr entstehen neue auf Brachland, so dass der Bedarf an Unterst\u00fctzung sich weiter in die neuen Au\u00dfenbezirke verlagert.<\/p>\n\n\n\n<figure class=\"wp-block-gallery columns-3 is-cropped\"><ul class=\"blocks-gallery-grid\"><li class=\"blocks-gallery-item\"><figure><img loading=\"lazy\" width=\"1195\" height=\"800\" src=\"http:\/\/www.hilfe-fuer-guasmo.de\/wp-content\/uploads\/2022\/12\/LA-2014-Strasse-1195x800.jpg\" alt=\"\" data-id=\"2432\" data-full-url=\"http:\/\/www.hilfe-fuer-guasmo.de\/wp-content\/uploads\/2022\/12\/LA-2014-Strasse-scaled.jpg\" data-link=\"http:\/\/www.hilfe-fuer-guasmo.de\/la-2014-strasse\/\" class=\"wp-image-2432\" srcset=\"https:\/\/www.hilfe-fuer-guasmo.de\/wp-content\/uploads\/2022\/12\/LA-2014-Strasse-1195x800.jpg 1195w, https:\/\/www.hilfe-fuer-guasmo.de\/wp-content\/uploads\/2022\/12\/LA-2014-Strasse-750x502.jpg 750w, https:\/\/www.hilfe-fuer-guasmo.de\/wp-content\/uploads\/2022\/12\/LA-2014-Strasse-768x514.jpg 768w, https:\/\/www.hilfe-fuer-guasmo.de\/wp-content\/uploads\/2022\/12\/LA-2014-Strasse-1536x1028.jpg 1536w, https:\/\/www.hilfe-fuer-guasmo.de\/wp-content\/uploads\/2022\/12\/LA-2014-Strasse-2048x1371.jpg 2048w\" sizes=\"(max-width: 1195px) 100vw, 1195px\" \/><\/figure><\/li><li class=\"blocks-gallery-item\"><figure><img loading=\"lazy\" width=\"1195\" height=\"800\" src=\"http:\/\/www.hilfe-fuer-guasmo.de\/wp-content\/uploads\/2022\/12\/LA-2014-Haus-1195x800.jpg\" alt=\"\" data-id=\"2431\" data-full-url=\"http:\/\/www.hilfe-fuer-guasmo.de\/wp-content\/uploads\/2022\/12\/LA-2014-Haus-scaled.jpg\" data-link=\"http:\/\/www.hilfe-fuer-guasmo.de\/la-2014-haus\/\" class=\"wp-image-2431\" srcset=\"https:\/\/www.hilfe-fuer-guasmo.de\/wp-content\/uploads\/2022\/12\/LA-2014-Haus-1195x800.jpg 1195w, https:\/\/www.hilfe-fuer-guasmo.de\/wp-content\/uploads\/2022\/12\/LA-2014-Haus-750x502.jpg 750w, https:\/\/www.hilfe-fuer-guasmo.de\/wp-content\/uploads\/2022\/12\/LA-2014-Haus-768x514.jpg 768w, https:\/\/www.hilfe-fuer-guasmo.de\/wp-content\/uploads\/2022\/12\/LA-2014-Haus-1536x1028.jpg 1536w, https:\/\/www.hilfe-fuer-guasmo.de\/wp-content\/uploads\/2022\/12\/LA-2014-Haus-2048x1371.jpg 2048w\" sizes=\"(max-width: 1195px) 100vw, 1195px\" \/><\/figure><\/li><li class=\"blocks-gallery-item\"><figure><img loading=\"lazy\" width=\"1195\" height=\"800\" src=\"http:\/\/www.hilfe-fuer-guasmo.de\/wp-content\/uploads\/2022\/12\/LA-2014-Weg-1195x800.jpg\" alt=\"\" data-id=\"2433\" data-full-url=\"http:\/\/www.hilfe-fuer-guasmo.de\/wp-content\/uploads\/2022\/12\/LA-2014-Weg-scaled.jpg\" data-link=\"http:\/\/www.hilfe-fuer-guasmo.de\/la-2014-weg\/\" class=\"wp-image-2433\" srcset=\"https:\/\/www.hilfe-fuer-guasmo.de\/wp-content\/uploads\/2022\/12\/LA-2014-Weg-1195x800.jpg 1195w, https:\/\/www.hilfe-fuer-guasmo.de\/wp-content\/uploads\/2022\/12\/LA-2014-Weg-750x502.jpg 750w, https:\/\/www.hilfe-fuer-guasmo.de\/wp-content\/uploads\/2022\/12\/LA-2014-Weg-768x514.jpg 768w, https:\/\/www.hilfe-fuer-guasmo.de\/wp-content\/uploads\/2022\/12\/LA-2014-Weg-1536x1028.jpg 1536w, https:\/\/www.hilfe-fuer-guasmo.de\/wp-content\/uploads\/2022\/12\/LA-2014-Weg-2048x1371.jpg 2048w\" sizes=\"(max-width: 1195px) 100vw, 1195px\" \/><\/figure><\/li><\/ul><\/figure>\n\n\n\n<p>In diesem Einzugsbereich befinden sich die Schule ProHoy, an der wir wir eine Reihe von Sch\u00fclern in unserem Programm haben.<\/p>\n\n\n\n<figure class=\"wp-block-gallery columns-2 is-cropped\"><ul class=\"blocks-gallery-grid\"><li class=\"blocks-gallery-item\"><figure><img loading=\"lazy\" width=\"1422\" height=\"800\" src=\"http:\/\/www.hilfe-fuer-guasmo.de\/wp-content\/uploads\/2022\/12\/2022-Pro-Hoy_Klasse-1422x800.jpg\" alt=\"\" data-id=\"2429\" data-full-url=\"http:\/\/www.hilfe-fuer-guasmo.de\/wp-content\/uploads\/2022\/12\/2022-Pro-Hoy_Klasse-scaled.jpg\" data-link=\"http:\/\/www.hilfe-fuer-guasmo.de\/2022-pro-hoy_klasse\/\" class=\"wp-image-2429\" srcset=\"https:\/\/www.hilfe-fuer-guasmo.de\/wp-content\/uploads\/2022\/12\/2022-Pro-Hoy_Klasse-1422x800.jpg 1422w, https:\/\/www.hilfe-fuer-guasmo.de\/wp-content\/uploads\/2022\/12\/2022-Pro-Hoy_Klasse-750x422.jpg 750w, https:\/\/www.hilfe-fuer-guasmo.de\/wp-content\/uploads\/2022\/12\/2022-Pro-Hoy_Klasse-768x432.jpg 768w, https:\/\/www.hilfe-fuer-guasmo.de\/wp-content\/uploads\/2022\/12\/2022-Pro-Hoy_Klasse-1536x864.jpg 1536w, https:\/\/www.hilfe-fuer-guasmo.de\/wp-content\/uploads\/2022\/12\/2022-Pro-Hoy_Klasse-2048x1152.jpg 2048w\" sizes=\"(max-width: 1422px) 100vw, 1422px\" \/><figcaption class=\"blocks-gallery-item__caption\">Im Unterricht<\/figcaption><\/figure><\/li><li class=\"blocks-gallery-item\"><figure><img loading=\"lazy\" width=\"1422\" height=\"800\" src=\"http:\/\/www.hilfe-fuer-guasmo.de\/wp-content\/uploads\/2022\/12\/2022-Pro-Hoy_Essen-1422x800.jpg\" alt=\"\" data-id=\"2428\" data-full-url=\"http:\/\/www.hilfe-fuer-guasmo.de\/wp-content\/uploads\/2022\/12\/2022-Pro-Hoy_Essen-scaled.jpg\" data-link=\"http:\/\/www.hilfe-fuer-guasmo.de\/2022-pro-hoy_essen\/\" class=\"wp-image-2428\" srcset=\"https:\/\/www.hilfe-fuer-guasmo.de\/wp-content\/uploads\/2022\/12\/2022-Pro-Hoy_Essen-1422x800.jpg 1422w, https:\/\/www.hilfe-fuer-guasmo.de\/wp-content\/uploads\/2022\/12\/2022-Pro-Hoy_Essen-750x422.jpg 750w, https:\/\/www.hilfe-fuer-guasmo.de\/wp-content\/uploads\/2022\/12\/2022-Pro-Hoy_Essen-768x432.jpg 768w, https:\/\/www.hilfe-fuer-guasmo.de\/wp-content\/uploads\/2022\/12\/2022-Pro-Hoy_Essen-1536x864.jpg 1536w, https:\/\/www.hilfe-fuer-guasmo.de\/wp-content\/uploads\/2022\/12\/2022-Pro-Hoy_Essen-2048x1152.jpg 2048w\" sizes=\"(max-width: 1422px) 100vw, 1422px\" \/><figcaption class=\"blocks-gallery-item__caption\">Ern\u00e4hrungskunde<\/figcaption><\/figure><\/li><li class=\"blocks-gallery-item\"><figure><img loading=\"lazy\" width=\"1422\" height=\"800\" src=\"http:\/\/www.hilfe-fuer-guasmo.de\/wp-content\/uploads\/2022\/12\/2022-Pro-Hoy_Schulhof-1422x800.jpg\" alt=\"\" data-id=\"2430\" data-full-url=\"http:\/\/www.hilfe-fuer-guasmo.de\/wp-content\/uploads\/2022\/12\/2022-Pro-Hoy_Schulhof-scaled.jpg\" data-link=\"http:\/\/www.hilfe-fuer-guasmo.de\/2022-pro-hoy_schulhof\/\" class=\"wp-image-2430\" srcset=\"https:\/\/www.hilfe-fuer-guasmo.de\/wp-content\/uploads\/2022\/12\/2022-Pro-Hoy_Schulhof-1422x800.jpg 1422w, https:\/\/www.hilfe-fuer-guasmo.de\/wp-content\/uploads\/2022\/12\/2022-Pro-Hoy_Schulhof-750x422.jpg 750w, https:\/\/www.hilfe-fuer-guasmo.de\/wp-content\/uploads\/2022\/12\/2022-Pro-Hoy_Schulhof-768x432.jpg 768w, https:\/\/www.hilfe-fuer-guasmo.de\/wp-content\/uploads\/2022\/12\/2022-Pro-Hoy_Schulhof-1536x864.jpg 1536w, https:\/\/www.hilfe-fuer-guasmo.de\/wp-content\/uploads\/2022\/12\/2022-Pro-Hoy_Schulhof-2048x1152.jpg 2048w\" sizes=\"(max-width: 1422px) 100vw, 1422px\" \/><figcaption class=\"blocks-gallery-item__caption\">Der Schulhof<\/figcaption><\/figure><\/li><\/ul><\/figure>\n\n\n\n<p><\/p>\n\n\n\n<p><\/p>\n\n\n\n<div class=\"wp-block-group\"><div class=\"wp-block-group__inner-container\">\n<div class=\"wp-block-columns\">\n<div class=\"wp-block-column\" style=\"flex-basis:100%\">\n<div class=\"wp-block-group\"><div class=\"wp-block-group__inner-container\">\n<pre style=\"text-align: left;\">Zu Beginn unseres Engagements stellte sich die Situation wie folgt dar:<\/pre>\n<p style=\"text-align: justify;\">Im Norden, an der Ausfallstra\u00dfe der Millionenstadt Guayaquil, liegt das kleine Dorf La Aurora. Die arme Bev\u00f6lkerung w\u00e4chst auch hier durch die stetig anhaltende Landflucht. Mit Gelegenheitsjobs halten sich die Familien \u00fcber Wasser. Vor allem sind es auch hier die Frauen, die die Familien zusammenhalten und um das Lebensnotwendige k\u00e4mpfen.<br \/>Seit M\u00e4rz 2011 unterst\u00fctzen wir ein kleines Pfarreizentrum.<\/p>\n<p><a href=\"http:\/\/www.hilfe-fuer-guasmo.de\/wp-content\/uploads\/2015\/06\/LaAurora_B1.jpg\"><img loading=\"lazy\" class=\" size-full wp-image-272 alignleft\" src=\"http:\/\/www.hilfe-fuer-guasmo.de\/wp-content\/uploads\/2015\/06\/LaAurora_B1.jpg\" alt=\"LaAurora_B1\" width=\"500\" height=\"250\" \/><\/a>Unsere erste Aktion dort war der Ausbau der <b>Kinderkrippe<\/b> und des <b>Kindergartens<\/b>. Diese dringend notwendige Einrichtung war an ihre Grenzen gekommen.<\/p>\n<p><strong>Unsere Hilfe:<\/strong><\/p>\n<p style=\"text-align: justify;\">Die R\u00e4ume wurden erweitert, K\u00fcche und sanit\u00e4re Anlagen renoviert, notwendiges Mobiliar und die Matratzen f\u00fcr den Mittagsschlaf angeschafft. Besch\u00e4ftigungsmaterial und Spiele standen auf der Liste. Der Hof wurde \u00fcberdacht, um gegen die Tropensonne und den Regen zu sch\u00fctzen. Gesundheitsvor- und f\u00fcrsorge sowie die altergem\u00e4\u00dfe vorschulische F\u00f6rderung der Kinder sind jetzt gew\u00e4hrleistet.\u00a0Unser einheimisches Team vor Ort unterst\u00fctzt und begleitet die Erzieherinnen, die teilweise von \u201eHilfe f\u00fcr Guasmo\u201c bezahlt werden.<\/p>\n<p style=\"text-align: justify;\"><a href=\"http:\/\/www.hilfe-fuer-guasmo.de\/wp-content\/uploads\/2015\/05\/La-Aurora2.jpg\"><img loading=\"lazy\" class=\" size-full wp-image-214 alignleft\" src=\"http:\/\/www.hilfe-fuer-guasmo.de\/wp-content\/uploads\/2015\/05\/La-Aurora2.jpg\" alt=\"La Aurora2\" width=\"264\" height=\"200\" srcset=\"https:\/\/www.hilfe-fuer-guasmo.de\/wp-content\/uploads\/2015\/05\/La-Aurora2.jpg 264w, https:\/\/www.hilfe-fuer-guasmo.de\/wp-content\/uploads\/2015\/05\/La-Aurora2-250x189.jpg 250w\" sizes=\"(max-width: 264px) 100vw, 264px\" \/><\/a><a href=\"http:\/\/www.hilfe-fuer-guasmo.de\/wp-content\/uploads\/2015\/05\/La-Aurora3.jpg\"><img loading=\"lazy\" class=\" size-full wp-image-215 alignnone\" src=\"http:\/\/www.hilfe-fuer-guasmo.de\/wp-content\/uploads\/2015\/05\/La-Aurora3.jpg\" alt=\"La Aurora3\" width=\"266\" height=\"200\" srcset=\"https:\/\/www.hilfe-fuer-guasmo.de\/wp-content\/uploads\/2015\/05\/La-Aurora3.jpg 266w, https:\/\/www.hilfe-fuer-guasmo.de\/wp-content\/uploads\/2015\/05\/La-Aurora3-250x188.jpg 250w\" sizes=\"(max-width: 266px) 100vw, 266px\" \/><\/a><\/p>\n<p>Hier sind die Kinder jetzt vor Sonne und Regen gesch\u00fctzt.<br \/>Wir finanzieren au\u00dferdem den Schulbesuch gr\u00f6\u00dferer Kinder in staatlichen Schulen.<\/p>\n<h2>Ausbildungszentrum La Aurora<\/h2>\n<p>Daneben entstand das <strong>Ausbildungszentrum La Aurora<\/strong>.\u00a0 Die bew\u00e4hrte Konzeption unserer Hilfe werden wir auch hier umsetzen: Ohne Sozialarbeit keine Bildungsarbeit. Vor allem die Frauen k\u00f6nnen sich hier in verschiedenen Kursen Kenntnisse erwerben, die hilfreich sind bei der Suche nach einem Arbeitsplatz.<\/p>\n<figure id=\"attachment_514\" aria-describedby=\"caption-attachment-514\" style=\"width: 604px\" class=\"wp-caption alignnone\"><a href=\"http:\/\/www.hilfe-fuer-guasmo.de\/wp-content\/uploads\/2015\/05\/Frauen-im-Kurs.jpg\"><img loading=\"lazy\" class=\"size-large wp-image-514\" src=\"http:\/\/www.hilfe-fuer-guasmo.de\/wp-content\/uploads\/2015\/05\/Frauen-im-Kurs-1200x800.jpg\" alt=\"Erste-Hilfe-Kurs f\u00fcr Frauen in La Aurora\" width=\"604\" height=\"403\" srcset=\"https:\/\/www.hilfe-fuer-guasmo.de\/wp-content\/uploads\/2015\/05\/Frauen-im-Kurs-1200x800.jpg 1200w, https:\/\/www.hilfe-fuer-guasmo.de\/wp-content\/uploads\/2015\/05\/Frauen-im-Kurs-750x500.jpg 750w, https:\/\/www.hilfe-fuer-guasmo.de\/wp-content\/uploads\/2015\/05\/Frauen-im-Kurs.jpg 2048w\" sizes=\"(max-width: 604px) 100vw, 604px\" \/><\/a><figcaption id=\"caption-attachment-514\" class=\"wp-caption-text\">Erste-Hilfe-Kurs f\u00fcr Frauen in La Aurora<\/figcaption><\/figure>\n<h2>Unsere Mitarbeiterinnen in Guayaquil-La Aurora<\/h2>\n<p>\u00a0<\/p>\n\n\n\n<div class=\"wp-block-columns\">\n<div class=\"wp-block-column\">\n<div class=\"wp-block-columns alignwide\">\n<div class=\"wp-block-column\" style=\"flex-basis:100%\">\n<figure class=\"wp-block-image size-large\"><img loading=\"lazy\" width=\"164\" height=\"241\" src=\"https:\/\/www.hilfe-fuer-guasmo.de\/wp-content\/uploads\/2024\/01\/Jovhanka-Maldonada-.jpg\" alt=\"\" class=\"wp-image-2653\"\/><\/figure>\n<\/div>\n<\/div>\n<\/div>\n\n\n\n<div class=\"wp-block-column\">\n<p>Jovhanka Maldonado, die uns bereits lange Jahre im Bereich Buchhaltung vor Ort unterst\u00fctzt hat, konnten wir als neue Pr\u00e4sidentin unseres ecuadorianischen Ablegers AAA gewinnen. Sie hat auch die Organisation und Verwendung unserer fianziellen Zuwendungen \u00fcbernommen \u00a0Sie ist verheiratet und hat 2 heranwachsende bzw. erwachsene S\u00f6hne.<\/p>\n<\/div>\n<\/div>\n\n\n\n<div class=\"wp-block-columns\">\n<div class=\"wp-block-column\" style=\"flex-basis:100%\"><\/div>\n<\/div>\n<\/div><\/div>\n\n\n\n<div class=\"wp-block-columns\">\n<div class=\"wp-block-column\">\n<figure class=\"wp-block-image size-large\"><img loading=\"lazy\" width=\"159\" height=\"258\" src=\"https:\/\/www.hilfe-fuer-guasmo.de\/wp-content\/uploads\/2024\/01\/Isabel-Bustamente.jpg\" alt=\"\" class=\"wp-image-2654\"\/><\/figure>\n<\/div>\n\n\n\n<div class=\"wp-block-column\">\n<p>Die Kontakte zu den Stipendiaten zu halten und zu pflegen ist ein wichtiger Teil unserer Arbeit. Isabel Bustamente hat diese Aufgabe als Sozialarbeiterin inne. Sie \u00a0ist verheiratet, hat zwei T\u00f6chter im Schulalter und arbeitet in 50% Teilzeit f\u00fcr uns. Sie steckt voller Ideen, die sie in Zusammenarbeit mit Jovhanka verwirklichen m\u00f6chte.<\/p>\n<\/div>\n<\/div>\n<\/div>\n<\/div>\n<\/div><\/div>\n\n\n\n<p><\/p>\n","protected":false},"excerpt":{"rendered":"<p>Unser Projekt im Norden von Guayaquil. La Aurora hat sich in den vergangenen 10 Jahren stark ver\u00e4ndert und ist vom Dorf zu einem Teil von Guayaquil mit aktuell deutlich \u00fcber 100.000 Einwohner gewachsen. Unsere Hilfe passt sich dieser Entwicklung an: der Schwerpunkt unserer Arbeit in Guayaquil \u2013 und nicht zuletzt auch unser B\u00fcro \u2013 liegen &hellip; <a href=\"https:\/\/www.hilfe-fuer-guasmo.de\/es\/unsere-projekte\/la-aurora\/\" class=\"more-link\">Seguir leyendo <span class=\"screen-reader-text\">La Aurora<\/span> <span class=\"meta-nav\">&rarr;<\/span><\/a><\/p>\n","protected":false},"author":1,"featured_media":0,"parent":63,"menu_order":22,"comment_status":"closed","ping_status":"closed","template":"","meta":[],"translation":{"provider":"WPGlobus","version":"3.0.0","language":"es","enabled_languages":["de","es"],"languages":{"de":{"title":true,"content":true,"excerpt":false},"es":{"title":false,"content":false,"excerpt":false}}},"yoast_head":"<!-- This site is optimized with the Yoast SEO plugin v18.1 - https:\/\/yoast.com\/wordpress\/plugins\/seo\/ -->\n<meta name=\"robots\" content=\"index, follow, max-snippet:-1, max-image-preview:large, max-video-preview:-1\" \/>\n<link rel=\"canonical\" href=\"https:\/\/www.hilfe-fuer-guasmo.de\/unsere-projekte\/la-aurora\/\" \/>\n<meta property=\"og:locale\" content=\"es_ES\" \/>\n<meta property=\"og:type\" content=\"article\" \/>\n<meta property=\"og:title\" content=\"La Aurora - Hilfe fuer Guasmo\" \/>\n<meta property=\"og:url\" content=\"https:\/\/www.hilfe-fuer-guasmo.de\/unsere-projekte\/la-aurora\/\" \/>\n<meta property=\"og:site_name\" content=\"Hilfe fuer Guasmo\" \/>\n<meta property=\"article:modified_time\" content=\"2024-01-08T17:03:10+00:00\" \/>\n<meta property=\"og:image\" content=\"http:\/\/www.hilfe-fuer-guasmo.de\/wp-content\/uploads\/2022\/12\/LA-2014-Strasse-1195x800.jpg\" \/>\n<meta name=\"twitter:card\" content=\"summary\" \/>\n<meta name=\"twitter:label1\" content=\"Tiempo de lectura\" \/>\n\t<meta name=\"twitter:data1\" content=\"5 minutos\" \/>\n<script type=\"application\/ld+json\" class=\"yoast-schema-graph\">{\"@context\":\"https:\/\/schema.org\",\"@graph\":[{\"@type\":\"WebSite\",\"@id\":\"https:\/\/www.hilfe-fuer-guasmo.de\/#website\",\"url\":\"https:\/\/www.hilfe-fuer-guasmo.de\/\",\"name\":\"Hilfe fuer Guasmo\",\"description\":\"apoyar a ni\u00f1os en Ecuador\",\"potentialAction\":[{\"@type\":\"SearchAction\",\"target\":{\"@type\":\"EntryPoint\",\"urlTemplate\":\"https:\/\/www.hilfe-fuer-guasmo.de\/?s={search_term_string}\"},\"query-input\":\"required name=search_term_string\"}],\"inLanguage\":\"es\"},{\"@type\":\"ImageObject\",\"@id\":\"https:\/\/www.hilfe-fuer-guasmo.de\/unsere-projekte\/la-aurora\/#primaryimage\",\"inLanguage\":\"es\",\"url\":\"http:\/\/www.hilfe-fuer-guasmo.de\/wp-content\/uploads\/2022\/12\/LA-2014-Strasse-1195x800.jpg\",\"contentUrl\":\"http:\/\/www.hilfe-fuer-guasmo.de\/wp-content\/uploads\/2022\/12\/LA-2014-Strasse-1195x800.jpg\"},{\"@type\":\"WebPage\",\"@id\":\"https:\/\/www.hilfe-fuer-guasmo.de\/unsere-projekte\/la-aurora\/#webpage\",\"url\":\"https:\/\/www.hilfe-fuer-guasmo.de\/unsere-projekte\/la-aurora\/\",\"name\":\"La Aurora - Hilfe fuer Guasmo\",\"isPartOf\":{\"@id\":\"https:\/\/www.hilfe-fuer-guasmo.de\/#website\"},\"primaryImageOfPage\":{\"@id\":\"https:\/\/www.hilfe-fuer-guasmo.de\/unsere-projekte\/la-aurora\/#primaryimage\"},\"datePublished\":\"2015-05-07T19:57:03+00:00\",\"dateModified\":\"2024-01-08T17:03:10+00:00\",\"breadcrumb\":{\"@id\":\"https:\/\/www.hilfe-fuer-guasmo.de\/unsere-projekte\/la-aurora\/#breadcrumb\"},\"inLanguage\":\"es\",\"potentialAction\":[{\"@type\":\"ReadAction\",\"target\":[\"https:\/\/www.hilfe-fuer-guasmo.de\/unsere-projekte\/la-aurora\/\"]}]},{\"@type\":\"BreadcrumbList\",\"@id\":\"https:\/\/www.hilfe-fuer-guasmo.de\/unsere-projekte\/la-aurora\/#breadcrumb\",\"itemListElement\":[{\"@type\":\"ListItem\",\"position\":1,\"name\":\"Home\",\"item\":\"https:\/\/www.hilfe-fuer-guasmo.de\/\"},{\"@type\":\"ListItem\",\"position\":2,\"name\":\"Unsere Projekte\",\"item\":\"https:\/\/www.hilfe-fuer-guasmo.de\/unsere-projekte\/\"},{\"@type\":\"ListItem\",\"position\":3,\"name\":\"La Aurora\"}]}]}<\/script>\n<!-- \/ Yoast SEO plugin. -->","yoast_head_json":{"robots":{"index":"index","follow":"follow","max-snippet":"max-snippet:-1","max-image-preview":"max-image-preview:large","max-video-preview":"max-video-preview:-1"},"canonical":"https:\/\/www.hilfe-fuer-guasmo.de\/unsere-projekte\/la-aurora\/","og_locale":"es_ES","og_type":"article","og_title":"La Aurora - Hilfe fuer Guasmo","og_url":"https:\/\/www.hilfe-fuer-guasmo.de\/unsere-projekte\/la-aurora\/","og_site_name":"Hilfe fuer Guasmo","article_modified_time":"2024-01-08T17:03:10+00:00","og_image":[{"url":"http:\/\/www.hilfe-fuer-guasmo.de\/wp-content\/uploads\/2022\/12\/LA-2014-Strasse-1195x800.jpg"}],"twitter_card":"summary","twitter_misc":{"Tiempo de lectura":"5 minutos"},"schema":{"@context":"https:\/\/schema.org","@graph":[{"@type":"WebSite","@id":"https:\/\/www.hilfe-fuer-guasmo.de\/#website","url":"https:\/\/www.hilfe-fuer-guasmo.de\/","name":"Hilfe fuer Guasmo","description":"apoyar a ni\u00f1os en Ecuador","potentialAction":[{"@type":"SearchAction","target":{"@type":"EntryPoint","urlTemplate":"https:\/\/www.hilfe-fuer-guasmo.de\/?s={search_term_string}"},"query-input":"required name=search_term_string"}],"inLanguage":"es"},{"@type":"ImageObject","@id":"https:\/\/www.hilfe-fuer-guasmo.de\/unsere-projekte\/la-aurora\/#primaryimage","inLanguage":"es","url":"http:\/\/www.hilfe-fuer-guasmo.de\/wp-content\/uploads\/2022\/12\/LA-2014-Strasse-1195x800.jpg","contentUrl":"http:\/\/www.hilfe-fuer-guasmo.de\/wp-content\/uploads\/2022\/12\/LA-2014-Strasse-1195x800.jpg"},{"@type":"WebPage","@id":"https:\/\/www.hilfe-fuer-guasmo.de\/unsere-projekte\/la-aurora\/#webpage","url":"https:\/\/www.hilfe-fuer-guasmo.de\/unsere-projekte\/la-aurora\/","name":"La Aurora - Hilfe fuer Guasmo","isPartOf":{"@id":"https:\/\/www.hilfe-fuer-guasmo.de\/#website"},"primaryImageOfPage":{"@id":"https:\/\/www.hilfe-fuer-guasmo.de\/unsere-projekte\/la-aurora\/#primaryimage"},"datePublished":"2015-05-07T19:57:03+00:00","dateModified":"2024-01-08T17:03:10+00:00","breadcrumb":{"@id":"https:\/\/www.hilfe-fuer-guasmo.de\/unsere-projekte\/la-aurora\/#breadcrumb"},"inLanguage":"es","potentialAction":[{"@type":"ReadAction","target":["https:\/\/www.hilfe-fuer-guasmo.de\/unsere-projekte\/la-aurora\/"]}]},{"@type":"BreadcrumbList","@id":"https:\/\/www.hilfe-fuer-guasmo.de\/unsere-projekte\/la-aurora\/#breadcrumb","itemListElement":[{"@type":"ListItem","position":1,"name":"Home","item":"https:\/\/www.hilfe-fuer-guasmo.de\/"},{"@type":"ListItem","position":2,"name":"Unsere Projekte","item":"https:\/\/www.hilfe-fuer-guasmo.de\/unsere-projekte\/"},{"@type":"ListItem","position":3,"name":"La Aurora"}]}]}},"_links":{"self":[{"href":"https:\/\/www.hilfe-fuer-guasmo.de\/es\/wp-json\/wp\/v2\/pages\/79"}],"collection":[{"href":"https:\/\/www.hilfe-fuer-guasmo.de\/es\/wp-json\/wp\/v2\/pages"}],"about":[{"href":"https:\/\/www.hilfe-fuer-guasmo.de\/es\/wp-json\/wp\/v2\/types\/page"}],"author":[{"embeddable":true,"href":"https:\/\/www.hilfe-fuer-guasmo.de\/es\/wp-json\/wp\/v2\/users\/1"}],"replies":[{"embeddable":true,"href":"https:\/\/www.hilfe-fuer-guasmo.de\/es\/wp-json\/wp\/v2\/comments?post=79"}],"version-history":[{"count":61,"href":"https:\/\/www.hilfe-fuer-guasmo.de\/es\/wp-json\/wp\/v2\/pages\/79\/revisions"}],"predecessor-version":[{"id":2658,"href":"https:\/\/www.hilfe-fuer-guasmo.de\/es\/wp-json\/wp\/v2\/pages\/79\/revisions\/2658"}],"up":[{"embeddable":true,"href":"https:\/\/www.hilfe-fuer-guasmo.de\/es\/wp-json\/wp\/v2\/pages\/63"}],"wp:attachment":[{"href":"https:\/\/www.hilfe-fuer-guasmo.de\/es\/wp-json\/wp\/v2\/media?parent=79"}],"curies":[{"name":"wp","href":"https:\/\/api.w.org\/{rel}","templated":true}]}}