{"id":77,"date":"2015-05-07T19:56:20","date_gmt":"2015-05-07T19:56:20","guid":{"rendered":"http:\/\/www.hilfe-fuer-guasmo.de\/?page_id=77"},"modified":"2021-04-26T14:06:21","modified_gmt":"2021-04-26T14:06:21","slug":"unsere-foerderer","status":"publish","type":"page","link":"https:\/\/www.hilfe-fuer-guasmo.de\/es\/ueber-uns\/unsere-foerderer\/","title":{"rendered":"Unsere F\u00f6rderer"},"content":{"rendered":"\n<h2>Allein k\u00f6nnen wir unsere Ziele nicht erreichen.<\/h2>\n\n\n\n<p>Wir sind abh\u00e4ngig von der Unterst\u00fctzung durch Menschen<br>die unsere Arbeit anerkennen und f\u00f6rdern.<br>Seit 1987 habe wir viel ideelle, materielle und finanzielle F\u00f6rderung bekommen.<\/p>\n\n\n\n<p>Unternehmen danken wir, nicht nur f\u00fcr technische\/organisatorische Hilfe<br>(\u00dcbernahme von Portokosten, Papier, Druck etc.),<br>sondern auch f\u00fcr gro\u00dfz\u00fcgige Geldspenden in all den Jahren bis heute.<\/p>\n\n\n\n<p>Und was t\u00e4ten wir ohne die vielen Privatpersonen, die uns nach ihren M\u00f6glichkeiten Spenden zukommen lassen?<br>Jeder EURO tut den Menschen in Ecuador gut.<\/p>\n\n\n\n<p>Bei so mancher Geburtstags- oder Jubil\u00e4umsfeier hier in Deutschland stand die Wunschliste der Jubilare im Zeichen von \u201eHilfe f\u00fcr Guasmo\u201c.<\/p>\n\n\n\n<p>Wir danken f\u00fcr jeden EURO und sind uns der Pflicht bewusst, sorgsam mit der guten Tat umzugehen.<\/p>\n\n\n\n<h2>Kein EURO, der bei uns ankommt, ist f\u00fcr die Menschen in Ecuador verloren.<\/h2>\n\n\n\n<div class=\"wp-block-image\"><figure class=\"alignleft\"><a href=\"http:\/\/www.hilfe-fuer-guasmo.de\/wp-content\/uploads\/2015\/05\/Bild3.jpg\"><img loading=\"lazy\" width=\"600\" height=\"600\" src=\"http:\/\/www.hilfe-fuer-guasmo.de\/wp-content\/uploads\/2015\/05\/Bild3-600x600.jpg\" alt=\"Bild3\" class=\"wp-image-199\" srcset=\"https:\/\/www.hilfe-fuer-guasmo.de\/wp-content\/uploads\/2015\/05\/Bild3-600x600.jpg 600w, https:\/\/www.hilfe-fuer-guasmo.de\/wp-content\/uploads\/2015\/05\/Bild3-150x150.jpg 150w, https:\/\/www.hilfe-fuer-guasmo.de\/wp-content\/uploads\/2015\/05\/Bild3-250x250.jpg 250w, https:\/\/www.hilfe-fuer-guasmo.de\/wp-content\/uploads\/2015\/05\/Bild3.jpg 750w\" sizes=\"(max-width: 600px) 100vw, 600px\" \/><\/a><\/figure><\/div>\n","protected":false},"excerpt":{"rendered":"<p>Allein k\u00f6nnen wir unsere Ziele nicht erreichen. Wir sind abh\u00e4ngig von der Unterst\u00fctzung durch Menschendie unsere Arbeit anerkennen und f\u00f6rdern.Seit 1987 habe wir viel ideelle, materielle und finanzielle F\u00f6rderung bekommen. Unternehmen danken wir, nicht nur f\u00fcr technische\/organisatorische Hilfe(\u00dcbernahme von Portokosten, Papier, Druck etc.),sondern auch f\u00fcr gro\u00dfz\u00fcgige Geldspenden in all den Jahren bis heute. Und was &hellip; <a href=\"https:\/\/www.hilfe-fuer-guasmo.de\/es\/ueber-uns\/unsere-foerderer\/\" class=\"more-link\">Seguir leyendo <span class=\"screen-reader-text\">Unsere F\u00f6rderer<\/span> <span class=\"meta-nav\">&rarr;<\/span><\/a><\/p>\n","protected":false},"author":1,"featured_media":0,"parent":108,"menu_order":14,"comment_status":"closed","ping_status":"closed","template":"","meta":[],"translation":{"provider":"WPGlobus","version":"3.0.0","language":"es","enabled_languages":["de","es"],"languages":{"de":{"title":true,"content":true,"excerpt":false},"es":{"title":false,"content":false,"excerpt":false}}},"yoast_head":"<!-- This site is optimized with the Yoast SEO plugin v18.1 - https:\/\/yoast.com\/wordpress\/plugins\/seo\/ -->\n<meta name=\"robots\" content=\"index, follow, max-snippet:-1, max-image-preview:large, max-video-preview:-1\" \/>\n<link rel=\"canonical\" href=\"https:\/\/www.hilfe-fuer-guasmo.de\/ueber-uns\/unsere-foerderer\/\" \/>\n<meta property=\"og:locale\" content=\"es_ES\" \/>\n<meta property=\"og:type\" content=\"article\" \/>\n<meta property=\"og:title\" content=\"Unsere F\u00f6rderer - Hilfe fuer Guasmo\" \/>\n<meta property=\"og:url\" content=\"https:\/\/www.hilfe-fuer-guasmo.de\/ueber-uns\/unsere-foerderer\/\" \/>\n<meta property=\"og:site_name\" content=\"Hilfe fuer Guasmo\" \/>\n<meta property=\"article:modified_time\" content=\"2021-04-26T14:06:21+00:00\" \/>\n<meta property=\"og:image\" content=\"http:\/\/www.hilfe-fuer-guasmo.de\/wp-content\/uploads\/2015\/05\/Bild3-600x600.jpg\" \/>\n<meta name=\"twitter:card\" content=\"summary\" \/>\n<meta name=\"twitter:label1\" content=\"Tiempo de lectura\" \/>\n\t<meta name=\"twitter:data1\" content=\"1 minuto\" \/>\n<script type=\"application\/ld+json\" class=\"yoast-schema-graph\">{\"@context\":\"https:\/\/schema.org\",\"@graph\":[{\"@type\":\"WebSite\",\"@id\":\"https:\/\/www.hilfe-fuer-guasmo.de\/#website\",\"url\":\"https:\/\/www.hilfe-fuer-guasmo.de\/\",\"name\":\"Hilfe fuer Guasmo\",\"description\":\"apoyar a ni\u00f1os en Ecuador\",\"potentialAction\":[{\"@type\":\"SearchAction\",\"target\":{\"@type\":\"EntryPoint\",\"urlTemplate\":\"https:\/\/www.hilfe-fuer-guasmo.de\/?s={search_term_string}\"},\"query-input\":\"required name=search_term_string\"}],\"inLanguage\":\"es\"},{\"@type\":\"ImageObject\",\"@id\":\"https:\/\/www.hilfe-fuer-guasmo.de\/ueber-uns\/unsere-foerderer\/#primaryimage\",\"inLanguage\":\"es\",\"url\":\"http:\/\/www.hilfe-fuer-guasmo.de\/wp-content\/uploads\/2015\/05\/Bild3-600x600.jpg\",\"contentUrl\":\"http:\/\/www.hilfe-fuer-guasmo.de\/wp-content\/uploads\/2015\/05\/Bild3-600x600.jpg\"},{\"@type\":\"WebPage\",\"@id\":\"https:\/\/www.hilfe-fuer-guasmo.de\/ueber-uns\/unsere-foerderer\/#webpage\",\"url\":\"https:\/\/www.hilfe-fuer-guasmo.de\/ueber-uns\/unsere-foerderer\/\",\"name\":\"Unsere F\u00f6rderer - Hilfe fuer Guasmo\",\"isPartOf\":{\"@id\":\"https:\/\/www.hilfe-fuer-guasmo.de\/#website\"},\"primaryImageOfPage\":{\"@id\":\"https:\/\/www.hilfe-fuer-guasmo.de\/ueber-uns\/unsere-foerderer\/#primaryimage\"},\"datePublished\":\"2015-05-07T19:56:20+00:00\",\"dateModified\":\"2021-04-26T14:06:21+00:00\",\"breadcrumb\":{\"@id\":\"https:\/\/www.hilfe-fuer-guasmo.de\/ueber-uns\/unsere-foerderer\/#breadcrumb\"},\"inLanguage\":\"es\",\"potentialAction\":[{\"@type\":\"ReadAction\",\"target\":[\"https:\/\/www.hilfe-fuer-guasmo.de\/ueber-uns\/unsere-foerderer\/\"]}]},{\"@type\":\"BreadcrumbList\",\"@id\":\"https:\/\/www.hilfe-fuer-guasmo.de\/ueber-uns\/unsere-foerderer\/#breadcrumb\",\"itemListElement\":[{\"@type\":\"ListItem\",\"position\":1,\"name\":\"Home\",\"item\":\"https:\/\/www.hilfe-fuer-guasmo.de\/\"},{\"@type\":\"ListItem\",\"position\":2,\"name\":\"\u00dcber uns\",\"item\":\"https:\/\/www.hilfe-fuer-guasmo.de\/ueber-uns\/\"},{\"@type\":\"ListItem\",\"position\":3,\"name\":\"Unsere F\u00f6rderer\"}]}]}<\/script>\n<!-- \/ Yoast SEO plugin. -->","yoast_head_json":{"robots":{"index":"index","follow":"follow","max-snippet":"max-snippet:-1","max-image-preview":"max-image-preview:large","max-video-preview":"max-video-preview:-1"},"canonical":"https:\/\/www.hilfe-fuer-guasmo.de\/ueber-uns\/unsere-foerderer\/","og_locale":"es_ES","og_type":"article","og_title":"Unsere F\u00f6rderer - Hilfe fuer Guasmo","og_url":"https:\/\/www.hilfe-fuer-guasmo.de\/ueber-uns\/unsere-foerderer\/","og_site_name":"Hilfe fuer Guasmo","article_modified_time":"2021-04-26T14:06:21+00:00","og_image":[{"url":"http:\/\/www.hilfe-fuer-guasmo.de\/wp-content\/uploads\/2015\/05\/Bild3-600x600.jpg"}],"twitter_card":"summary","twitter_misc":{"Tiempo de lectura":"1 minuto"},"schema":{"@context":"https:\/\/schema.org","@graph":[{"@type":"WebSite","@id":"https:\/\/www.hilfe-fuer-guasmo.de\/#website","url":"https:\/\/www.hilfe-fuer-guasmo.de\/","name":"Hilfe fuer Guasmo","description":"apoyar a ni\u00f1os en Ecuador","potentialAction":[{"@type":"SearchAction","target":{"@type":"EntryPoint","urlTemplate":"https:\/\/www.hilfe-fuer-guasmo.de\/?s={search_term_string}"},"query-input":"required name=search_term_string"}],"inLanguage":"es"},{"@type":"ImageObject","@id":"https:\/\/www.hilfe-fuer-guasmo.de\/ueber-uns\/unsere-foerderer\/#primaryimage","inLanguage":"es","url":"http:\/\/www.hilfe-fuer-guasmo.de\/wp-content\/uploads\/2015\/05\/Bild3-600x600.jpg","contentUrl":"http:\/\/www.hilfe-fuer-guasmo.de\/wp-content\/uploads\/2015\/05\/Bild3-600x600.jpg"},{"@type":"WebPage","@id":"https:\/\/www.hilfe-fuer-guasmo.de\/ueber-uns\/unsere-foerderer\/#webpage","url":"https:\/\/www.hilfe-fuer-guasmo.de\/ueber-uns\/unsere-foerderer\/","name":"Unsere F\u00f6rderer - Hilfe fuer Guasmo","isPartOf":{"@id":"https:\/\/www.hilfe-fuer-guasmo.de\/#website"},"primaryImageOfPage":{"@id":"https:\/\/www.hilfe-fuer-guasmo.de\/ueber-uns\/unsere-foerderer\/#primaryimage"},"datePublished":"2015-05-07T19:56:20+00:00","dateModified":"2021-04-26T14:06:21+00:00","breadcrumb":{"@id":"https:\/\/www.hilfe-fuer-guasmo.de\/ueber-uns\/unsere-foerderer\/#breadcrumb"},"inLanguage":"es","potentialAction":[{"@type":"ReadAction","target":["https:\/\/www.hilfe-fuer-guasmo.de\/ueber-uns\/unsere-foerderer\/"]}]},{"@type":"BreadcrumbList","@id":"https:\/\/www.hilfe-fuer-guasmo.de\/ueber-uns\/unsere-foerderer\/#breadcrumb","itemListElement":[{"@type":"ListItem","position":1,"name":"Home","item":"https:\/\/www.hilfe-fuer-guasmo.de\/"},{"@type":"ListItem","position":2,"name":"\u00dcber uns","item":"https:\/\/www.hilfe-fuer-guasmo.de\/ueber-uns\/"},{"@type":"ListItem","position":3,"name":"Unsere F\u00f6rderer"}]}]}},"_links":{"self":[{"href":"https:\/\/www.hilfe-fuer-guasmo.de\/es\/wp-json\/wp\/v2\/pages\/77"}],"collection":[{"href":"https:\/\/www.hilfe-fuer-guasmo.de\/es\/wp-json\/wp\/v2\/pages"}],"about":[{"href":"https:\/\/www.hilfe-fuer-guasmo.de\/es\/wp-json\/wp\/v2\/types\/page"}],"author":[{"embeddable":true,"href":"https:\/\/www.hilfe-fuer-guasmo.de\/es\/wp-json\/wp\/v2\/users\/1"}],"replies":[{"embeddable":true,"href":"https:\/\/www.hilfe-fuer-guasmo.de\/es\/wp-json\/wp\/v2\/comments?post=77"}],"version-history":[{"count":9,"href":"https:\/\/www.hilfe-fuer-guasmo.de\/es\/wp-json\/wp\/v2\/pages\/77\/revisions"}],"predecessor-version":[{"id":2075,"href":"https:\/\/www.hilfe-fuer-guasmo.de\/es\/wp-json\/wp\/v2\/pages\/77\/revisions\/2075"}],"up":[{"embeddable":true,"href":"https:\/\/www.hilfe-fuer-guasmo.de\/es\/wp-json\/wp\/v2\/pages\/108"}],"wp:attachment":[{"href":"https:\/\/www.hilfe-fuer-guasmo.de\/es\/wp-json\/wp\/v2\/media?parent=77"}],"curies":[{"name":"wp","href":"https:\/\/api.w.org\/{rel}","templated":true}]}}