{"id":767,"date":"2020-02-07T21:47:30","date_gmt":"2020-02-07T21:47:30","guid":{"rendered":"http:\/\/www.hilfe-fuer-guasmo.de\/?page_id=767"},"modified":"2024-11-03T15:51:09","modified_gmt":"2024-11-03T15:51:09","slug":"neues-aus-den-projekten","status":"publish","type":"page","link":"https:\/\/www.hilfe-fuer-guasmo.de\/es\/aktuelles\/neues-aus-den-projekten\/","title":{"rendered":"Novedades de Ecuador"},"content":{"rendered":"\n<p><strong>Situaci\u00f3n actual del Covid en Ecuador fin de septiembre 2021<\/strong><\/p>\n\n\n\n<p>La campa\u00f1a de vacunac\u00edon sigue avanzando r\u00e1pidamente, con un buen 56 % de la poblaci\u00f3n totalmente vacunada y un 63 % vacunada al menos una vez.<\/p>\n\n\n\n<p><strong>Situaci\u00f3n actual del Covid en Ecuador en septiembre 2021<\/strong><\/p>\n\n\n\n<p>La campa\u00f1a de vacunaci\u00f3n avanza, actualmente un buen 47 % de la poblaci\u00f3n se ha vacunado completamente y un 57 % al menos una vez. Recientemente, tambien se ha vacunado a los adolecentes mayores de 12 a\u00f1os. <br>Aunque la eficacia de Sinovac es inferior a las vacunas utilizadas en Alemania, la vacuna previene sin duda los cursos graves de la enfermedad ( datos de Manaos, Brasil en unos buenos 25000 casos ). <br>Esto ha hecho que nuestros colaboradores vuelven a planifica visitas a domicilio a los becados.<\/p>\n\n\n\n<p><strong>Situaci\u00f3n actual del Covid en Ecuador en junio 2021<\/strong><\/p>\n\n\n\n<p>Actualmente, se han vacunado unos 2,8 millones de dosis de Biontech, AstraZeneca y Sinovac (chino). Unos 14% de la poblaci\u00f3n ha recibido al menos una vacuna, y unos 7% se ha vacunado ya dos veces. <br>El gobierno tiene previsto vacunar a cerca del 60% de la poblaci\u00f3n para finales de octubre. <br>La vacuna se suministra en parte a trav\u00e9s de la iniciativa Covax. Sinovac tambi\u00e9n se produce en Chile, entre otros pa\u00edses.<br>El plan es utilizar tamb\u00eden Sputnik y otra vacuna chino. <br>La priorizaci\u00f3n es similar a la de Alemania: los ancianos (el 72% de los ecuatorianos mayores de 65 a\u00f1os est\u00e1n vacunados), los grupos vulnerables, los residentes en centros geri\u00e1tricos, los cuidadores, los bomberos, los polic\u00edas, los profesores, los basureros, etc. <br>Actualmente, los mayores de 50 a\u00f1os tambi\u00e9n tienen su turno, siempre que se les asigne una cita.<\/p>\n\n\n\n<p>Nuestros colaboradores nos informan de que se siguen ofreciendo clases virtuales y en la costa s\u00f3lo una parte de las escuelas se est\u00e1n convirtiendo en presenciales. La aceptaci\u00f3n de la ense\u00f1anza presencial all\u00e0 apenas alcanza el 75%, ya que muchos padres temen el contagio. En el Oriente, el objetivo es que todos los profesores est\u00e9n vacunados para el comienzo del nuevo a\u00f1o lectivo y as\u00ed pueden volver a dar clases presenciales.<\/p>\n","protected":false},"excerpt":{"rendered":"<p>Situaci\u00f3n actual del Covid en Ecuador fin de septiembre 2021 La campa\u00f1a de vacunac\u00edon sigue avanzando r\u00e1pidamente, con un buen 56 % de la poblaci\u00f3n totalmente vacunada y un 63 % vacunada al menos una vez. Situaci\u00f3n actual del Covid en Ecuador en septiembre 2021 La campa\u00f1a de vacunaci\u00f3n avanza, actualmente un buen 47 % &hellip; <a href=\"https:\/\/www.hilfe-fuer-guasmo.de\/es\/aktuelles\/neues-aus-den-projekten\/\" class=\"more-link\">Seguir leyendo <span class=\"screen-reader-text\">Novedades de Ecuador<\/span> <span class=\"meta-nav\">&rarr;<\/span><\/a><\/p>\n","protected":false},"author":4,"featured_media":0,"parent":87,"menu_order":42,"comment_status":"closed","ping_status":"closed","template":"","meta":[],"translation":{"provider":"WPGlobus","version":"3.0.0","language":"es","enabled_languages":["de","es"],"languages":{"de":{"title":true,"content":true,"excerpt":false},"es":{"title":true,"content":true,"excerpt":false}}},"yoast_head":"<!-- This site is optimized with the Yoast SEO plugin v18.1 - https:\/\/yoast.com\/wordpress\/plugins\/seo\/ -->\n<meta name=\"robots\" content=\"index, follow, max-snippet:-1, max-image-preview:large, max-video-preview:-1\" \/>\n<link rel=\"canonical\" href=\"https:\/\/www.hilfe-fuer-guasmo.de\/aktuelles\/neues-aus-den-projekten\/\" \/>\n<meta property=\"og:locale\" content=\"es_ES\" \/>\n<meta property=\"og:type\" content=\"article\" \/>\n<meta property=\"og:title\" content=\"Novedades de Ecuador - Hilfe fuer Guasmo\" \/>\n<meta property=\"og:url\" content=\"https:\/\/www.hilfe-fuer-guasmo.de\/aktuelles\/neues-aus-den-projekten\/\" \/>\n<meta property=\"og:site_name\" content=\"Hilfe fuer Guasmo\" \/>\n<meta property=\"article:modified_time\" content=\"2024-11-03T15:51:09+00:00\" \/>\n<meta name=\"twitter:card\" content=\"summary\" \/>\n<meta name=\"twitter:label1\" content=\"Tiempo de lectura\" \/>\n\t<meta name=\"twitter:data1\" content=\"1 minuto\" \/>\n<script type=\"application\/ld+json\" class=\"yoast-schema-graph\">{\"@context\":\"https:\/\/schema.org\",\"@graph\":[{\"@type\":\"WebSite\",\"@id\":\"https:\/\/www.hilfe-fuer-guasmo.de\/#website\",\"url\":\"https:\/\/www.hilfe-fuer-guasmo.de\/\",\"name\":\"Hilfe fuer Guasmo\",\"description\":\"apoyar a ni\u00f1os en Ecuador\",\"potentialAction\":[{\"@type\":\"SearchAction\",\"target\":{\"@type\":\"EntryPoint\",\"urlTemplate\":\"https:\/\/www.hilfe-fuer-guasmo.de\/?s={search_term_string}\"},\"query-input\":\"required name=search_term_string\"}],\"inLanguage\":\"es\"},{\"@type\":\"WebPage\",\"@id\":\"https:\/\/www.hilfe-fuer-guasmo.de\/aktuelles\/neues-aus-den-projekten\/#webpage\",\"url\":\"https:\/\/www.hilfe-fuer-guasmo.de\/aktuelles\/neues-aus-den-projekten\/\",\"name\":\"Novedades de Ecuador - Hilfe fuer Guasmo\",\"isPartOf\":{\"@id\":\"https:\/\/www.hilfe-fuer-guasmo.de\/#website\"},\"datePublished\":\"2020-02-07T21:47:30+00:00\",\"dateModified\":\"2024-11-03T15:51:09+00:00\",\"breadcrumb\":{\"@id\":\"https:\/\/www.hilfe-fuer-guasmo.de\/aktuelles\/neues-aus-den-projekten\/#breadcrumb\"},\"inLanguage\":\"es\",\"potentialAction\":[{\"@type\":\"ReadAction\",\"target\":[\"https:\/\/www.hilfe-fuer-guasmo.de\/aktuelles\/neues-aus-den-projekten\/\"]}]},{\"@type\":\"BreadcrumbList\",\"@id\":\"https:\/\/www.hilfe-fuer-guasmo.de\/aktuelles\/neues-aus-den-projekten\/#breadcrumb\",\"itemListElement\":[{\"@type\":\"ListItem\",\"position\":1,\"name\":\"Home\",\"item\":\"https:\/\/www.hilfe-fuer-guasmo.de\/\"},{\"@type\":\"ListItem\",\"position\":2,\"name\":\"Aktuelles\",\"item\":\"https:\/\/www.hilfe-fuer-guasmo.de\/aktuelles\/\"},{\"@type\":\"ListItem\",\"position\":3,\"name\":\"Neues aus Ecuador\"}]}]}<\/script>\n<!-- \/ Yoast SEO plugin. -->","yoast_head_json":{"robots":{"index":"index","follow":"follow","max-snippet":"max-snippet:-1","max-image-preview":"max-image-preview:large","max-video-preview":"max-video-preview:-1"},"canonical":"https:\/\/www.hilfe-fuer-guasmo.de\/aktuelles\/neues-aus-den-projekten\/","og_locale":"es_ES","og_type":"article","og_title":"Novedades de Ecuador - Hilfe fuer Guasmo","og_url":"https:\/\/www.hilfe-fuer-guasmo.de\/aktuelles\/neues-aus-den-projekten\/","og_site_name":"Hilfe fuer Guasmo","article_modified_time":"2024-11-03T15:51:09+00:00","twitter_card":"summary","twitter_misc":{"Tiempo de lectura":"1 minuto"},"schema":{"@context":"https:\/\/schema.org","@graph":[{"@type":"WebSite","@id":"https:\/\/www.hilfe-fuer-guasmo.de\/#website","url":"https:\/\/www.hilfe-fuer-guasmo.de\/","name":"Hilfe fuer Guasmo","description":"apoyar a ni\u00f1os en Ecuador","potentialAction":[{"@type":"SearchAction","target":{"@type":"EntryPoint","urlTemplate":"https:\/\/www.hilfe-fuer-guasmo.de\/?s={search_term_string}"},"query-input":"required name=search_term_string"}],"inLanguage":"es"},{"@type":"WebPage","@id":"https:\/\/www.hilfe-fuer-guasmo.de\/aktuelles\/neues-aus-den-projekten\/#webpage","url":"https:\/\/www.hilfe-fuer-guasmo.de\/aktuelles\/neues-aus-den-projekten\/","name":"Novedades de Ecuador - Hilfe fuer Guasmo","isPartOf":{"@id":"https:\/\/www.hilfe-fuer-guasmo.de\/#website"},"datePublished":"2020-02-07T21:47:30+00:00","dateModified":"2024-11-03T15:51:09+00:00","breadcrumb":{"@id":"https:\/\/www.hilfe-fuer-guasmo.de\/aktuelles\/neues-aus-den-projekten\/#breadcrumb"},"inLanguage":"es","potentialAction":[{"@type":"ReadAction","target":["https:\/\/www.hilfe-fuer-guasmo.de\/aktuelles\/neues-aus-den-projekten\/"]}]},{"@type":"BreadcrumbList","@id":"https:\/\/www.hilfe-fuer-guasmo.de\/aktuelles\/neues-aus-den-projekten\/#breadcrumb","itemListElement":[{"@type":"ListItem","position":1,"name":"Home","item":"https:\/\/www.hilfe-fuer-guasmo.de\/"},{"@type":"ListItem","position":2,"name":"Aktuelles","item":"https:\/\/www.hilfe-fuer-guasmo.de\/aktuelles\/"},{"@type":"ListItem","position":3,"name":"Neues aus Ecuador"}]}]}},"_links":{"self":[{"href":"https:\/\/www.hilfe-fuer-guasmo.de\/es\/wp-json\/wp\/v2\/pages\/767"}],"collection":[{"href":"https:\/\/www.hilfe-fuer-guasmo.de\/es\/wp-json\/wp\/v2\/pages"}],"about":[{"href":"https:\/\/www.hilfe-fuer-guasmo.de\/es\/wp-json\/wp\/v2\/types\/page"}],"author":[{"embeddable":true,"href":"https:\/\/www.hilfe-fuer-guasmo.de\/es\/wp-json\/wp\/v2\/users\/4"}],"replies":[{"embeddable":true,"href":"https:\/\/www.hilfe-fuer-guasmo.de\/es\/wp-json\/wp\/v2\/comments?post=767"}],"version-history":[{"count":101,"href":"https:\/\/www.hilfe-fuer-guasmo.de\/es\/wp-json\/wp\/v2\/pages\/767\/revisions"}],"predecessor-version":[{"id":2814,"href":"https:\/\/www.hilfe-fuer-guasmo.de\/es\/wp-json\/wp\/v2\/pages\/767\/revisions\/2814"}],"up":[{"embeddable":true,"href":"https:\/\/www.hilfe-fuer-guasmo.de\/es\/wp-json\/wp\/v2\/pages\/87"}],"wp:attachment":[{"href":"https:\/\/www.hilfe-fuer-guasmo.de\/es\/wp-json\/wp\/v2\/media?parent=767"}],"curies":[{"name":"wp","href":"https:\/\/api.w.org\/{rel}","templated":true}]}}