{"id":75,"date":"2015-05-07T19:55:51","date_gmt":"2015-05-07T19:55:51","guid":{"rendered":"http:\/\/www.hilfe-fuer-guasmo.de\/?page_id=75"},"modified":"2021-04-26T14:04:48","modified_gmt":"2021-04-26T14:04:48","slug":"unsere-ziele","status":"publish","type":"page","link":"https:\/\/www.hilfe-fuer-guasmo.de\/es\/ueber-uns\/unsere-ziele\/","title":{"rendered":"Unsere Ziele"},"content":{"rendered":"\n<p>Wir <strong>verhelfen Kindern<\/strong> zum Schulbesuch \u2013 viele wollen das, k\u00f6nnen es aber auf Grund ihrer Lebensumst\u00e4nde nicht. Wir unterst\u00fctzen sie, damit sie bessere Chancen auf ein menschenw\u00fcrdiges Leben haben.<\/p>\n\n\n\n<div class=\"wp-block-image\"><figure class=\"aligncenter\"><a href=\"http:\/\/www.hilfe-fuer-guasmo.de\/wp-content\/uploads\/2015\/05\/Bild1.jpg\"><img loading=\"lazy\" width=\"750\" height=\"375\" src=\"http:\/\/www.hilfe-fuer-guasmo.de\/wp-content\/uploads\/2015\/05\/Bild1.jpg\" alt=\"Wir helfen Kindern\" class=\"wp-image-193\" srcset=\"https:\/\/www.hilfe-fuer-guasmo.de\/wp-content\/uploads\/2015\/05\/Bild1.jpg 750w, https:\/\/www.hilfe-fuer-guasmo.de\/wp-content\/uploads\/2015\/05\/Bild1-300x150.jpg 300w, https:\/\/www.hilfe-fuer-guasmo.de\/wp-content\/uploads\/2015\/05\/Bild1-250x125.jpg 250w\" sizes=\"(max-width: 750px) 100vw, 750px\" \/><\/a><\/figure><\/div>\n\n\n\n<p>Wir<strong> helfen Erwachsenen<\/strong>, \u00fcber fachliche Kurse ihre Chancen auf einen Arbeitsplatz zu verbessern. Damit werden sie unabh\u00e4ngiger und k\u00f6nnen selbstbestimmter leben.<\/p>\n\n\n\n<div class=\"wp-block-image\"><figure class=\"aligncenter\"><a href=\"http:\/\/www.hilfe-fuer-guasmo.de\/wp-content\/uploads\/2015\/05\/Bild2.jpg\"><img loading=\"lazy\" width=\"750\" height=\"500\" src=\"http:\/\/www.hilfe-fuer-guasmo.de\/wp-content\/uploads\/2015\/05\/Bild2.jpg\" alt=\"Wir helfen Erwachsenen\" class=\"wp-image-194\" srcset=\"https:\/\/www.hilfe-fuer-guasmo.de\/wp-content\/uploads\/2015\/05\/Bild2.jpg 750w, https:\/\/www.hilfe-fuer-guasmo.de\/wp-content\/uploads\/2015\/05\/Bild2-300x200.jpg 300w, https:\/\/www.hilfe-fuer-guasmo.de\/wp-content\/uploads\/2015\/05\/Bild2-250x167.jpg 250w\" sizes=\"(max-width: 750px) 100vw, 750px\" \/><\/a><\/figure><\/div>\n\n\n\n<p>Wir <strong>helfen Familien<\/strong>, damit sie gemeinsam den Weg aus der Armut finden.<\/p>\n","protected":false},"excerpt":{"rendered":"<p>Wir verhelfen Kindern zum Schulbesuch \u2013 viele wollen das, k\u00f6nnen es aber auf Grund ihrer Lebensumst\u00e4nde nicht. Wir unterst\u00fctzen sie, damit sie bessere Chancen auf ein menschenw\u00fcrdiges Leben haben. Wir helfen Erwachsenen, \u00fcber fachliche Kurse ihre Chancen auf einen Arbeitsplatz zu verbessern. Damit werden sie unabh\u00e4ngiger und k\u00f6nnen selbstbestimmter leben. Wir helfen Familien, damit sie &hellip; <a href=\"https:\/\/www.hilfe-fuer-guasmo.de\/es\/ueber-uns\/unsere-ziele\/\" class=\"more-link\">Seguir leyendo <span class=\"screen-reader-text\">Unsere Ziele<\/span> <span class=\"meta-nav\">&rarr;<\/span><\/a><\/p>\n","protected":false},"author":1,"featured_media":0,"parent":108,"menu_order":13,"comment_status":"closed","ping_status":"closed","template":"","meta":[],"translation":{"provider":"WPGlobus","version":"3.0.0","language":"es","enabled_languages":["de","es"],"languages":{"de":{"title":true,"content":true,"excerpt":false},"es":{"title":false,"content":false,"excerpt":false}}},"yoast_head":"<!-- This site is optimized with the Yoast SEO plugin v18.1 - https:\/\/yoast.com\/wordpress\/plugins\/seo\/ -->\n<meta name=\"robots\" content=\"index, follow, max-snippet:-1, max-image-preview:large, max-video-preview:-1\" \/>\n<link rel=\"canonical\" href=\"https:\/\/www.hilfe-fuer-guasmo.de\/ueber-uns\/unsere-ziele\/\" \/>\n<meta property=\"og:locale\" content=\"es_ES\" \/>\n<meta property=\"og:type\" content=\"article\" \/>\n<meta property=\"og:title\" content=\"Unsere Ziele - Hilfe fuer Guasmo\" \/>\n<meta property=\"og:url\" content=\"https:\/\/www.hilfe-fuer-guasmo.de\/ueber-uns\/unsere-ziele\/\" \/>\n<meta property=\"og:site_name\" content=\"Hilfe fuer Guasmo\" \/>\n<meta property=\"article:modified_time\" content=\"2021-04-26T14:04:48+00:00\" \/>\n<meta property=\"og:image\" content=\"http:\/\/www.hilfe-fuer-guasmo.de\/wp-content\/uploads\/2015\/05\/Bild1.jpg\" \/>\n<meta name=\"twitter:card\" content=\"summary\" \/>\n<script type=\"application\/ld+json\" class=\"yoast-schema-graph\">{\"@context\":\"https:\/\/schema.org\",\"@graph\":[{\"@type\":\"WebSite\",\"@id\":\"https:\/\/www.hilfe-fuer-guasmo.de\/#website\",\"url\":\"https:\/\/www.hilfe-fuer-guasmo.de\/\",\"name\":\"Hilfe fuer Guasmo\",\"description\":\"apoyar a ni\u00f1os en Ecuador\",\"potentialAction\":[{\"@type\":\"SearchAction\",\"target\":{\"@type\":\"EntryPoint\",\"urlTemplate\":\"https:\/\/www.hilfe-fuer-guasmo.de\/?s={search_term_string}\"},\"query-input\":\"required name=search_term_string\"}],\"inLanguage\":\"es\"},{\"@type\":\"ImageObject\",\"@id\":\"https:\/\/www.hilfe-fuer-guasmo.de\/ueber-uns\/unsere-ziele\/#primaryimage\",\"inLanguage\":\"es\",\"url\":\"http:\/\/www.hilfe-fuer-guasmo.de\/wp-content\/uploads\/2015\/05\/Bild1.jpg\",\"contentUrl\":\"http:\/\/www.hilfe-fuer-guasmo.de\/wp-content\/uploads\/2015\/05\/Bild1.jpg\"},{\"@type\":\"WebPage\",\"@id\":\"https:\/\/www.hilfe-fuer-guasmo.de\/ueber-uns\/unsere-ziele\/#webpage\",\"url\":\"https:\/\/www.hilfe-fuer-guasmo.de\/ueber-uns\/unsere-ziele\/\",\"name\":\"Unsere Ziele - Hilfe fuer Guasmo\",\"isPartOf\":{\"@id\":\"https:\/\/www.hilfe-fuer-guasmo.de\/#website\"},\"primaryImageOfPage\":{\"@id\":\"https:\/\/www.hilfe-fuer-guasmo.de\/ueber-uns\/unsere-ziele\/#primaryimage\"},\"datePublished\":\"2015-05-07T19:55:51+00:00\",\"dateModified\":\"2021-04-26T14:04:48+00:00\",\"breadcrumb\":{\"@id\":\"https:\/\/www.hilfe-fuer-guasmo.de\/ueber-uns\/unsere-ziele\/#breadcrumb\"},\"inLanguage\":\"es\",\"potentialAction\":[{\"@type\":\"ReadAction\",\"target\":[\"https:\/\/www.hilfe-fuer-guasmo.de\/ueber-uns\/unsere-ziele\/\"]}]},{\"@type\":\"BreadcrumbList\",\"@id\":\"https:\/\/www.hilfe-fuer-guasmo.de\/ueber-uns\/unsere-ziele\/#breadcrumb\",\"itemListElement\":[{\"@type\":\"ListItem\",\"position\":1,\"name\":\"Home\",\"item\":\"https:\/\/www.hilfe-fuer-guasmo.de\/\"},{\"@type\":\"ListItem\",\"position\":2,\"name\":\"\u00dcber uns\",\"item\":\"https:\/\/www.hilfe-fuer-guasmo.de\/ueber-uns\/\"},{\"@type\":\"ListItem\",\"position\":3,\"name\":\"Unsere Ziele\"}]}]}<\/script>\n<!-- \/ Yoast SEO plugin. -->","yoast_head_json":{"robots":{"index":"index","follow":"follow","max-snippet":"max-snippet:-1","max-image-preview":"max-image-preview:large","max-video-preview":"max-video-preview:-1"},"canonical":"https:\/\/www.hilfe-fuer-guasmo.de\/ueber-uns\/unsere-ziele\/","og_locale":"es_ES","og_type":"article","og_title":"Unsere Ziele - Hilfe fuer Guasmo","og_url":"https:\/\/www.hilfe-fuer-guasmo.de\/ueber-uns\/unsere-ziele\/","og_site_name":"Hilfe fuer Guasmo","article_modified_time":"2021-04-26T14:04:48+00:00","og_image":[{"url":"http:\/\/www.hilfe-fuer-guasmo.de\/wp-content\/uploads\/2015\/05\/Bild1.jpg"}],"twitter_card":"summary","schema":{"@context":"https:\/\/schema.org","@graph":[{"@type":"WebSite","@id":"https:\/\/www.hilfe-fuer-guasmo.de\/#website","url":"https:\/\/www.hilfe-fuer-guasmo.de\/","name":"Hilfe fuer Guasmo","description":"apoyar a ni\u00f1os en Ecuador","potentialAction":[{"@type":"SearchAction","target":{"@type":"EntryPoint","urlTemplate":"https:\/\/www.hilfe-fuer-guasmo.de\/?s={search_term_string}"},"query-input":"required name=search_term_string"}],"inLanguage":"es"},{"@type":"ImageObject","@id":"https:\/\/www.hilfe-fuer-guasmo.de\/ueber-uns\/unsere-ziele\/#primaryimage","inLanguage":"es","url":"http:\/\/www.hilfe-fuer-guasmo.de\/wp-content\/uploads\/2015\/05\/Bild1.jpg","contentUrl":"http:\/\/www.hilfe-fuer-guasmo.de\/wp-content\/uploads\/2015\/05\/Bild1.jpg"},{"@type":"WebPage","@id":"https:\/\/www.hilfe-fuer-guasmo.de\/ueber-uns\/unsere-ziele\/#webpage","url":"https:\/\/www.hilfe-fuer-guasmo.de\/ueber-uns\/unsere-ziele\/","name":"Unsere Ziele - Hilfe fuer Guasmo","isPartOf":{"@id":"https:\/\/www.hilfe-fuer-guasmo.de\/#website"},"primaryImageOfPage":{"@id":"https:\/\/www.hilfe-fuer-guasmo.de\/ueber-uns\/unsere-ziele\/#primaryimage"},"datePublished":"2015-05-07T19:55:51+00:00","dateModified":"2021-04-26T14:04:48+00:00","breadcrumb":{"@id":"https:\/\/www.hilfe-fuer-guasmo.de\/ueber-uns\/unsere-ziele\/#breadcrumb"},"inLanguage":"es","potentialAction":[{"@type":"ReadAction","target":["https:\/\/www.hilfe-fuer-guasmo.de\/ueber-uns\/unsere-ziele\/"]}]},{"@type":"BreadcrumbList","@id":"https:\/\/www.hilfe-fuer-guasmo.de\/ueber-uns\/unsere-ziele\/#breadcrumb","itemListElement":[{"@type":"ListItem","position":1,"name":"Home","item":"https:\/\/www.hilfe-fuer-guasmo.de\/"},{"@type":"ListItem","position":2,"name":"\u00dcber uns","item":"https:\/\/www.hilfe-fuer-guasmo.de\/ueber-uns\/"},{"@type":"ListItem","position":3,"name":"Unsere Ziele"}]}]}},"_links":{"self":[{"href":"https:\/\/www.hilfe-fuer-guasmo.de\/es\/wp-json\/wp\/v2\/pages\/75"}],"collection":[{"href":"https:\/\/www.hilfe-fuer-guasmo.de\/es\/wp-json\/wp\/v2\/pages"}],"about":[{"href":"https:\/\/www.hilfe-fuer-guasmo.de\/es\/wp-json\/wp\/v2\/types\/page"}],"author":[{"embeddable":true,"href":"https:\/\/www.hilfe-fuer-guasmo.de\/es\/wp-json\/wp\/v2\/users\/1"}],"replies":[{"embeddable":true,"href":"https:\/\/www.hilfe-fuer-guasmo.de\/es\/wp-json\/wp\/v2\/comments?post=75"}],"version-history":[{"count":15,"href":"https:\/\/www.hilfe-fuer-guasmo.de\/es\/wp-json\/wp\/v2\/pages\/75\/revisions"}],"predecessor-version":[{"id":2074,"href":"https:\/\/www.hilfe-fuer-guasmo.de\/es\/wp-json\/wp\/v2\/pages\/75\/revisions\/2074"}],"up":[{"embeddable":true,"href":"https:\/\/www.hilfe-fuer-guasmo.de\/es\/wp-json\/wp\/v2\/pages\/108"}],"wp:attachment":[{"href":"https:\/\/www.hilfe-fuer-guasmo.de\/es\/wp-json\/wp\/v2\/media?parent=75"}],"curies":[{"name":"wp","href":"https:\/\/api.w.org\/{rel}","templated":true}]}}