{"id":721,"date":"2018-12-22T09:14:09","date_gmt":"2018-12-22T09:14:09","guid":{"rendered":"http:\/\/www.hilfe-fuer-guasmo.de\/?page_id=721"},"modified":"2020-02-26T18:31:52","modified_gmt":"2020-02-26T18:31:52","slug":"datenschutz","status":"publish","type":"page","link":"https:\/\/www.hilfe-fuer-guasmo.de\/es\/impressum\/datenschutz\/","title":{"rendered":"Datenschutz"},"content":{"rendered":"<p>Hier ist die <a href=\"http:\/\/www.hilfe-fuer-guasmo.de\/wp-content\/uploads\/2018\/12\/HfG-2018-Datenschutzerkl\u00e4rung-V2.pdf\">Datenschutzerkl\u00e4rung als pdf<\/a><\/p>\n<p>Sehr geehrte Mitglieder, liebe Paten, Freunde und F\u00f6rderer unseres Vereins,<\/p>\n<p>Zum Schutz Ihrer personenbezogenen Daten trat am 25. Mai d.J. die EU-Datenschutz-Grundverordnung (DSGVO) in Kraft. Auch wir als kleine privat getragene Organisation sind \u2013 letztlich auch im Interesse unserer Mitglieder &#8211; diesen Regelungen unterworfen. Insbesondere, weil wir die von Ihnen dankenswerterweise eingehenden Spendengelder treuh\u00e4nderisch verwalten, legen wir Wert auf ein vertrauensvolles Verh\u00e4ltnis. Deshalb ist<br \/>\nuns der Schutz Ihrer Privatsph\u00e4re sehr wichtig. Wir verwenden die bei uns hinterlegten Daten und Informationen AUSSCHLIESSLICH f\u00fcr vereinsinterne Zwecke und versichern, dass diese Daten NICHT an Dritte weitergegeben werden.<\/p>\n<p>Wir freuen uns, wenn Sie auf der Grundlage dieser Erkl\u00e4rung die Zusammenarbeit mit \u00abHfG\u00bb in der gewohnten Weise fortsetzen m\u00f6chten.<br \/>\nNat\u00fcrlich haben Sie das Recht, eine Zustimmung jederzeit zu widerrufen. Das kann entweder brieflich als auch per E-Mail an eine unter dem Men\u00fcpunkt &#8216;Kontakt&#8217; angegebene Adresse erfolgen. Im Falle einer K\u00fcndigung oder eines Widerrufs werden Ihre Daten selbstverst\u00e4ndlich gel\u00f6scht.<\/p>\n<p>Im \u00fcbrigen hoffen wir auf Ihr Verst\u00e4ndnis f\u00fcr diese Form einer rechtlich vorgeschriebenen organisatorischen Ma\u00dfnahme, bedanken uns gleichzeitig f\u00fcr Ihre Treue, bitten aber auch weiterhin um Ihre gro\u00dfz\u00fcgige Unterst\u00fctzung unserer wichtigen Projektarbeit in Ecuador.<\/p>\n<p>Kirchheim unter Teck, im Dezember 2018<br \/>\nDer Vorstand<\/p>\n","protected":false},"excerpt":{"rendered":"<p>Hier ist die Datenschutzerkl\u00e4rung als pdf Sehr geehrte Mitglieder, liebe Paten, Freunde und F\u00f6rderer unseres Vereins, Zum Schutz Ihrer personenbezogenen Daten trat am 25. Mai d.J. die EU-Datenschutz-Grundverordnung (DSGVO) in Kraft. Auch wir als kleine privat getragene Organisation sind \u2013 letztlich auch im Interesse unserer Mitglieder &#8211; diesen Regelungen unterworfen. Insbesondere, weil wir die von &hellip; <a href=\"https:\/\/www.hilfe-fuer-guasmo.de\/es\/impressum\/datenschutz\/\" class=\"more-link\">Seguir leyendo <span class=\"screen-reader-text\">Datenschutz<\/span> <span class=\"meta-nav\">&rarr;<\/span><\/a><\/p>\n","protected":false},"author":3,"featured_media":0,"parent":91,"menu_order":70,"comment_status":"closed","ping_status":"closed","template":"","meta":[],"translation":{"provider":"WPGlobus","version":"3.0.0","language":"es","enabled_languages":["de","es"],"languages":{"de":{"title":true,"content":true,"excerpt":false},"es":{"title":false,"content":false,"excerpt":false}}},"yoast_head":"<!-- This site is optimized with the Yoast SEO plugin v18.1 - https:\/\/yoast.com\/wordpress\/plugins\/seo\/ -->\n<meta name=\"robots\" content=\"index, follow, max-snippet:-1, max-image-preview:large, max-video-preview:-1\" \/>\n<link rel=\"canonical\" href=\"https:\/\/www.hilfe-fuer-guasmo.de\/impressum\/datenschutz\/\" \/>\n<meta property=\"og:locale\" content=\"es_ES\" \/>\n<meta property=\"og:type\" content=\"article\" \/>\n<meta property=\"og:title\" content=\"Datenschutz\" \/>\n<meta property=\"og:url\" content=\"https:\/\/www.hilfe-fuer-guasmo.de\/impressum\/datenschutz\/\" \/>\n<meta property=\"og:site_name\" content=\"Hilfe fuer Guasmo\" \/>\n<meta property=\"article:modified_time\" content=\"2020-02-26T18:31:52+00:00\" \/>\n<meta name=\"twitter:card\" content=\"summary\" \/>\n<meta name=\"twitter:label1\" content=\"Tiempo de lectura\" \/>\n\t<meta name=\"twitter:data1\" content=\"1 minuto\" \/>\n<script type=\"application\/ld+json\" class=\"yoast-schema-graph\">{\"@context\":\"https:\/\/schema.org\",\"@graph\":[{\"@type\":\"WebSite\",\"@id\":\"https:\/\/www.hilfe-fuer-guasmo.de\/#website\",\"url\":\"https:\/\/www.hilfe-fuer-guasmo.de\/\",\"name\":\"Hilfe fuer Guasmo\",\"description\":\"apoyar a ni\u00f1os en Ecuador\",\"potentialAction\":[{\"@type\":\"SearchAction\",\"target\":{\"@type\":\"EntryPoint\",\"urlTemplate\":\"https:\/\/www.hilfe-fuer-guasmo.de\/?s={search_term_string}\"},\"query-input\":\"required name=search_term_string\"}],\"inLanguage\":\"es\"},{\"@type\":\"WebPage\",\"@id\":\"https:\/\/www.hilfe-fuer-guasmo.de\/impressum\/datenschutz\/#webpage\",\"url\":\"https:\/\/www.hilfe-fuer-guasmo.de\/impressum\/datenschutz\/\",\"name\":\"Datenschutz\",\"isPartOf\":{\"@id\":\"https:\/\/www.hilfe-fuer-guasmo.de\/#website\"},\"datePublished\":\"2018-12-22T09:14:09+00:00\",\"dateModified\":\"2020-02-26T18:31:52+00:00\",\"description\":\"Datenschutz\",\"breadcrumb\":{\"@id\":\"https:\/\/www.hilfe-fuer-guasmo.de\/impressum\/datenschutz\/#breadcrumb\"},\"inLanguage\":\"es\",\"potentialAction\":[{\"@type\":\"ReadAction\",\"target\":[\"https:\/\/www.hilfe-fuer-guasmo.de\/impressum\/datenschutz\/\"]}]},{\"@type\":\"BreadcrumbList\",\"@id\":\"https:\/\/www.hilfe-fuer-guasmo.de\/impressum\/datenschutz\/#breadcrumb\",\"itemListElement\":[{\"@type\":\"ListItem\",\"position\":1,\"name\":\"Home\",\"item\":\"https:\/\/www.hilfe-fuer-guasmo.de\/\"},{\"@type\":\"ListItem\",\"position\":2,\"name\":\"Impressum\",\"item\":\"https:\/\/www.hilfe-fuer-guasmo.de\/impressum\/\"},{\"@type\":\"ListItem\",\"position\":3,\"name\":\"Datenschutz\"}]}]}<\/script>\n<!-- \/ Yoast SEO plugin. -->","yoast_head_json":{"robots":{"index":"index","follow":"follow","max-snippet":"max-snippet:-1","max-image-preview":"max-image-preview:large","max-video-preview":"max-video-preview:-1"},"canonical":"https:\/\/www.hilfe-fuer-guasmo.de\/impressum\/datenschutz\/","og_locale":"es_ES","og_type":"article","og_title":"Datenschutz","og_url":"https:\/\/www.hilfe-fuer-guasmo.de\/impressum\/datenschutz\/","og_site_name":"Hilfe fuer Guasmo","article_modified_time":"2020-02-26T18:31:52+00:00","twitter_card":"summary","twitter_misc":{"Tiempo de lectura":"1 minuto"},"schema":{"@context":"https:\/\/schema.org","@graph":[{"@type":"WebSite","@id":"https:\/\/www.hilfe-fuer-guasmo.de\/#website","url":"https:\/\/www.hilfe-fuer-guasmo.de\/","name":"Hilfe fuer Guasmo","description":"apoyar a ni\u00f1os en Ecuador","potentialAction":[{"@type":"SearchAction","target":{"@type":"EntryPoint","urlTemplate":"https:\/\/www.hilfe-fuer-guasmo.de\/?s={search_term_string}"},"query-input":"required name=search_term_string"}],"inLanguage":"es"},{"@type":"WebPage","@id":"https:\/\/www.hilfe-fuer-guasmo.de\/impressum\/datenschutz\/#webpage","url":"https:\/\/www.hilfe-fuer-guasmo.de\/impressum\/datenschutz\/","name":"Datenschutz","isPartOf":{"@id":"https:\/\/www.hilfe-fuer-guasmo.de\/#website"},"datePublished":"2018-12-22T09:14:09+00:00","dateModified":"2020-02-26T18:31:52+00:00","description":"Datenschutz","breadcrumb":{"@id":"https:\/\/www.hilfe-fuer-guasmo.de\/impressum\/datenschutz\/#breadcrumb"},"inLanguage":"es","potentialAction":[{"@type":"ReadAction","target":["https:\/\/www.hilfe-fuer-guasmo.de\/impressum\/datenschutz\/"]}]},{"@type":"BreadcrumbList","@id":"https:\/\/www.hilfe-fuer-guasmo.de\/impressum\/datenschutz\/#breadcrumb","itemListElement":[{"@type":"ListItem","position":1,"name":"Home","item":"https:\/\/www.hilfe-fuer-guasmo.de\/"},{"@type":"ListItem","position":2,"name":"Impressum","item":"https:\/\/www.hilfe-fuer-guasmo.de\/impressum\/"},{"@type":"ListItem","position":3,"name":"Datenschutz"}]}]}},"_links":{"self":[{"href":"https:\/\/www.hilfe-fuer-guasmo.de\/es\/wp-json\/wp\/v2\/pages\/721"}],"collection":[{"href":"https:\/\/www.hilfe-fuer-guasmo.de\/es\/wp-json\/wp\/v2\/pages"}],"about":[{"href":"https:\/\/www.hilfe-fuer-guasmo.de\/es\/wp-json\/wp\/v2\/types\/page"}],"author":[{"embeddable":true,"href":"https:\/\/www.hilfe-fuer-guasmo.de\/es\/wp-json\/wp\/v2\/users\/3"}],"replies":[{"embeddable":true,"href":"https:\/\/www.hilfe-fuer-guasmo.de\/es\/wp-json\/wp\/v2\/comments?post=721"}],"version-history":[{"count":8,"href":"https:\/\/www.hilfe-fuer-guasmo.de\/es\/wp-json\/wp\/v2\/pages\/721\/revisions"}],"predecessor-version":[{"id":1682,"href":"https:\/\/www.hilfe-fuer-guasmo.de\/es\/wp-json\/wp\/v2\/pages\/721\/revisions\/1682"}],"up":[{"embeddable":true,"href":"https:\/\/www.hilfe-fuer-guasmo.de\/es\/wp-json\/wp\/v2\/pages\/91"}],"wp:attachment":[{"href":"https:\/\/www.hilfe-fuer-guasmo.de\/es\/wp-json\/wp\/v2\/media?parent=721"}],"curies":[{"name":"wp","href":"https:\/\/api.w.org\/{rel}","templated":true}]}}