{"id":70,"date":"2015-05-06T12:16:28","date_gmt":"2015-05-06T12:16:28","guid":{"rendered":"http:\/\/www.hilfe-fuer-guasmo.de\/?page_id=70"},"modified":"2022-11-22T09:28:18","modified_gmt":"2022-11-22T09:28:18","slug":"guasmo","status":"publish","type":"page","link":"https:\/\/www.hilfe-fuer-guasmo.de\/es\/unsere-projekte\/guasmo\/","title":{"rendered":"\u2714 Guasmo"},"content":{"rendered":"<h2>Das Elendsviertel Guasmo in Guayaquil &#8211;<\/h2>\n<h2>Hier begann die T\u00e4tigkeit von \u00abHilfe f\u00fcr Guasmo\u00bb<\/h2>\n<p><strong><em>Dieses Projekt ist abgeschlossen.<\/em><\/strong><\/p>\n<p>Die Hafenstadt Guayaquil breitet sich im flachen M\u00fcndungsgebiet des Guayas an der K\u00fcste des Pazifischen Ozeans aus.<\/p>\n<p>Bei den Menschen der Millionenstadt finden sich alle Abstufungen von Lebensumst\u00e4nden von reich bis extrem arm, von Menschen mit guter Ausbildung bis zu denen, die sich Schule nicht leisten k\u00f6nnen.<\/p>\n<p>Dreh- und Angelpunkt unserer Arbeit dort war unser Bildungszentrum \u201eI.S.E.\u201c (instruir-saber-educar), das wir inzwischen in einheimische H\u00e4nde \u00fcbergeben haben und das nach unseren Informationen weiter gut l\u00e4uft.<\/p>\n<p>Nach wie vor geben wir Kindern und Jugendlichen im Guasmo Starthilfe f\u00fcr eine gute Ausbildung. Sie werden weiter von unserer Sozialarbeiterin Angie Castellanos <span style=\"display: inline !important; float: none; background-color: #ffffff; color: #141412; cursor: text; font-family: 'Source Sans Pro',Helvetica,sans-serif; font-size: 16px; font-style: normal; font-variant: normal; font-weight: 400; letter-spacing: normal; orphans: 2; text-align: left; text-decoration: none; text-indent: 0px; text-transform: none; -webkit-text-stroke-width: 0px; white-space: normal; word-spacing: 0px;\">betreut<\/span>, die ihr Examen als Psic\u00f3loga\/Sozialarbeiterin abgelegt hat.<\/p>\n<p>Sie k\u00fcmmern sich um die Sch\u00fcler\/-innen und sorgen daf\u00fcr, dass das Geld aus Deutschland f\u00fcr deren Schulbesuch richtig eingesetzt wird. \u00dcber ihre Aktivit\u00e4ten legen sie korrekt Rechenschaft ab.<\/p>\n<p><a href=\"http:\/\/www.hilfe-fuer-guasmo.de\/wp-content\/uploads\/2015\/05\/04_20160807_114641.jpg\"><img loading=\"lazy\" class=\"alignnone size-medium wp-image-560\" src=\"http:\/\/www.hilfe-fuer-guasmo.de\/wp-content\/uploads\/2015\/05\/04_20160807_114641-750x423.jpg\" alt=\"04_20160807_114641\" width=\"600\" height=\"352\"><\/a><\/p>\n<p><\/p>\n\n\n<figure class=\"wp-block-image\"><img loading=\"lazy\" width=\"1067\" height=\"800\" src=\"http:\/\/www.hilfe-fuer-guasmo.de\/wp-content\/uploads\/2020\/02\/Guasmo-D\u00e4cher-1067x800.jpg\" alt=\"\" class=\"wp-image-1899\" srcset=\"https:\/\/www.hilfe-fuer-guasmo.de\/wp-content\/uploads\/2020\/02\/Guasmo-D\u00e4cher-1067x800.jpg 1067w, https:\/\/www.hilfe-fuer-guasmo.de\/wp-content\/uploads\/2020\/02\/Guasmo-D\u00e4cher-750x563.jpg 750w, https:\/\/www.hilfe-fuer-guasmo.de\/wp-content\/uploads\/2020\/02\/Guasmo-D\u00e4cher-768x576.jpg 768w\" sizes=\"(max-width: 1067px) 100vw, 1067px\" \/><figcaption>Im Guasmo 2019<\/figcaption><\/figure>\n","protected":false},"excerpt":{"rendered":"<p>Das Elendsviertel Guasmo in Guayaquil &#8211; Hier begann die T\u00e4tigkeit von \u00abHilfe f\u00fcr Guasmo\u00bb Dieses Projekt ist abgeschlossen. Die Hafenstadt Guayaquil breitet sich im flachen M\u00fcndungsgebiet des Guayas an der K\u00fcste des Pazifischen Ozeans aus. Bei den Menschen der Millionenstadt finden sich alle Abstufungen von Lebensumst\u00e4nden von reich bis extrem arm, von Menschen mit guter &hellip; <a href=\"https:\/\/www.hilfe-fuer-guasmo.de\/es\/unsere-projekte\/guasmo\/\" class=\"more-link\">Seguir leyendo <span class=\"screen-reader-text\">\u2714 Guasmo<\/span> <span class=\"meta-nav\">&rarr;<\/span><\/a><\/p>\n","protected":false},"author":1,"featured_media":0,"parent":63,"menu_order":21,"comment_status":"closed","ping_status":"closed","template":"","meta":[],"translation":{"provider":"WPGlobus","version":"3.0.0","language":"es","enabled_languages":["de","es"],"languages":{"de":{"title":true,"content":true,"excerpt":false},"es":{"title":false,"content":false,"excerpt":false}}},"yoast_head":"<!-- This site is optimized with the Yoast SEO plugin v18.1 - https:\/\/yoast.com\/wordpress\/plugins\/seo\/ -->\n<meta name=\"robots\" content=\"index, follow, max-snippet:-1, max-image-preview:large, max-video-preview:-1\" \/>\n<link rel=\"canonical\" href=\"https:\/\/www.hilfe-fuer-guasmo.de\/unsere-projekte\/guasmo\/\" \/>\n<meta property=\"og:locale\" content=\"es_ES\" \/>\n<meta property=\"og:type\" content=\"article\" \/>\n<meta property=\"og:title\" content=\"\u2714 Guasmo - Hilfe fuer Guasmo\" \/>\n<meta property=\"og:url\" content=\"https:\/\/www.hilfe-fuer-guasmo.de\/unsere-projekte\/guasmo\/\" \/>\n<meta property=\"og:site_name\" content=\"Hilfe fuer Guasmo\" \/>\n<meta property=\"article:modified_time\" content=\"2022-11-22T09:28:18+00:00\" \/>\n<meta property=\"og:image\" content=\"http:\/\/www.hilfe-fuer-guasmo.de\/wp-content\/uploads\/2015\/05\/04_20160807_114641-750x423.jpg\" \/>\n<meta name=\"twitter:card\" content=\"summary\" \/>\n<meta name=\"twitter:label1\" content=\"Tiempo de lectura\" \/>\n\t<meta name=\"twitter:data1\" content=\"2 minutos\" \/>\n<script type=\"application\/ld+json\" class=\"yoast-schema-graph\">{\"@context\":\"https:\/\/schema.org\",\"@graph\":[{\"@type\":\"WebSite\",\"@id\":\"https:\/\/www.hilfe-fuer-guasmo.de\/#website\",\"url\":\"https:\/\/www.hilfe-fuer-guasmo.de\/\",\"name\":\"Hilfe fuer Guasmo\",\"description\":\"apoyar a ni\u00f1os en Ecuador\",\"potentialAction\":[{\"@type\":\"SearchAction\",\"target\":{\"@type\":\"EntryPoint\",\"urlTemplate\":\"https:\/\/www.hilfe-fuer-guasmo.de\/?s={search_term_string}\"},\"query-input\":\"required name=search_term_string\"}],\"inLanguage\":\"es\"},{\"@type\":\"ImageObject\",\"@id\":\"https:\/\/www.hilfe-fuer-guasmo.de\/unsere-projekte\/guasmo\/#primaryimage\",\"inLanguage\":\"es\",\"url\":\"http:\/\/www.hilfe-fuer-guasmo.de\/wp-content\/uploads\/2015\/05\/04_20160807_114641-750x423.jpg\",\"contentUrl\":\"http:\/\/www.hilfe-fuer-guasmo.de\/wp-content\/uploads\/2015\/05\/04_20160807_114641-750x423.jpg\"},{\"@type\":\"WebPage\",\"@id\":\"https:\/\/www.hilfe-fuer-guasmo.de\/unsere-projekte\/guasmo\/#webpage\",\"url\":\"https:\/\/www.hilfe-fuer-guasmo.de\/unsere-projekte\/guasmo\/\",\"name\":\"\u2714 Guasmo - Hilfe fuer Guasmo\",\"isPartOf\":{\"@id\":\"https:\/\/www.hilfe-fuer-guasmo.de\/#website\"},\"primaryImageOfPage\":{\"@id\":\"https:\/\/www.hilfe-fuer-guasmo.de\/unsere-projekte\/guasmo\/#primaryimage\"},\"datePublished\":\"2015-05-06T12:16:28+00:00\",\"dateModified\":\"2022-11-22T09:28:18+00:00\",\"description\":\"Die Hafenstadt Guayaquil, Dreh- und Angelpunkt unserer Arbeit dort war unser Bildungszentrum \u201eI.S.E.\u201c\",\"breadcrumb\":{\"@id\":\"https:\/\/www.hilfe-fuer-guasmo.de\/unsere-projekte\/guasmo\/#breadcrumb\"},\"inLanguage\":\"es\",\"potentialAction\":[{\"@type\":\"ReadAction\",\"target\":[\"https:\/\/www.hilfe-fuer-guasmo.de\/unsere-projekte\/guasmo\/\"]}]},{\"@type\":\"BreadcrumbList\",\"@id\":\"https:\/\/www.hilfe-fuer-guasmo.de\/unsere-projekte\/guasmo\/#breadcrumb\",\"itemListElement\":[{\"@type\":\"ListItem\",\"position\":1,\"name\":\"Home\",\"item\":\"https:\/\/www.hilfe-fuer-guasmo.de\/\"},{\"@type\":\"ListItem\",\"position\":2,\"name\":\"Unsere Projekte\",\"item\":\"https:\/\/www.hilfe-fuer-guasmo.de\/unsere-projekte\/\"},{\"@type\":\"ListItem\",\"position\":3,\"name\":\"\u2714 Guasmo\"}]}]}<\/script>\n<!-- \/ Yoast SEO plugin. -->","yoast_head_json":{"robots":{"index":"index","follow":"follow","max-snippet":"max-snippet:-1","max-image-preview":"max-image-preview:large","max-video-preview":"max-video-preview:-1"},"canonical":"https:\/\/www.hilfe-fuer-guasmo.de\/unsere-projekte\/guasmo\/","og_locale":"es_ES","og_type":"article","og_title":"\u2714 Guasmo - Hilfe fuer Guasmo","og_url":"https:\/\/www.hilfe-fuer-guasmo.de\/unsere-projekte\/guasmo\/","og_site_name":"Hilfe fuer Guasmo","article_modified_time":"2022-11-22T09:28:18+00:00","og_image":[{"url":"http:\/\/www.hilfe-fuer-guasmo.de\/wp-content\/uploads\/2015\/05\/04_20160807_114641-750x423.jpg"}],"twitter_card":"summary","twitter_misc":{"Tiempo de lectura":"2 minutos"},"schema":{"@context":"https:\/\/schema.org","@graph":[{"@type":"WebSite","@id":"https:\/\/www.hilfe-fuer-guasmo.de\/#website","url":"https:\/\/www.hilfe-fuer-guasmo.de\/","name":"Hilfe fuer Guasmo","description":"apoyar a ni\u00f1os en Ecuador","potentialAction":[{"@type":"SearchAction","target":{"@type":"EntryPoint","urlTemplate":"https:\/\/www.hilfe-fuer-guasmo.de\/?s={search_term_string}"},"query-input":"required name=search_term_string"}],"inLanguage":"es"},{"@type":"ImageObject","@id":"https:\/\/www.hilfe-fuer-guasmo.de\/unsere-projekte\/guasmo\/#primaryimage","inLanguage":"es","url":"http:\/\/www.hilfe-fuer-guasmo.de\/wp-content\/uploads\/2015\/05\/04_20160807_114641-750x423.jpg","contentUrl":"http:\/\/www.hilfe-fuer-guasmo.de\/wp-content\/uploads\/2015\/05\/04_20160807_114641-750x423.jpg"},{"@type":"WebPage","@id":"https:\/\/www.hilfe-fuer-guasmo.de\/unsere-projekte\/guasmo\/#webpage","url":"https:\/\/www.hilfe-fuer-guasmo.de\/unsere-projekte\/guasmo\/","name":"\u2714 Guasmo - Hilfe fuer Guasmo","isPartOf":{"@id":"https:\/\/www.hilfe-fuer-guasmo.de\/#website"},"primaryImageOfPage":{"@id":"https:\/\/www.hilfe-fuer-guasmo.de\/unsere-projekte\/guasmo\/#primaryimage"},"datePublished":"2015-05-06T12:16:28+00:00","dateModified":"2022-11-22T09:28:18+00:00","description":"Die Hafenstadt Guayaquil, Dreh- und Angelpunkt unserer Arbeit dort war unser Bildungszentrum \u201eI.S.E.\u201c","breadcrumb":{"@id":"https:\/\/www.hilfe-fuer-guasmo.de\/unsere-projekte\/guasmo\/#breadcrumb"},"inLanguage":"es","potentialAction":[{"@type":"ReadAction","target":["https:\/\/www.hilfe-fuer-guasmo.de\/unsere-projekte\/guasmo\/"]}]},{"@type":"BreadcrumbList","@id":"https:\/\/www.hilfe-fuer-guasmo.de\/unsere-projekte\/guasmo\/#breadcrumb","itemListElement":[{"@type":"ListItem","position":1,"name":"Home","item":"https:\/\/www.hilfe-fuer-guasmo.de\/"},{"@type":"ListItem","position":2,"name":"Unsere Projekte","item":"https:\/\/www.hilfe-fuer-guasmo.de\/unsere-projekte\/"},{"@type":"ListItem","position":3,"name":"\u2714 Guasmo"}]}]}},"_links":{"self":[{"href":"https:\/\/www.hilfe-fuer-guasmo.de\/es\/wp-json\/wp\/v2\/pages\/70"}],"collection":[{"href":"https:\/\/www.hilfe-fuer-guasmo.de\/es\/wp-json\/wp\/v2\/pages"}],"about":[{"href":"https:\/\/www.hilfe-fuer-guasmo.de\/es\/wp-json\/wp\/v2\/types\/page"}],"author":[{"embeddable":true,"href":"https:\/\/www.hilfe-fuer-guasmo.de\/es\/wp-json\/wp\/v2\/users\/1"}],"replies":[{"embeddable":true,"href":"https:\/\/www.hilfe-fuer-guasmo.de\/es\/wp-json\/wp\/v2\/comments?post=70"}],"version-history":[{"count":49,"href":"https:\/\/www.hilfe-fuer-guasmo.de\/es\/wp-json\/wp\/v2\/pages\/70\/revisions"}],"predecessor-version":[{"id":2372,"href":"https:\/\/www.hilfe-fuer-guasmo.de\/es\/wp-json\/wp\/v2\/pages\/70\/revisions\/2372"}],"up":[{"embeddable":true,"href":"https:\/\/www.hilfe-fuer-guasmo.de\/es\/wp-json\/wp\/v2\/pages\/63"}],"wp:attachment":[{"href":"https:\/\/www.hilfe-fuer-guasmo.de\/es\/wp-json\/wp\/v2\/media?parent=70"}],"curies":[{"name":"wp","href":"https:\/\/api.w.org\/{rel}","templated":true}]}}