{"id":67,"date":"2015-05-06T12:16:00","date_gmt":"2015-05-06T12:16:00","guid":{"rendered":"http:\/\/www.hilfe-fuer-guasmo.de\/?page_id=67"},"modified":"2021-04-26T14:05:09","modified_gmt":"2021-04-26T14:05:09","slug":"unser-name","status":"publish","type":"page","link":"https:\/\/www.hilfe-fuer-guasmo.de\/es\/ueber-uns\/unser-name\/","title":{"rendered":"Unser Name"},"content":{"rendered":"<h1 style=\"text-align: center;\">Guasmo<\/h1>\n<p>ist eines der Elendsquartiere im s\u00fcdlichen Stadtgebiet von Guayaquil. Die ganz Armen wohnen hier. Familien leben in unvorstellbar einfachen H\u00fctten. Der Kampf ums t\u00e4gliche Brot verdr\u00e4ngt andere Bed\u00fcrfnisse \u2013 ein Kampf, der sich h\u00e4ufig \u00fcber dem Abgrund von Alkohol, Drogen, Kriminalit\u00e4t abspielt. Die Vorstellung von einem besseren Leben bleibt f\u00fcr viele ein Traum.<\/p>\n<p>Hier begann unsere Hilfe 1987. Inzwischen helfen wir auch im Norden der Hafenstadt und am Rande des Amazonasgebietes.<\/p>\n","protected":false},"excerpt":{"rendered":"<p>Guasmo ist eines der Elendsquartiere im s\u00fcdlichen Stadtgebiet von Guayaquil. Die ganz Armen wohnen hier. Familien leben in unvorstellbar einfachen H\u00fctten. Der Kampf ums t\u00e4gliche Brot verdr\u00e4ngt andere Bed\u00fcrfnisse \u2013 ein Kampf, der sich h\u00e4ufig \u00fcber dem Abgrund von Alkohol, Drogen, Kriminalit\u00e4t abspielt. Die Vorstellung von einem besseren Leben bleibt f\u00fcr viele ein Traum. Hier &hellip; <a href=\"https:\/\/www.hilfe-fuer-guasmo.de\/es\/ueber-uns\/unser-name\/\" class=\"more-link\">Seguir leyendo <span class=\"screen-reader-text\">Unser Name<\/span> <span class=\"meta-nav\">&rarr;<\/span><\/a><\/p>\n","protected":false},"author":1,"featured_media":0,"parent":108,"menu_order":11,"comment_status":"closed","ping_status":"closed","template":"","meta":[],"translation":{"provider":"WPGlobus","version":"3.0.0","language":"es","enabled_languages":["de","es"],"languages":{"de":{"title":true,"content":true,"excerpt":false},"es":{"title":false,"content":false,"excerpt":false}}},"yoast_head":"<!-- This site is optimized with the Yoast SEO plugin v18.1 - https:\/\/yoast.com\/wordpress\/plugins\/seo\/ -->\n<meta name=\"robots\" content=\"index, follow, max-snippet:-1, max-image-preview:large, max-video-preview:-1\" \/>\n<link rel=\"canonical\" href=\"https:\/\/www.hilfe-fuer-guasmo.de\/ueber-uns\/unser-name\/\" \/>\n<meta property=\"og:locale\" content=\"es_ES\" \/>\n<meta property=\"og:type\" content=\"article\" \/>\n<meta property=\"og:title\" content=\"Unser Name - Hilfe fuer Guasmo\" \/>\n<meta property=\"og:url\" content=\"https:\/\/www.hilfe-fuer-guasmo.de\/ueber-uns\/unser-name\/\" \/>\n<meta property=\"og:site_name\" content=\"Hilfe fuer Guasmo\" \/>\n<meta property=\"article:modified_time\" content=\"2021-04-26T14:05:09+00:00\" \/>\n<meta name=\"twitter:card\" content=\"summary\" \/>\n<script type=\"application\/ld+json\" class=\"yoast-schema-graph\">{\"@context\":\"https:\/\/schema.org\",\"@graph\":[{\"@type\":\"WebSite\",\"@id\":\"https:\/\/www.hilfe-fuer-guasmo.de\/#website\",\"url\":\"https:\/\/www.hilfe-fuer-guasmo.de\/\",\"name\":\"Hilfe fuer Guasmo\",\"description\":\"apoyar a ni\u00f1os en Ecuador\",\"potentialAction\":[{\"@type\":\"SearchAction\",\"target\":{\"@type\":\"EntryPoint\",\"urlTemplate\":\"https:\/\/www.hilfe-fuer-guasmo.de\/?s={search_term_string}\"},\"query-input\":\"required name=search_term_string\"}],\"inLanguage\":\"es\"},{\"@type\":\"WebPage\",\"@id\":\"https:\/\/www.hilfe-fuer-guasmo.de\/ueber-uns\/unser-name\/#webpage\",\"url\":\"https:\/\/www.hilfe-fuer-guasmo.de\/ueber-uns\/unser-name\/\",\"name\":\"Unser Name - Hilfe fuer Guasmo\",\"isPartOf\":{\"@id\":\"https:\/\/www.hilfe-fuer-guasmo.de\/#website\"},\"datePublished\":\"2015-05-06T12:16:00+00:00\",\"dateModified\":\"2021-04-26T14:05:09+00:00\",\"description\":\"ist eines der Elendsquartiere im s\u00fcdlichen Stadtgebiet von Guayaquil\",\"breadcrumb\":{\"@id\":\"https:\/\/www.hilfe-fuer-guasmo.de\/ueber-uns\/unser-name\/#breadcrumb\"},\"inLanguage\":\"es\",\"potentialAction\":[{\"@type\":\"ReadAction\",\"target\":[\"https:\/\/www.hilfe-fuer-guasmo.de\/ueber-uns\/unser-name\/\"]}]},{\"@type\":\"BreadcrumbList\",\"@id\":\"https:\/\/www.hilfe-fuer-guasmo.de\/ueber-uns\/unser-name\/#breadcrumb\",\"itemListElement\":[{\"@type\":\"ListItem\",\"position\":1,\"name\":\"Home\",\"item\":\"https:\/\/www.hilfe-fuer-guasmo.de\/\"},{\"@type\":\"ListItem\",\"position\":2,\"name\":\"\u00dcber uns\",\"item\":\"https:\/\/www.hilfe-fuer-guasmo.de\/ueber-uns\/\"},{\"@type\":\"ListItem\",\"position\":3,\"name\":\"Unser Name\"}]}]}<\/script>\n<!-- \/ Yoast SEO plugin. -->","yoast_head_json":{"robots":{"index":"index","follow":"follow","max-snippet":"max-snippet:-1","max-image-preview":"max-image-preview:large","max-video-preview":"max-video-preview:-1"},"canonical":"https:\/\/www.hilfe-fuer-guasmo.de\/ueber-uns\/unser-name\/","og_locale":"es_ES","og_type":"article","og_title":"Unser Name - Hilfe fuer Guasmo","og_url":"https:\/\/www.hilfe-fuer-guasmo.de\/ueber-uns\/unser-name\/","og_site_name":"Hilfe fuer Guasmo","article_modified_time":"2021-04-26T14:05:09+00:00","twitter_card":"summary","schema":{"@context":"https:\/\/schema.org","@graph":[{"@type":"WebSite","@id":"https:\/\/www.hilfe-fuer-guasmo.de\/#website","url":"https:\/\/www.hilfe-fuer-guasmo.de\/","name":"Hilfe fuer Guasmo","description":"apoyar a ni\u00f1os en Ecuador","potentialAction":[{"@type":"SearchAction","target":{"@type":"EntryPoint","urlTemplate":"https:\/\/www.hilfe-fuer-guasmo.de\/?s={search_term_string}"},"query-input":"required name=search_term_string"}],"inLanguage":"es"},{"@type":"WebPage","@id":"https:\/\/www.hilfe-fuer-guasmo.de\/ueber-uns\/unser-name\/#webpage","url":"https:\/\/www.hilfe-fuer-guasmo.de\/ueber-uns\/unser-name\/","name":"Unser Name - Hilfe fuer Guasmo","isPartOf":{"@id":"https:\/\/www.hilfe-fuer-guasmo.de\/#website"},"datePublished":"2015-05-06T12:16:00+00:00","dateModified":"2021-04-26T14:05:09+00:00","description":"ist eines der Elendsquartiere im s\u00fcdlichen Stadtgebiet von Guayaquil","breadcrumb":{"@id":"https:\/\/www.hilfe-fuer-guasmo.de\/ueber-uns\/unser-name\/#breadcrumb"},"inLanguage":"es","potentialAction":[{"@type":"ReadAction","target":["https:\/\/www.hilfe-fuer-guasmo.de\/ueber-uns\/unser-name\/"]}]},{"@type":"BreadcrumbList","@id":"https:\/\/www.hilfe-fuer-guasmo.de\/ueber-uns\/unser-name\/#breadcrumb","itemListElement":[{"@type":"ListItem","position":1,"name":"Home","item":"https:\/\/www.hilfe-fuer-guasmo.de\/"},{"@type":"ListItem","position":2,"name":"\u00dcber uns","item":"https:\/\/www.hilfe-fuer-guasmo.de\/ueber-uns\/"},{"@type":"ListItem","position":3,"name":"Unser Name"}]}]}},"_links":{"self":[{"href":"https:\/\/www.hilfe-fuer-guasmo.de\/es\/wp-json\/wp\/v2\/pages\/67"}],"collection":[{"href":"https:\/\/www.hilfe-fuer-guasmo.de\/es\/wp-json\/wp\/v2\/pages"}],"about":[{"href":"https:\/\/www.hilfe-fuer-guasmo.de\/es\/wp-json\/wp\/v2\/types\/page"}],"author":[{"embeddable":true,"href":"https:\/\/www.hilfe-fuer-guasmo.de\/es\/wp-json\/wp\/v2\/users\/1"}],"replies":[{"embeddable":true,"href":"https:\/\/www.hilfe-fuer-guasmo.de\/es\/wp-json\/wp\/v2\/comments?post=67"}],"version-history":[{"count":4,"href":"https:\/\/www.hilfe-fuer-guasmo.de\/es\/wp-json\/wp\/v2\/pages\/67\/revisions"}],"predecessor-version":[{"id":1697,"href":"https:\/\/www.hilfe-fuer-guasmo.de\/es\/wp-json\/wp\/v2\/pages\/67\/revisions\/1697"}],"up":[{"embeddable":true,"href":"https:\/\/www.hilfe-fuer-guasmo.de\/es\/wp-json\/wp\/v2\/pages\/108"}],"wp:attachment":[{"href":"https:\/\/www.hilfe-fuer-guasmo.de\/es\/wp-json\/wp\/v2\/media?parent=67"}],"curies":[{"name":"wp","href":"https:\/\/api.w.org\/{rel}","templated":true}]}}