{"id":63,"date":"2015-05-06T11:58:09","date_gmt":"2015-05-06T11:58:09","guid":{"rendered":"http:\/\/www.hilfe-fuer-guasmo.de\/?page_id=63"},"modified":"2020-11-22T16:07:04","modified_gmt":"2020-11-22T16:07:04","slug":"unsere-projekte","status":"publish","type":"page","link":"https:\/\/www.hilfe-fuer-guasmo.de\/es\/unsere-projekte\/","title":{"rendered":"Unsere Projekte"},"content":{"rendered":"\n<figure class=\"wp-block-image\"><img loading=\"lazy\" width=\"1200\" height=\"800\" src=\"http:\/\/www.hilfe-fuer-guasmo.de\/wp-content\/uploads\/2020\/03\/Foto-Salasaca-1200x800.jpg\" alt=\"\" class=\"wp-image-1927\" srcset=\"https:\/\/www.hilfe-fuer-guasmo.de\/wp-content\/uploads\/2020\/03\/Foto-Salasaca-1200x800.jpg 1200w, https:\/\/www.hilfe-fuer-guasmo.de\/wp-content\/uploads\/2020\/03\/Foto-Salasaca-750x500.jpg 750w, https:\/\/www.hilfe-fuer-guasmo.de\/wp-content\/uploads\/2020\/03\/Foto-Salasaca-768x512.jpg 768w, https:\/\/www.hilfe-fuer-guasmo.de\/wp-content\/uploads\/2020\/03\/Foto-Salasaca.jpg 1920w\" sizes=\"(max-width: 1200px) 100vw, 1200px\" \/><figcaption>Die Kinder der <strong>Escuela 14 Julio<\/strong> mit ihrem Lehrer Manuel Tuarez<\/figcaption><\/figure>\n\n\n\n<!--[huge_it_gallery id=\"3\"]-->\n<p style=\"text-align: justify;\">Aus dem Beginn der Arbeit im <strong>Guasmo\u2013Viertel in Guayaquil<\/strong> ergaben sich Kontakte mit vielen Menschen auch au\u00dferhalb der Hafenstadt. Wir erfuhren, wie gro\u00df im ganzen Land der Bedarf an Unterst\u00fctzung war und ist. Wir konnten nicht \u00fcberall helfen; aber als wir nach den ersten \u201eInvestitionen\u201c im Guasmo wieder ein wenig Atem holen konnten, hatten wir Spielraum, Hilfe bereitzustellen in<strong> Puerto Napo und Salasaca<\/strong>, und sp\u00e4ter wandten wir uns dem Projekt in <strong>La Aurora<\/strong> zu.<\/p>\n<p><iframe loading=\"lazy\" style=\"border: 0;\" src=\"https:\/\/www.google.com\/maps\/embed?pb=!1m18!1m12!1m3!1d4083573.698762313!2d-78.13688744999999!3d-1.7929664999999997!2m3!1f0!2f0!3f0!3m2!1i1024!2i768!4f13.1!3m3!1m2!1s0x902387dda89a4bd5%3A0x9d76af04119c3702!2sEcuador!5e0!3m2!1sde!2sde!4v1432824976166\" width=\"750\" height=\"500\" frameborder=\"0\"><\/iframe><\/p>\n","protected":false},"excerpt":{"rendered":"<p>Aus dem Beginn der Arbeit im Guasmo\u2013Viertel in Guayaquil ergaben sich Kontakte mit vielen Menschen auch au\u00dferhalb der Hafenstadt. Wir erfuhren, wie gro\u00df im ganzen Land der Bedarf an Unterst\u00fctzung war und ist. Wir konnten nicht \u00fcberall helfen; aber als wir nach den ersten \u201eInvestitionen\u201c im Guasmo wieder ein wenig Atem holen konnten, hatten wir &hellip; <a href=\"https:\/\/www.hilfe-fuer-guasmo.de\/es\/unsere-projekte\/\" class=\"more-link\">Seguir leyendo <span class=\"screen-reader-text\">Unsere Projekte<\/span> <span class=\"meta-nav\">&rarr;<\/span><\/a><\/p>\n","protected":false},"author":1,"featured_media":0,"parent":0,"menu_order":20,"comment_status":"closed","ping_status":"closed","template":"","meta":[],"translation":{"provider":"WPGlobus","version":"3.0.0","language":"es","enabled_languages":["de","es"],"languages":{"de":{"title":true,"content":true,"excerpt":false},"es":{"title":false,"content":false,"excerpt":false}}},"yoast_head":"<!-- This site is optimized with the Yoast SEO plugin v18.1 - https:\/\/yoast.com\/wordpress\/plugins\/seo\/ -->\n<meta name=\"robots\" content=\"index, follow, max-snippet:-1, max-image-preview:large, max-video-preview:-1\" \/>\n<link rel=\"canonical\" href=\"https:\/\/www.hilfe-fuer-guasmo.de\/unsere-projekte\/\" \/>\n<meta property=\"og:locale\" content=\"es_ES\" \/>\n<meta property=\"og:type\" content=\"article\" \/>\n<meta property=\"og:title\" content=\"Hilfe f\u00fcr Guasmo - Projekte\" \/>\n<meta property=\"og:url\" content=\"https:\/\/www.hilfe-fuer-guasmo.de\/unsere-projekte\/\" \/>\n<meta property=\"og:site_name\" content=\"Hilfe fuer Guasmo\" \/>\n<meta property=\"article:modified_time\" content=\"2020-11-22T16:07:04+00:00\" \/>\n<meta property=\"og:image\" content=\"http:\/\/www.hilfe-fuer-guasmo.de\/wp-content\/uploads\/2020\/03\/Foto-Salasaca-1200x800.jpg\" \/>\n<meta name=\"twitter:card\" content=\"summary\" \/>\n<script type=\"application\/ld+json\" class=\"yoast-schema-graph\">{\"@context\":\"https:\/\/schema.org\",\"@graph\":[{\"@type\":\"WebSite\",\"@id\":\"https:\/\/www.hilfe-fuer-guasmo.de\/#website\",\"url\":\"https:\/\/www.hilfe-fuer-guasmo.de\/\",\"name\":\"Hilfe fuer Guasmo\",\"description\":\"apoyar a ni\u00f1os en Ecuador\",\"potentialAction\":[{\"@type\":\"SearchAction\",\"target\":{\"@type\":\"EntryPoint\",\"urlTemplate\":\"https:\/\/www.hilfe-fuer-guasmo.de\/?s={search_term_string}\"},\"query-input\":\"required name=search_term_string\"}],\"inLanguage\":\"es\"},{\"@type\":\"ImageObject\",\"@id\":\"https:\/\/www.hilfe-fuer-guasmo.de\/unsere-projekte\/#primaryimage\",\"inLanguage\":\"es\",\"url\":\"http:\/\/www.hilfe-fuer-guasmo.de\/wp-content\/uploads\/2020\/03\/Foto-Salasaca-1200x800.jpg\",\"contentUrl\":\"http:\/\/www.hilfe-fuer-guasmo.de\/wp-content\/uploads\/2020\/03\/Foto-Salasaca-1200x800.jpg\"},{\"@type\":\"WebPage\",\"@id\":\"https:\/\/www.hilfe-fuer-guasmo.de\/unsere-projekte\/#webpage\",\"url\":\"https:\/\/www.hilfe-fuer-guasmo.de\/unsere-projekte\/\",\"name\":\"Hilfe f\u00fcr Guasmo - Projekte\",\"isPartOf\":{\"@id\":\"https:\/\/www.hilfe-fuer-guasmo.de\/#website\"},\"primaryImageOfPage\":{\"@id\":\"https:\/\/www.hilfe-fuer-guasmo.de\/unsere-projekte\/#primaryimage\"},\"datePublished\":\"2015-05-06T11:58:09+00:00\",\"dateModified\":\"2020-11-22T16:07:04+00:00\",\"description\":\"Unsere Projekte im Guasmo\u2013Viertel in Guayaquil, in La Aurora, Puerto Napo und Salasaca\",\"breadcrumb\":{\"@id\":\"https:\/\/www.hilfe-fuer-guasmo.de\/unsere-projekte\/#breadcrumb\"},\"inLanguage\":\"es\",\"potentialAction\":[{\"@type\":\"ReadAction\",\"target\":[\"https:\/\/www.hilfe-fuer-guasmo.de\/unsere-projekte\/\"]}]},{\"@type\":\"BreadcrumbList\",\"@id\":\"https:\/\/www.hilfe-fuer-guasmo.de\/unsere-projekte\/#breadcrumb\",\"itemListElement\":[{\"@type\":\"ListItem\",\"position\":1,\"name\":\"Home\",\"item\":\"https:\/\/www.hilfe-fuer-guasmo.de\/\"},{\"@type\":\"ListItem\",\"position\":2,\"name\":\"Unsere Projekte\"}]}]}<\/script>\n<!-- \/ Yoast SEO plugin. -->","yoast_head_json":{"robots":{"index":"index","follow":"follow","max-snippet":"max-snippet:-1","max-image-preview":"max-image-preview:large","max-video-preview":"max-video-preview:-1"},"canonical":"https:\/\/www.hilfe-fuer-guasmo.de\/unsere-projekte\/","og_locale":"es_ES","og_type":"article","og_title":"Hilfe f\u00fcr Guasmo - Projekte","og_url":"https:\/\/www.hilfe-fuer-guasmo.de\/unsere-projekte\/","og_site_name":"Hilfe fuer Guasmo","article_modified_time":"2020-11-22T16:07:04+00:00","og_image":[{"url":"http:\/\/www.hilfe-fuer-guasmo.de\/wp-content\/uploads\/2020\/03\/Foto-Salasaca-1200x800.jpg"}],"twitter_card":"summary","schema":{"@context":"https:\/\/schema.org","@graph":[{"@type":"WebSite","@id":"https:\/\/www.hilfe-fuer-guasmo.de\/#website","url":"https:\/\/www.hilfe-fuer-guasmo.de\/","name":"Hilfe fuer Guasmo","description":"apoyar a ni\u00f1os en Ecuador","potentialAction":[{"@type":"SearchAction","target":{"@type":"EntryPoint","urlTemplate":"https:\/\/www.hilfe-fuer-guasmo.de\/?s={search_term_string}"},"query-input":"required name=search_term_string"}],"inLanguage":"es"},{"@type":"ImageObject","@id":"https:\/\/www.hilfe-fuer-guasmo.de\/unsere-projekte\/#primaryimage","inLanguage":"es","url":"http:\/\/www.hilfe-fuer-guasmo.de\/wp-content\/uploads\/2020\/03\/Foto-Salasaca-1200x800.jpg","contentUrl":"http:\/\/www.hilfe-fuer-guasmo.de\/wp-content\/uploads\/2020\/03\/Foto-Salasaca-1200x800.jpg"},{"@type":"WebPage","@id":"https:\/\/www.hilfe-fuer-guasmo.de\/unsere-projekte\/#webpage","url":"https:\/\/www.hilfe-fuer-guasmo.de\/unsere-projekte\/","name":"Hilfe f\u00fcr Guasmo - Projekte","isPartOf":{"@id":"https:\/\/www.hilfe-fuer-guasmo.de\/#website"},"primaryImageOfPage":{"@id":"https:\/\/www.hilfe-fuer-guasmo.de\/unsere-projekte\/#primaryimage"},"datePublished":"2015-05-06T11:58:09+00:00","dateModified":"2020-11-22T16:07:04+00:00","description":"Unsere Projekte im Guasmo\u2013Viertel in Guayaquil, in La Aurora, Puerto Napo und Salasaca","breadcrumb":{"@id":"https:\/\/www.hilfe-fuer-guasmo.de\/unsere-projekte\/#breadcrumb"},"inLanguage":"es","potentialAction":[{"@type":"ReadAction","target":["https:\/\/www.hilfe-fuer-guasmo.de\/unsere-projekte\/"]}]},{"@type":"BreadcrumbList","@id":"https:\/\/www.hilfe-fuer-guasmo.de\/unsere-projekte\/#breadcrumb","itemListElement":[{"@type":"ListItem","position":1,"name":"Home","item":"https:\/\/www.hilfe-fuer-guasmo.de\/"},{"@type":"ListItem","position":2,"name":"Unsere Projekte"}]}]}},"_links":{"self":[{"href":"https:\/\/www.hilfe-fuer-guasmo.de\/es\/wp-json\/wp\/v2\/pages\/63"}],"collection":[{"href":"https:\/\/www.hilfe-fuer-guasmo.de\/es\/wp-json\/wp\/v2\/pages"}],"about":[{"href":"https:\/\/www.hilfe-fuer-guasmo.de\/es\/wp-json\/wp\/v2\/types\/page"}],"author":[{"embeddable":true,"href":"https:\/\/www.hilfe-fuer-guasmo.de\/es\/wp-json\/wp\/v2\/users\/1"}],"replies":[{"embeddable":true,"href":"https:\/\/www.hilfe-fuer-guasmo.de\/es\/wp-json\/wp\/v2\/comments?post=63"}],"version-history":[{"count":20,"href":"https:\/\/www.hilfe-fuer-guasmo.de\/es\/wp-json\/wp\/v2\/pages\/63\/revisions"}],"predecessor-version":[{"id":2038,"href":"https:\/\/www.hilfe-fuer-guasmo.de\/es\/wp-json\/wp\/v2\/pages\/63\/revisions\/2038"}],"wp:attachment":[{"href":"https:\/\/www.hilfe-fuer-guasmo.de\/es\/wp-json\/wp\/v2\/media?parent=63"}],"curies":[{"name":"wp","href":"https:\/\/api.w.org\/{rel}","templated":true}]}}