{"id":2950,"date":"2026-05-06T15:33:58","date_gmt":"2026-05-06T15:33:58","guid":{"rendered":"https:\/\/www.hilfe-fuer-guasmo.de\/?page_id=2950"},"modified":"2026-05-06T16:42:55","modified_gmt":"2026-05-06T16:42:55","slug":"ferienkurs-in-guayaquil-maerz-april-2026","status":"publish","type":"page","link":"https:\/\/www.hilfe-fuer-guasmo.de\/es\/ferienkurs-in-guayaquil-maerz-april-2026\/","title":{"rendered":"Ferienkurs in Guayaquil M\u00e4rz &#8211; April 2026"},"content":{"rendered":"\n<p><strong>Selbstverteidigung<\/strong><\/p>\n\n\n\n<p>Ein Selbstverteidigungskurs bot den 28 angemeldeten StipendiatInnen die M\u00f6glichkeit, ihre pers\u00f6nliche Sicherheit in ihrem gef\u00e4hrlichen Lebensumfeld zu verbessern und ihr Selbstvertrauen zu st\u00e4rken. Dazu trafen sich die Teilnehmenden neunmal innerhalb von vier Wochen und besch\u00e4ftigten sich in Theorie und Praxis mit dem Thema Sicherheit. <br>Nach Aufw\u00e4rm- und Konditions\u00fcbungen erlernten die M\u00e4dchen und Jungen unter Anleitung des Trainers Selbstverteidigungstechniken wie Blocken, Ausweichen und Befreiungsgriffe. Altersgem\u00e4\u00dfe spielerische Aktivit\u00e4ten waren ebenso Teil des Kurses wie die Simulation von Risikosituationen, um die erlernten Reaktionen zu testen. <br>Disziplin, Respekt und Verantwortungsbewusstsein geh\u00f6rten ebenfalls zum Training dazu \u2013 zentrale Elemente, die auch im Alltag eine wichtige Rolle spielen.<\/p>\n\n\n\n<figure class=\"wp-block-image size-large\"><img loading=\"lazy\" width=\"1504\" height=\"800\" src=\"https:\/\/www.hilfe-fuer-guasmo.de\/wp-content\/uploads\/2026\/05\/20260505_Selbstverteidigung_Gruppe-1504x800.jpeg\" alt=\"\" class=\"wp-image-2955\" srcset=\"https:\/\/www.hilfe-fuer-guasmo.de\/wp-content\/uploads\/2026\/05\/20260505_Selbstverteidigung_Gruppe-1504x800.jpeg 1504w, https:\/\/www.hilfe-fuer-guasmo.de\/wp-content\/uploads\/2026\/05\/20260505_Selbstverteidigung_Gruppe-750x399.jpeg 750w, https:\/\/www.hilfe-fuer-guasmo.de\/wp-content\/uploads\/2026\/05\/20260505_Selbstverteidigung_Gruppe-768x409.jpeg 768w, https:\/\/www.hilfe-fuer-guasmo.de\/wp-content\/uploads\/2026\/05\/20260505_Selbstverteidigung_Gruppe-1536x817.jpeg 1536w, https:\/\/www.hilfe-fuer-guasmo.de\/wp-content\/uploads\/2026\/05\/20260505_Selbstverteidigung_Gruppe.jpeg 1566w\" sizes=\"(max-width: 1504px) 100vw, 1504px\" \/><\/figure>\n\n\n\n<div class=\"wp-block-columns\">\n<div class=\"wp-block-column\">\n<figure class=\"wp-block-image size-large\"><img loading=\"lazy\" width=\"591\" height=\"800\" src=\"https:\/\/www.hilfe-fuer-guasmo.de\/wp-content\/uploads\/2026\/05\/20260505_Selbsverteidigung3-591x800.jpeg\" alt=\"\" class=\"wp-image-2954\" srcset=\"https:\/\/www.hilfe-fuer-guasmo.de\/wp-content\/uploads\/2026\/05\/20260505_Selbsverteidigung3-591x800.jpeg 591w, https:\/\/www.hilfe-fuer-guasmo.de\/wp-content\/uploads\/2026\/05\/20260505_Selbsverteidigung3-443x600.jpeg 443w, https:\/\/www.hilfe-fuer-guasmo.de\/wp-content\/uploads\/2026\/05\/20260505_Selbsverteidigung3-768x1040.jpeg 768w, https:\/\/www.hilfe-fuer-guasmo.de\/wp-content\/uploads\/2026\/05\/20260505_Selbsverteidigung3.jpeg 1001w\" sizes=\"(max-width: 591px) 100vw, 591px\" \/><\/figure>\n<\/div>\n\n\n\n<div class=\"wp-block-column\">\n<figure class=\"wp-block-image size-large\"><img loading=\"lazy\" width=\"1067\" height=\"800\" src=\"https:\/\/www.hilfe-fuer-guasmo.de\/wp-content\/uploads\/2026\/05\/20260505_Selbsverteidigung4-1067x800.jpeg\" alt=\"\" class=\"wp-image-2956\" srcset=\"https:\/\/www.hilfe-fuer-guasmo.de\/wp-content\/uploads\/2026\/05\/20260505_Selbsverteidigung4-1067x800.jpeg 1067w, https:\/\/www.hilfe-fuer-guasmo.de\/wp-content\/uploads\/2026\/05\/20260505_Selbsverteidigung4-750x563.jpeg 750w, https:\/\/www.hilfe-fuer-guasmo.de\/wp-content\/uploads\/2026\/05\/20260505_Selbsverteidigung4-768x576.jpeg 768w, https:\/\/www.hilfe-fuer-guasmo.de\/wp-content\/uploads\/2026\/05\/20260505_Selbsverteidigung4-1536x1152.jpeg 1536w, https:\/\/www.hilfe-fuer-guasmo.de\/wp-content\/uploads\/2026\/05\/20260505_Selbsverteidigung4.jpeg 1600w\" sizes=\"(max-width: 1067px) 100vw, 1067px\" \/><\/figure>\n<\/div>\n\n\n\n<div class=\"wp-block-column\">\n<figure class=\"wp-block-image size-large\"><img loading=\"lazy\" width=\"592\" height=\"800\" src=\"https:\/\/www.hilfe-fuer-guasmo.de\/wp-content\/uploads\/2026\/05\/20260505_Selbsverteidigung1-592x800.jpeg\" alt=\"\" class=\"wp-image-2953\" srcset=\"https:\/\/www.hilfe-fuer-guasmo.de\/wp-content\/uploads\/2026\/05\/20260505_Selbsverteidigung1-592x800.jpeg 592w, https:\/\/www.hilfe-fuer-guasmo.de\/wp-content\/uploads\/2026\/05\/20260505_Selbsverteidigung1-444x600.jpeg 444w, https:\/\/www.hilfe-fuer-guasmo.de\/wp-content\/uploads\/2026\/05\/20260505_Selbsverteidigung1-768x1037.jpeg 768w, https:\/\/www.hilfe-fuer-guasmo.de\/wp-content\/uploads\/2026\/05\/20260505_Selbsverteidigung1.jpeg 1092w\" sizes=\"(max-width: 592px) 100vw, 592px\" \/><\/figure>\n<\/div>\n<\/div>\n\n\n\n<div class=\"wp-block-columns\">\n<div class=\"wp-block-column\">\n<figure class=\"wp-block-image size-large\"><img loading=\"lazy\" width=\"605\" height=\"800\" src=\"https:\/\/www.hilfe-fuer-guasmo.de\/wp-content\/uploads\/2026\/05\/20260505_Selbsverteidigung6-605x800.jpeg\" alt=\"\" class=\"wp-image-2958\" srcset=\"https:\/\/www.hilfe-fuer-guasmo.de\/wp-content\/uploads\/2026\/05\/20260505_Selbsverteidigung6-605x800.jpeg 605w, https:\/\/www.hilfe-fuer-guasmo.de\/wp-content\/uploads\/2026\/05\/20260505_Selbsverteidigung6-454x600.jpeg 454w, https:\/\/www.hilfe-fuer-guasmo.de\/wp-content\/uploads\/2026\/05\/20260505_Selbsverteidigung6-768x1016.jpeg 768w, https:\/\/www.hilfe-fuer-guasmo.de\/wp-content\/uploads\/2026\/05\/20260505_Selbsverteidigung6.jpeg 1019w\" sizes=\"(max-width: 605px) 100vw, 605px\" \/><\/figure>\n<\/div>\n\n\n\n<div class=\"wp-block-column\">\n<figure class=\"wp-block-image size-large\"><img loading=\"lazy\" width=\"1067\" height=\"800\" src=\"https:\/\/www.hilfe-fuer-guasmo.de\/wp-content\/uploads\/2026\/05\/20260505_Selbsverteidigung5-1067x800.jpeg\" alt=\"\" class=\"wp-image-2957\" srcset=\"https:\/\/www.hilfe-fuer-guasmo.de\/wp-content\/uploads\/2026\/05\/20260505_Selbsverteidigung5-1067x800.jpeg 1067w, https:\/\/www.hilfe-fuer-guasmo.de\/wp-content\/uploads\/2026\/05\/20260505_Selbsverteidigung5-750x563.jpeg 750w, https:\/\/www.hilfe-fuer-guasmo.de\/wp-content\/uploads\/2026\/05\/20260505_Selbsverteidigung5-768x576.jpeg 768w, https:\/\/www.hilfe-fuer-guasmo.de\/wp-content\/uploads\/2026\/05\/20260505_Selbsverteidigung5-1536x1152.jpeg 1536w, https:\/\/www.hilfe-fuer-guasmo.de\/wp-content\/uploads\/2026\/05\/20260505_Selbsverteidigung5.jpeg 1600w\" sizes=\"(max-width: 1067px) 100vw, 1067px\" \/><\/figure>\n\n\n\n<figure class=\"wp-block-image size-large\"><img loading=\"lazy\" width=\"1067\" height=\"800\" src=\"https:\/\/www.hilfe-fuer-guasmo.de\/wp-content\/uploads\/2026\/05\/20260505_Selbsverteidigung4-1067x800.jpeg\" alt=\"\" class=\"wp-image-2956\" srcset=\"https:\/\/www.hilfe-fuer-guasmo.de\/wp-content\/uploads\/2026\/05\/20260505_Selbsverteidigung4-1067x800.jpeg 1067w, https:\/\/www.hilfe-fuer-guasmo.de\/wp-content\/uploads\/2026\/05\/20260505_Selbsverteidigung4-750x563.jpeg 750w, https:\/\/www.hilfe-fuer-guasmo.de\/wp-content\/uploads\/2026\/05\/20260505_Selbsverteidigung4-768x576.jpeg 768w, https:\/\/www.hilfe-fuer-guasmo.de\/wp-content\/uploads\/2026\/05\/20260505_Selbsverteidigung4-1536x1152.jpeg 1536w, https:\/\/www.hilfe-fuer-guasmo.de\/wp-content\/uploads\/2026\/05\/20260505_Selbsverteidigung4.jpeg 1600w\" sizes=\"(max-width: 1067px) 100vw, 1067px\" \/><\/figure>\n<\/div>\n<\/div>\n","protected":false},"excerpt":{"rendered":"<p>Selbstverteidigung Ein Selbstverteidigungskurs bot den 28 angemeldeten StipendiatInnen die M\u00f6glichkeit, ihre pers\u00f6nliche Sicherheit in ihrem gef\u00e4hrlichen Lebensumfeld zu verbessern und ihr Selbstvertrauen zu st\u00e4rken. Dazu trafen sich die Teilnehmenden neunmal innerhalb von vier Wochen und besch\u00e4ftigten sich in Theorie und Praxis mit dem Thema Sicherheit. Nach Aufw\u00e4rm- und Konditions\u00fcbungen erlernten die M\u00e4dchen und Jungen unter &hellip; <a href=\"https:\/\/www.hilfe-fuer-guasmo.de\/es\/ferienkurs-in-guayaquil-maerz-april-2026\/\" class=\"more-link\">Seguir leyendo <span class=\"screen-reader-text\">Ferienkurs in Guayaquil M\u00e4rz &#8211; April 2026<\/span> <span class=\"meta-nav\">&rarr;<\/span><\/a><\/p>\n","protected":false},"author":4,"featured_media":0,"parent":0,"menu_order":0,"comment_status":"closed","ping_status":"closed","template":"","meta":[],"translation":{"provider":"WPGlobus","version":"3.0.0","language":"es","enabled_languages":["de","es"],"languages":{"de":{"title":true,"content":true,"excerpt":false},"es":{"title":false,"content":false,"excerpt":false}}},"yoast_head":"<!-- This site is optimized with the Yoast SEO plugin v18.1 - https:\/\/yoast.com\/wordpress\/plugins\/seo\/ -->\n<meta name=\"robots\" content=\"index, follow, max-snippet:-1, max-image-preview:large, max-video-preview:-1\" \/>\n<link rel=\"canonical\" href=\"https:\/\/www.hilfe-fuer-guasmo.de\/ferienkurs-in-guayaquil-maerz-april-2026\/\" \/>\n<meta property=\"og:locale\" content=\"es_ES\" \/>\n<meta property=\"og:type\" content=\"article\" \/>\n<meta property=\"og:title\" content=\"Ferienkurs in Guayaquil M\u00e4rz - April 2026 - Hilfe fuer Guasmo\" \/>\n<meta property=\"og:url\" content=\"https:\/\/www.hilfe-fuer-guasmo.de\/ferienkurs-in-guayaquil-maerz-april-2026\/\" \/>\n<meta property=\"og:site_name\" content=\"Hilfe fuer Guasmo\" \/>\n<meta property=\"article:modified_time\" content=\"2026-05-06T16:42:55+00:00\" \/>\n<meta property=\"og:image\" content=\"https:\/\/www.hilfe-fuer-guasmo.de\/wp-content\/uploads\/2026\/05\/20260505_Selbstverteidigung_Gruppe-1504x800.jpeg\" \/>\n<meta name=\"twitter:card\" content=\"summary\" \/>\n<meta name=\"twitter:label1\" content=\"Tiempo de lectura\" \/>\n\t<meta name=\"twitter:data1\" content=\"2 minutos\" \/>\n<script type=\"application\/ld+json\" class=\"yoast-schema-graph\">{\"@context\":\"https:\/\/schema.org\",\"@graph\":[{\"@type\":\"WebSite\",\"@id\":\"https:\/\/www.hilfe-fuer-guasmo.de\/#website\",\"url\":\"https:\/\/www.hilfe-fuer-guasmo.de\/\",\"name\":\"Hilfe fuer Guasmo\",\"description\":\"apoyar a ni\u00f1os en Ecuador\",\"potentialAction\":[{\"@type\":\"SearchAction\",\"target\":{\"@type\":\"EntryPoint\",\"urlTemplate\":\"https:\/\/www.hilfe-fuer-guasmo.de\/?s={search_term_string}\"},\"query-input\":\"required name=search_term_string\"}],\"inLanguage\":\"es\"},{\"@type\":\"ImageObject\",\"@id\":\"https:\/\/www.hilfe-fuer-guasmo.de\/ferienkurs-in-guayaquil-maerz-april-2026\/#primaryimage\",\"inLanguage\":\"es\",\"url\":\"https:\/\/www.hilfe-fuer-guasmo.de\/wp-content\/uploads\/2026\/05\/20260505_Selbstverteidigung_Gruppe.jpeg\",\"contentUrl\":\"https:\/\/www.hilfe-fuer-guasmo.de\/wp-content\/uploads\/2026\/05\/20260505_Selbstverteidigung_Gruppe.jpeg\",\"width\":1566,\"height\":833},{\"@type\":\"WebPage\",\"@id\":\"https:\/\/www.hilfe-fuer-guasmo.de\/ferienkurs-in-guayaquil-maerz-april-2026\/#webpage\",\"url\":\"https:\/\/www.hilfe-fuer-guasmo.de\/ferienkurs-in-guayaquil-maerz-april-2026\/\",\"name\":\"Ferienkurs in Guayaquil M\u00e4rz - April 2026 - Hilfe fuer Guasmo\",\"isPartOf\":{\"@id\":\"https:\/\/www.hilfe-fuer-guasmo.de\/#website\"},\"primaryImageOfPage\":{\"@id\":\"https:\/\/www.hilfe-fuer-guasmo.de\/ferienkurs-in-guayaquil-maerz-april-2026\/#primaryimage\"},\"datePublished\":\"2026-05-06T15:33:58+00:00\",\"dateModified\":\"2026-05-06T16:42:55+00:00\",\"breadcrumb\":{\"@id\":\"https:\/\/www.hilfe-fuer-guasmo.de\/ferienkurs-in-guayaquil-maerz-april-2026\/#breadcrumb\"},\"inLanguage\":\"es\",\"potentialAction\":[{\"@type\":\"ReadAction\",\"target\":[\"https:\/\/www.hilfe-fuer-guasmo.de\/ferienkurs-in-guayaquil-maerz-april-2026\/\"]}]},{\"@type\":\"BreadcrumbList\",\"@id\":\"https:\/\/www.hilfe-fuer-guasmo.de\/ferienkurs-in-guayaquil-maerz-april-2026\/#breadcrumb\",\"itemListElement\":[{\"@type\":\"ListItem\",\"position\":1,\"name\":\"Home\",\"item\":\"https:\/\/www.hilfe-fuer-guasmo.de\/\"},{\"@type\":\"ListItem\",\"position\":2,\"name\":\"Ferienkurs in Guayaquil M\u00e4rz &#8211; April 2026\"}]}]}<\/script>\n<!-- \/ Yoast SEO plugin. -->","yoast_head_json":{"robots":{"index":"index","follow":"follow","max-snippet":"max-snippet:-1","max-image-preview":"max-image-preview:large","max-video-preview":"max-video-preview:-1"},"canonical":"https:\/\/www.hilfe-fuer-guasmo.de\/ferienkurs-in-guayaquil-maerz-april-2026\/","og_locale":"es_ES","og_type":"article","og_title":"Ferienkurs in Guayaquil M\u00e4rz - April 2026 - Hilfe fuer Guasmo","og_url":"https:\/\/www.hilfe-fuer-guasmo.de\/ferienkurs-in-guayaquil-maerz-april-2026\/","og_site_name":"Hilfe fuer Guasmo","article_modified_time":"2026-05-06T16:42:55+00:00","og_image":[{"url":"https:\/\/www.hilfe-fuer-guasmo.de\/wp-content\/uploads\/2026\/05\/20260505_Selbstverteidigung_Gruppe-1504x800.jpeg"}],"twitter_card":"summary","twitter_misc":{"Tiempo de lectura":"2 minutos"},"schema":{"@context":"https:\/\/schema.org","@graph":[{"@type":"WebSite","@id":"https:\/\/www.hilfe-fuer-guasmo.de\/#website","url":"https:\/\/www.hilfe-fuer-guasmo.de\/","name":"Hilfe fuer Guasmo","description":"apoyar a ni\u00f1os en Ecuador","potentialAction":[{"@type":"SearchAction","target":{"@type":"EntryPoint","urlTemplate":"https:\/\/www.hilfe-fuer-guasmo.de\/?s={search_term_string}"},"query-input":"required name=search_term_string"}],"inLanguage":"es"},{"@type":"ImageObject","@id":"https:\/\/www.hilfe-fuer-guasmo.de\/ferienkurs-in-guayaquil-maerz-april-2026\/#primaryimage","inLanguage":"es","url":"https:\/\/www.hilfe-fuer-guasmo.de\/wp-content\/uploads\/2026\/05\/20260505_Selbstverteidigung_Gruppe.jpeg","contentUrl":"https:\/\/www.hilfe-fuer-guasmo.de\/wp-content\/uploads\/2026\/05\/20260505_Selbstverteidigung_Gruppe.jpeg","width":1566,"height":833},{"@type":"WebPage","@id":"https:\/\/www.hilfe-fuer-guasmo.de\/ferienkurs-in-guayaquil-maerz-april-2026\/#webpage","url":"https:\/\/www.hilfe-fuer-guasmo.de\/ferienkurs-in-guayaquil-maerz-april-2026\/","name":"Ferienkurs in Guayaquil M\u00e4rz - April 2026 - Hilfe fuer Guasmo","isPartOf":{"@id":"https:\/\/www.hilfe-fuer-guasmo.de\/#website"},"primaryImageOfPage":{"@id":"https:\/\/www.hilfe-fuer-guasmo.de\/ferienkurs-in-guayaquil-maerz-april-2026\/#primaryimage"},"datePublished":"2026-05-06T15:33:58+00:00","dateModified":"2026-05-06T16:42:55+00:00","breadcrumb":{"@id":"https:\/\/www.hilfe-fuer-guasmo.de\/ferienkurs-in-guayaquil-maerz-april-2026\/#breadcrumb"},"inLanguage":"es","potentialAction":[{"@type":"ReadAction","target":["https:\/\/www.hilfe-fuer-guasmo.de\/ferienkurs-in-guayaquil-maerz-april-2026\/"]}]},{"@type":"BreadcrumbList","@id":"https:\/\/www.hilfe-fuer-guasmo.de\/ferienkurs-in-guayaquil-maerz-april-2026\/#breadcrumb","itemListElement":[{"@type":"ListItem","position":1,"name":"Home","item":"https:\/\/www.hilfe-fuer-guasmo.de\/"},{"@type":"ListItem","position":2,"name":"Ferienkurs in Guayaquil M\u00e4rz &#8211; April 2026"}]}]}},"_links":{"self":[{"href":"https:\/\/www.hilfe-fuer-guasmo.de\/es\/wp-json\/wp\/v2\/pages\/2950"}],"collection":[{"href":"https:\/\/www.hilfe-fuer-guasmo.de\/es\/wp-json\/wp\/v2\/pages"}],"about":[{"href":"https:\/\/www.hilfe-fuer-guasmo.de\/es\/wp-json\/wp\/v2\/types\/page"}],"author":[{"embeddable":true,"href":"https:\/\/www.hilfe-fuer-guasmo.de\/es\/wp-json\/wp\/v2\/users\/4"}],"replies":[{"embeddable":true,"href":"https:\/\/www.hilfe-fuer-guasmo.de\/es\/wp-json\/wp\/v2\/comments?post=2950"}],"version-history":[{"count":6,"href":"https:\/\/www.hilfe-fuer-guasmo.de\/es\/wp-json\/wp\/v2\/pages\/2950\/revisions"}],"predecessor-version":[{"id":2966,"href":"https:\/\/www.hilfe-fuer-guasmo.de\/es\/wp-json\/wp\/v2\/pages\/2950\/revisions\/2966"}],"wp:attachment":[{"href":"https:\/\/www.hilfe-fuer-guasmo.de\/es\/wp-json\/wp\/v2\/media?parent=2950"}],"curies":[{"name":"wp","href":"https:\/\/api.w.org\/{rel}","templated":true}]}}