{"id":2807,"date":"2024-11-03T15:35:43","date_gmt":"2024-11-03T15:35:43","guid":{"rendered":"https:\/\/www.hilfe-fuer-guasmo.de\/?page_id=2807"},"modified":"2024-11-03T15:35:43","modified_gmt":"2024-11-03T15:35:43","slug":"zahnarztaktion-in-guayaquil-mai-2024","status":"publish","type":"page","link":"https:\/\/www.hilfe-fuer-guasmo.de\/es\/zahnarztaktion-in-guayaquil-mai-2024\/","title":{"rendered":"Zahnarztaktion in Guayaquil  Mai  2024"},"content":{"rendered":"\n<p>Unsere Stipendiaten und Stipendiatinnen wurden in einer zahn\u00e4rztlichen Praxis zur Zahnhygiene angeleitet und \u00fcber die Ursachen von Karies aufgekl\u00e4rt. Es folgte eine Zahnreinigung und eine Untersuchung. Die diagnostizierten F\u00e4lle von Karies werden auf Wunsch behandelt, wobei von den Eltern ein kleiner finanzieller Beitrag verlangt wird.<\/p>\n\n\n\n<figure class=\"wp-block-image size-large\"><img loading=\"lazy\" width=\"321\" height=\"241\" src=\"https:\/\/www.hilfe-fuer-guasmo.de\/wp-content\/uploads\/2024\/11\/Zahnarztbesuch.jpg\" alt=\"\" class=\"wp-image-2794\"\/><\/figure>\n","protected":false},"excerpt":{"rendered":"<p>Unsere Stipendiaten und Stipendiatinnen wurden in einer zahn\u00e4rztlichen Praxis zur Zahnhygiene angeleitet und \u00fcber die Ursachen von Karies aufgekl\u00e4rt. Es folgte eine Zahnreinigung und eine Untersuchung. Die diagnostizierten F\u00e4lle von Karies werden auf Wunsch behandelt, wobei von den Eltern ein kleiner finanzieller Beitrag verlangt wird.<\/p>\n","protected":false},"author":4,"featured_media":0,"parent":0,"menu_order":0,"comment_status":"closed","ping_status":"closed","template":"","meta":[],"translation":{"provider":"WPGlobus","version":"3.0.0","language":"es","enabled_languages":["de","es"],"languages":{"de":{"title":true,"content":true,"excerpt":false},"es":{"title":false,"content":false,"excerpt":false}}},"yoast_head":"<!-- This site is optimized with the Yoast SEO plugin v18.1 - https:\/\/yoast.com\/wordpress\/plugins\/seo\/ -->\n<meta name=\"robots\" content=\"index, follow, max-snippet:-1, max-image-preview:large, max-video-preview:-1\" \/>\n<link rel=\"canonical\" href=\"https:\/\/www.hilfe-fuer-guasmo.de\/zahnarztaktion-in-guayaquil-mai-2024\/\" \/>\n<meta property=\"og:locale\" content=\"es_ES\" \/>\n<meta property=\"og:type\" content=\"article\" \/>\n<meta property=\"og:title\" content=\"Zahnarztaktion in Guayaquil Mai 2024 - Hilfe fuer Guasmo\" \/>\n<meta property=\"og:url\" content=\"https:\/\/www.hilfe-fuer-guasmo.de\/zahnarztaktion-in-guayaquil-mai-2024\/\" \/>\n<meta property=\"og:site_name\" content=\"Hilfe fuer Guasmo\" \/>\n<meta property=\"og:image\" content=\"https:\/\/www.hilfe-fuer-guasmo.de\/wp-content\/uploads\/2024\/11\/Zahnarztbesuch.jpg\" \/>\n<meta name=\"twitter:card\" content=\"summary\" \/>\n<meta name=\"twitter:label1\" content=\"Tiempo de lectura\" \/>\n\t<meta name=\"twitter:data1\" content=\"1 minuto\" \/>\n<script type=\"application\/ld+json\" class=\"yoast-schema-graph\">{\"@context\":\"https:\/\/schema.org\",\"@graph\":[{\"@type\":\"WebSite\",\"@id\":\"https:\/\/www.hilfe-fuer-guasmo.de\/#website\",\"url\":\"https:\/\/www.hilfe-fuer-guasmo.de\/\",\"name\":\"Hilfe fuer Guasmo\",\"description\":\"apoyar a ni\u00f1os en Ecuador\",\"potentialAction\":[{\"@type\":\"SearchAction\",\"target\":{\"@type\":\"EntryPoint\",\"urlTemplate\":\"https:\/\/www.hilfe-fuer-guasmo.de\/?s={search_term_string}\"},\"query-input\":\"required name=search_term_string\"}],\"inLanguage\":\"es\"},{\"@type\":\"ImageObject\",\"@id\":\"https:\/\/www.hilfe-fuer-guasmo.de\/zahnarztaktion-in-guayaquil-mai-2024\/#primaryimage\",\"inLanguage\":\"es\",\"url\":\"https:\/\/www.hilfe-fuer-guasmo.de\/wp-content\/uploads\/2024\/11\/Zahnarztbesuch.jpg\",\"contentUrl\":\"https:\/\/www.hilfe-fuer-guasmo.de\/wp-content\/uploads\/2024\/11\/Zahnarztbesuch.jpg\",\"width\":321,\"height\":241},{\"@type\":\"WebPage\",\"@id\":\"https:\/\/www.hilfe-fuer-guasmo.de\/zahnarztaktion-in-guayaquil-mai-2024\/#webpage\",\"url\":\"https:\/\/www.hilfe-fuer-guasmo.de\/zahnarztaktion-in-guayaquil-mai-2024\/\",\"name\":\"Zahnarztaktion in Guayaquil Mai 2024 - Hilfe fuer Guasmo\",\"isPartOf\":{\"@id\":\"https:\/\/www.hilfe-fuer-guasmo.de\/#website\"},\"primaryImageOfPage\":{\"@id\":\"https:\/\/www.hilfe-fuer-guasmo.de\/zahnarztaktion-in-guayaquil-mai-2024\/#primaryimage\"},\"datePublished\":\"2024-11-03T15:35:43+00:00\",\"dateModified\":\"2024-11-03T15:35:43+00:00\",\"breadcrumb\":{\"@id\":\"https:\/\/www.hilfe-fuer-guasmo.de\/zahnarztaktion-in-guayaquil-mai-2024\/#breadcrumb\"},\"inLanguage\":\"es\",\"potentialAction\":[{\"@type\":\"ReadAction\",\"target\":[\"https:\/\/www.hilfe-fuer-guasmo.de\/zahnarztaktion-in-guayaquil-mai-2024\/\"]}]},{\"@type\":\"BreadcrumbList\",\"@id\":\"https:\/\/www.hilfe-fuer-guasmo.de\/zahnarztaktion-in-guayaquil-mai-2024\/#breadcrumb\",\"itemListElement\":[{\"@type\":\"ListItem\",\"position\":1,\"name\":\"Home\",\"item\":\"https:\/\/www.hilfe-fuer-guasmo.de\/\"},{\"@type\":\"ListItem\",\"position\":2,\"name\":\"Zahnarztaktion in Guayaquil Mai 2024\"}]}]}<\/script>\n<!-- \/ Yoast SEO plugin. -->","yoast_head_json":{"robots":{"index":"index","follow":"follow","max-snippet":"max-snippet:-1","max-image-preview":"max-image-preview:large","max-video-preview":"max-video-preview:-1"},"canonical":"https:\/\/www.hilfe-fuer-guasmo.de\/zahnarztaktion-in-guayaquil-mai-2024\/","og_locale":"es_ES","og_type":"article","og_title":"Zahnarztaktion in Guayaquil Mai 2024 - Hilfe fuer Guasmo","og_url":"https:\/\/www.hilfe-fuer-guasmo.de\/zahnarztaktion-in-guayaquil-mai-2024\/","og_site_name":"Hilfe fuer Guasmo","og_image":[{"url":"https:\/\/www.hilfe-fuer-guasmo.de\/wp-content\/uploads\/2024\/11\/Zahnarztbesuch.jpg"}],"twitter_card":"summary","twitter_misc":{"Tiempo de lectura":"1 minuto"},"schema":{"@context":"https:\/\/schema.org","@graph":[{"@type":"WebSite","@id":"https:\/\/www.hilfe-fuer-guasmo.de\/#website","url":"https:\/\/www.hilfe-fuer-guasmo.de\/","name":"Hilfe fuer Guasmo","description":"apoyar a ni\u00f1os en Ecuador","potentialAction":[{"@type":"SearchAction","target":{"@type":"EntryPoint","urlTemplate":"https:\/\/www.hilfe-fuer-guasmo.de\/?s={search_term_string}"},"query-input":"required name=search_term_string"}],"inLanguage":"es"},{"@type":"ImageObject","@id":"https:\/\/www.hilfe-fuer-guasmo.de\/zahnarztaktion-in-guayaquil-mai-2024\/#primaryimage","inLanguage":"es","url":"https:\/\/www.hilfe-fuer-guasmo.de\/wp-content\/uploads\/2024\/11\/Zahnarztbesuch.jpg","contentUrl":"https:\/\/www.hilfe-fuer-guasmo.de\/wp-content\/uploads\/2024\/11\/Zahnarztbesuch.jpg","width":321,"height":241},{"@type":"WebPage","@id":"https:\/\/www.hilfe-fuer-guasmo.de\/zahnarztaktion-in-guayaquil-mai-2024\/#webpage","url":"https:\/\/www.hilfe-fuer-guasmo.de\/zahnarztaktion-in-guayaquil-mai-2024\/","name":"Zahnarztaktion in Guayaquil Mai 2024 - Hilfe fuer Guasmo","isPartOf":{"@id":"https:\/\/www.hilfe-fuer-guasmo.de\/#website"},"primaryImageOfPage":{"@id":"https:\/\/www.hilfe-fuer-guasmo.de\/zahnarztaktion-in-guayaquil-mai-2024\/#primaryimage"},"datePublished":"2024-11-03T15:35:43+00:00","dateModified":"2024-11-03T15:35:43+00:00","breadcrumb":{"@id":"https:\/\/www.hilfe-fuer-guasmo.de\/zahnarztaktion-in-guayaquil-mai-2024\/#breadcrumb"},"inLanguage":"es","potentialAction":[{"@type":"ReadAction","target":["https:\/\/www.hilfe-fuer-guasmo.de\/zahnarztaktion-in-guayaquil-mai-2024\/"]}]},{"@type":"BreadcrumbList","@id":"https:\/\/www.hilfe-fuer-guasmo.de\/zahnarztaktion-in-guayaquil-mai-2024\/#breadcrumb","itemListElement":[{"@type":"ListItem","position":1,"name":"Home","item":"https:\/\/www.hilfe-fuer-guasmo.de\/"},{"@type":"ListItem","position":2,"name":"Zahnarztaktion in Guayaquil Mai 2024"}]}]}},"_links":{"self":[{"href":"https:\/\/www.hilfe-fuer-guasmo.de\/es\/wp-json\/wp\/v2\/pages\/2807"}],"collection":[{"href":"https:\/\/www.hilfe-fuer-guasmo.de\/es\/wp-json\/wp\/v2\/pages"}],"about":[{"href":"https:\/\/www.hilfe-fuer-guasmo.de\/es\/wp-json\/wp\/v2\/types\/page"}],"author":[{"embeddable":true,"href":"https:\/\/www.hilfe-fuer-guasmo.de\/es\/wp-json\/wp\/v2\/users\/4"}],"replies":[{"embeddable":true,"href":"https:\/\/www.hilfe-fuer-guasmo.de\/es\/wp-json\/wp\/v2\/comments?post=2807"}],"version-history":[{"count":1,"href":"https:\/\/www.hilfe-fuer-guasmo.de\/es\/wp-json\/wp\/v2\/pages\/2807\/revisions"}],"predecessor-version":[{"id":2809,"href":"https:\/\/www.hilfe-fuer-guasmo.de\/es\/wp-json\/wp\/v2\/pages\/2807\/revisions\/2809"}],"wp:attachment":[{"href":"https:\/\/www.hilfe-fuer-guasmo.de\/es\/wp-json\/wp\/v2\/media?parent=2807"}],"curies":[{"name":"wp","href":"https:\/\/api.w.org\/{rel}","templated":true}]}}