{"id":2620,"date":"2023-07-25T16:25:03","date_gmt":"2023-07-25T16:25:03","guid":{"rendered":"https:\/\/www.hilfe-fuer-guasmo.de\/?page_id=2620"},"modified":"2024-04-15T16:39:44","modified_gmt":"2024-04-15T16:39:44","slug":"schuljahresende-2022-3-in-puerto-napo","status":"publish","type":"page","link":"https:\/\/www.hilfe-fuer-guasmo.de\/es\/aktuelles\/neues-aus-den-projekten\/schuljahresende-2022-3-in-puerto-napo\/","title":{"rendered":"Schuljahresende 2022\/23 in Puerto Napo"},"content":{"rendered":"\n<p>In <strong>Puerto Napo<\/strong> ist das Schuljahr und das Studiensemester zu Ende, ein guter Zeitpunkt, sich Gedanken \u00fcber die Zukunft zu machen. Unsere Sozialarbeiterin Sandra Largo gab den M\u00e4dchen anhand eines Fragebogens wichtige Impulse.<\/p>\n\n\n\n<p class=\"has-medium-font-size\"><strong>Zukunftsplan<\/strong><\/p>\n\n\n\n<figure class=\"wp-block-table is-style-stripes\"><table><tbody><tr><td>Was sind deine langfristigen Ziele und Tr\u00e4ume?<\/td><\/tr><tr><td>Welche Schritte unternimmst du aktuell, um diese Ziele zu erreichen?<\/td><\/tr><tr><td>Welche weitere Bildung oder Schulung planst du, um deine Laufbahn voranzutreiben?<\/td><\/tr><tr><td>Welche Aktivit\u00e4ten oder Hobbys w\u00fcrdest du gern machen, um dein pers\u00f6nliches Leben zu bereichern?<\/td><\/tr><tr><td>Wie m\u00f6chtest Du einen Beitrag zur Gesellschaft leisten und die Welt positiv ver\u00e4ndern?<\/td><\/tr><tr><td>Welchen Lebensstil w\u00fcrdest du gern in der Zukunft verwirklichen und wie planst du, ihn zu erreichen?<\/td><\/tr><\/tbody><\/table><\/figure>\n\n\n\n<p>Nachdem alle die Fragen f\u00fcr sich beantwortet hatten, diskutierten die M\u00e4dchen in Gruppen und stellten schlie\u00dflich ihre Ergebnisse im Plenum vor. Dabei lernten Sie, nicht nur eigene Ziele zu entwickeln und deren Umsetzung zu planen, sondern auch eigenen Vorstellungen darzulegen und verschiedene Standpunkte zu diskutieren. Eine wichtige \u00dcbung f\u00fcr M\u00e4dchen, die in ihrem famili\u00e4ren Umfeld meist nicht viel bestimmen d\u00fcrfen.<\/p>\n\n\n\n<figure class=\"wp-block-gallery columns-2 is-cropped\"><ul class=\"blocks-gallery-grid\"><li class=\"blocks-gallery-item\"><figure><img loading=\"lazy\" width=\"992\" height=\"744\" src=\"https:\/\/www.hilfe-fuer-guasmo.de\/wp-content\/uploads\/2023\/07\/Puerto-Napo-2023-4.jpg\" alt=\"\" data-id=\"2627\" data-full-url=\"https:\/\/www.hilfe-fuer-guasmo.de\/wp-content\/uploads\/2023\/07\/Puerto-Napo-2023-4.jpg\" data-link=\"https:\/\/www.hilfe-fuer-guasmo.de\/puerto-napo-2023-4\/\" class=\"wp-image-2627\" srcset=\"https:\/\/www.hilfe-fuer-guasmo.de\/wp-content\/uploads\/2023\/07\/Puerto-Napo-2023-4.jpg 992w, https:\/\/www.hilfe-fuer-guasmo.de\/wp-content\/uploads\/2023\/07\/Puerto-Napo-2023-4-750x563.jpg 750w, https:\/\/www.hilfe-fuer-guasmo.de\/wp-content\/uploads\/2023\/07\/Puerto-Napo-2023-4-768x576.jpg 768w\" sizes=\"(max-width: 992px) 100vw, 992px\" \/><\/figure><\/li><li class=\"blocks-gallery-item\"><figure><img loading=\"lazy\" width=\"1067\" height=\"800\" src=\"https:\/\/www.hilfe-fuer-guasmo.de\/wp-content\/uploads\/2023\/07\/Puerto-Napo-2023-3-1067x800.jpg\" alt=\"\" data-id=\"2626\" data-full-url=\"https:\/\/www.hilfe-fuer-guasmo.de\/wp-content\/uploads\/2023\/07\/Puerto-Napo-2023-3.jpg\" data-link=\"https:\/\/www.hilfe-fuer-guasmo.de\/puerto-napo-2023-3\/\" class=\"wp-image-2626\" srcset=\"https:\/\/www.hilfe-fuer-guasmo.de\/wp-content\/uploads\/2023\/07\/Puerto-Napo-2023-3-1067x800.jpg 1067w, https:\/\/www.hilfe-fuer-guasmo.de\/wp-content\/uploads\/2023\/07\/Puerto-Napo-2023-3-750x563.jpg 750w, https:\/\/www.hilfe-fuer-guasmo.de\/wp-content\/uploads\/2023\/07\/Puerto-Napo-2023-3-768x576.jpg 768w, https:\/\/www.hilfe-fuer-guasmo.de\/wp-content\/uploads\/2023\/07\/Puerto-Napo-2023-3-1536x1152.jpg 1536w, https:\/\/www.hilfe-fuer-guasmo.de\/wp-content\/uploads\/2023\/07\/Puerto-Napo-2023-3.jpg 1600w\" sizes=\"(max-width: 1067px) 100vw, 1067px\" \/><\/figure><\/li><\/ul><\/figure>\n\n\n\n<figure class=\"wp-block-gallery columns-2 is-cropped\"><ul class=\"blocks-gallery-grid\"><li class=\"blocks-gallery-item\"><figure><img loading=\"lazy\" width=\"1058\" height=\"794\" src=\"https:\/\/www.hilfe-fuer-guasmo.de\/wp-content\/uploads\/2023\/07\/Puerto-Napo-2023-1.jpg\" alt=\"\" data-id=\"2624\" data-full-url=\"https:\/\/www.hilfe-fuer-guasmo.de\/wp-content\/uploads\/2023\/07\/Puerto-Napo-2023-1.jpg\" data-link=\"https:\/\/www.hilfe-fuer-guasmo.de\/puerto-napo-2023-1\/\" class=\"wp-image-2624\" srcset=\"https:\/\/www.hilfe-fuer-guasmo.de\/wp-content\/uploads\/2023\/07\/Puerto-Napo-2023-1.jpg 1058w, https:\/\/www.hilfe-fuer-guasmo.de\/wp-content\/uploads\/2023\/07\/Puerto-Napo-2023-1-750x563.jpg 750w, https:\/\/www.hilfe-fuer-guasmo.de\/wp-content\/uploads\/2023\/07\/Puerto-Napo-2023-1-768x576.jpg 768w\" sizes=\"(max-width: 1058px) 100vw, 1058px\" \/><\/figure><\/li><li class=\"blocks-gallery-item\"><figure><img loading=\"lazy\" width=\"1066\" height=\"800\" src=\"https:\/\/www.hilfe-fuer-guasmo.de\/wp-content\/uploads\/2023\/07\/Puerto-Napo-2023-2-1066x800.jpg\" alt=\"\" data-id=\"2625\" data-full-url=\"https:\/\/www.hilfe-fuer-guasmo.de\/wp-content\/uploads\/2023\/07\/Puerto-Napo-2023-2.jpg\" data-link=\"https:\/\/www.hilfe-fuer-guasmo.de\/puerto-napo-2023-2\/\" class=\"wp-image-2625\" srcset=\"https:\/\/www.hilfe-fuer-guasmo.de\/wp-content\/uploads\/2023\/07\/Puerto-Napo-2023-2-1066x800.jpg 1066w, https:\/\/www.hilfe-fuer-guasmo.de\/wp-content\/uploads\/2023\/07\/Puerto-Napo-2023-2-750x563.jpg 750w, https:\/\/www.hilfe-fuer-guasmo.de\/wp-content\/uploads\/2023\/07\/Puerto-Napo-2023-2-768x576.jpg 768w, https:\/\/www.hilfe-fuer-guasmo.de\/wp-content\/uploads\/2023\/07\/Puerto-Napo-2023-2.jpg 1397w\" sizes=\"(max-width: 1066px) 100vw, 1066px\" \/><\/figure><\/li><\/ul><\/figure>\n","protected":false},"excerpt":{"rendered":"<p>In Puerto Napo ist das Schuljahr und das Studiensemester zu Ende, ein guter Zeitpunkt, sich Gedanken \u00fcber die Zukunft zu machen. Unsere Sozialarbeiterin Sandra Largo gab den M\u00e4dchen anhand eines Fragebogens wichtige Impulse. Zukunftsplan Was sind deine langfristigen Ziele und Tr\u00e4ume? Welche Schritte unternimmst du aktuell, um diese Ziele zu erreichen? Welche weitere Bildung oder &hellip; <a href=\"https:\/\/www.hilfe-fuer-guasmo.de\/es\/aktuelles\/neues-aus-den-projekten\/schuljahresende-2022-3-in-puerto-napo\/\" class=\"more-link\">Seguir leyendo <span class=\"screen-reader-text\">Schuljahresende 2022\/23 in Puerto Napo<\/span> <span class=\"meta-nav\">&rarr;<\/span><\/a><\/p>\n","protected":false},"author":4,"featured_media":0,"parent":767,"menu_order":3,"comment_status":"closed","ping_status":"closed","template":"","meta":[],"translation":{"provider":"WPGlobus","version":"3.0.0","language":"es","enabled_languages":["de","es"],"languages":{"de":{"title":true,"content":true,"excerpt":false},"es":{"title":false,"content":false,"excerpt":false}}},"yoast_head":"<!-- This site is optimized with the Yoast SEO plugin v18.1 - https:\/\/yoast.com\/wordpress\/plugins\/seo\/ -->\n<meta name=\"robots\" content=\"index, follow, max-snippet:-1, max-image-preview:large, max-video-preview:-1\" \/>\n<link rel=\"canonical\" href=\"https:\/\/www.hilfe-fuer-guasmo.de\/aktuelles\/neues-aus-den-projekten\/schuljahresende-2022-3-in-puerto-napo\/\" \/>\n<meta property=\"og:locale\" content=\"es_ES\" \/>\n<meta property=\"og:type\" content=\"article\" \/>\n<meta property=\"og:title\" content=\"Schuljahresende 2022\/23 in Puerto Napo - Hilfe fuer Guasmo\" \/>\n<meta property=\"og:url\" content=\"https:\/\/www.hilfe-fuer-guasmo.de\/aktuelles\/neues-aus-den-projekten\/schuljahresende-2022-3-in-puerto-napo\/\" \/>\n<meta property=\"og:site_name\" content=\"Hilfe fuer Guasmo\" \/>\n<meta property=\"article:modified_time\" content=\"2024-04-15T16:39:44+00:00\" \/>\n<meta property=\"og:image\" content=\"https:\/\/www.hilfe-fuer-guasmo.de\/wp-content\/uploads\/2023\/07\/Puerto-Napo-2023-4.jpg\" \/>\n<meta name=\"twitter:card\" content=\"summary\" \/>\n<meta name=\"twitter:label1\" content=\"Tiempo de lectura\" \/>\n\t<meta name=\"twitter:data1\" content=\"2 minutos\" \/>\n<script type=\"application\/ld+json\" class=\"yoast-schema-graph\">{\"@context\":\"https:\/\/schema.org\",\"@graph\":[{\"@type\":\"WebSite\",\"@id\":\"https:\/\/www.hilfe-fuer-guasmo.de\/#website\",\"url\":\"https:\/\/www.hilfe-fuer-guasmo.de\/\",\"name\":\"Hilfe fuer Guasmo\",\"description\":\"apoyar a ni\u00f1os en Ecuador\",\"potentialAction\":[{\"@type\":\"SearchAction\",\"target\":{\"@type\":\"EntryPoint\",\"urlTemplate\":\"https:\/\/www.hilfe-fuer-guasmo.de\/?s={search_term_string}\"},\"query-input\":\"required name=search_term_string\"}],\"inLanguage\":\"es\"},{\"@type\":\"ImageObject\",\"@id\":\"https:\/\/www.hilfe-fuer-guasmo.de\/aktuelles\/neues-aus-den-projekten\/schuljahresende-2022-3-in-puerto-napo\/#primaryimage\",\"inLanguage\":\"es\",\"url\":\"https:\/\/www.hilfe-fuer-guasmo.de\/wp-content\/uploads\/2023\/07\/Puerto-Napo-2023-4.jpg\",\"contentUrl\":\"https:\/\/www.hilfe-fuer-guasmo.de\/wp-content\/uploads\/2023\/07\/Puerto-Napo-2023-4.jpg\",\"width\":992,\"height\":744,\"caption\":\"Diskussion\"},{\"@type\":\"WebPage\",\"@id\":\"https:\/\/www.hilfe-fuer-guasmo.de\/aktuelles\/neues-aus-den-projekten\/schuljahresende-2022-3-in-puerto-napo\/#webpage\",\"url\":\"https:\/\/www.hilfe-fuer-guasmo.de\/aktuelles\/neues-aus-den-projekten\/schuljahresende-2022-3-in-puerto-napo\/\",\"name\":\"Schuljahresende 2022\/23 in Puerto Napo - Hilfe fuer Guasmo\",\"isPartOf\":{\"@id\":\"https:\/\/www.hilfe-fuer-guasmo.de\/#website\"},\"primaryImageOfPage\":{\"@id\":\"https:\/\/www.hilfe-fuer-guasmo.de\/aktuelles\/neues-aus-den-projekten\/schuljahresende-2022-3-in-puerto-napo\/#primaryimage\"},\"datePublished\":\"2023-07-25T16:25:03+00:00\",\"dateModified\":\"2024-04-15T16:39:44+00:00\",\"breadcrumb\":{\"@id\":\"https:\/\/www.hilfe-fuer-guasmo.de\/aktuelles\/neues-aus-den-projekten\/schuljahresende-2022-3-in-puerto-napo\/#breadcrumb\"},\"inLanguage\":\"es\",\"potentialAction\":[{\"@type\":\"ReadAction\",\"target\":[\"https:\/\/www.hilfe-fuer-guasmo.de\/aktuelles\/neues-aus-den-projekten\/schuljahresende-2022-3-in-puerto-napo\/\"]}]},{\"@type\":\"BreadcrumbList\",\"@id\":\"https:\/\/www.hilfe-fuer-guasmo.de\/aktuelles\/neues-aus-den-projekten\/schuljahresende-2022-3-in-puerto-napo\/#breadcrumb\",\"itemListElement\":[{\"@type\":\"ListItem\",\"position\":1,\"name\":\"Home\",\"item\":\"https:\/\/www.hilfe-fuer-guasmo.de\/\"},{\"@type\":\"ListItem\",\"position\":2,\"name\":\"Aktuelles\",\"item\":\"https:\/\/www.hilfe-fuer-guasmo.de\/aktuelles\/\"},{\"@type\":\"ListItem\",\"position\":3,\"name\":\"Neues aus Ecuador\",\"item\":\"https:\/\/www.hilfe-fuer-guasmo.de\/aktuelles\/neues-aus-den-projekten\/\"},{\"@type\":\"ListItem\",\"position\":4,\"name\":\"Schuljahresende 2022\/23 in Puerto Napo\"}]}]}<\/script>\n<!-- \/ Yoast SEO plugin. -->","yoast_head_json":{"robots":{"index":"index","follow":"follow","max-snippet":"max-snippet:-1","max-image-preview":"max-image-preview:large","max-video-preview":"max-video-preview:-1"},"canonical":"https:\/\/www.hilfe-fuer-guasmo.de\/aktuelles\/neues-aus-den-projekten\/schuljahresende-2022-3-in-puerto-napo\/","og_locale":"es_ES","og_type":"article","og_title":"Schuljahresende 2022\/23 in Puerto Napo - Hilfe fuer Guasmo","og_url":"https:\/\/www.hilfe-fuer-guasmo.de\/aktuelles\/neues-aus-den-projekten\/schuljahresende-2022-3-in-puerto-napo\/","og_site_name":"Hilfe fuer Guasmo","article_modified_time":"2024-04-15T16:39:44+00:00","og_image":[{"url":"https:\/\/www.hilfe-fuer-guasmo.de\/wp-content\/uploads\/2023\/07\/Puerto-Napo-2023-4.jpg"}],"twitter_card":"summary","twitter_misc":{"Tiempo de lectura":"2 minutos"},"schema":{"@context":"https:\/\/schema.org","@graph":[{"@type":"WebSite","@id":"https:\/\/www.hilfe-fuer-guasmo.de\/#website","url":"https:\/\/www.hilfe-fuer-guasmo.de\/","name":"Hilfe fuer Guasmo","description":"apoyar a ni\u00f1os en Ecuador","potentialAction":[{"@type":"SearchAction","target":{"@type":"EntryPoint","urlTemplate":"https:\/\/www.hilfe-fuer-guasmo.de\/?s={search_term_string}"},"query-input":"required name=search_term_string"}],"inLanguage":"es"},{"@type":"ImageObject","@id":"https:\/\/www.hilfe-fuer-guasmo.de\/aktuelles\/neues-aus-den-projekten\/schuljahresende-2022-3-in-puerto-napo\/#primaryimage","inLanguage":"es","url":"https:\/\/www.hilfe-fuer-guasmo.de\/wp-content\/uploads\/2023\/07\/Puerto-Napo-2023-4.jpg","contentUrl":"https:\/\/www.hilfe-fuer-guasmo.de\/wp-content\/uploads\/2023\/07\/Puerto-Napo-2023-4.jpg","width":992,"height":744,"caption":"Diskussion"},{"@type":"WebPage","@id":"https:\/\/www.hilfe-fuer-guasmo.de\/aktuelles\/neues-aus-den-projekten\/schuljahresende-2022-3-in-puerto-napo\/#webpage","url":"https:\/\/www.hilfe-fuer-guasmo.de\/aktuelles\/neues-aus-den-projekten\/schuljahresende-2022-3-in-puerto-napo\/","name":"Schuljahresende 2022\/23 in Puerto Napo - Hilfe fuer Guasmo","isPartOf":{"@id":"https:\/\/www.hilfe-fuer-guasmo.de\/#website"},"primaryImageOfPage":{"@id":"https:\/\/www.hilfe-fuer-guasmo.de\/aktuelles\/neues-aus-den-projekten\/schuljahresende-2022-3-in-puerto-napo\/#primaryimage"},"datePublished":"2023-07-25T16:25:03+00:00","dateModified":"2024-04-15T16:39:44+00:00","breadcrumb":{"@id":"https:\/\/www.hilfe-fuer-guasmo.de\/aktuelles\/neues-aus-den-projekten\/schuljahresende-2022-3-in-puerto-napo\/#breadcrumb"},"inLanguage":"es","potentialAction":[{"@type":"ReadAction","target":["https:\/\/www.hilfe-fuer-guasmo.de\/aktuelles\/neues-aus-den-projekten\/schuljahresende-2022-3-in-puerto-napo\/"]}]},{"@type":"BreadcrumbList","@id":"https:\/\/www.hilfe-fuer-guasmo.de\/aktuelles\/neues-aus-den-projekten\/schuljahresende-2022-3-in-puerto-napo\/#breadcrumb","itemListElement":[{"@type":"ListItem","position":1,"name":"Home","item":"https:\/\/www.hilfe-fuer-guasmo.de\/"},{"@type":"ListItem","position":2,"name":"Aktuelles","item":"https:\/\/www.hilfe-fuer-guasmo.de\/aktuelles\/"},{"@type":"ListItem","position":3,"name":"Neues aus Ecuador","item":"https:\/\/www.hilfe-fuer-guasmo.de\/aktuelles\/neues-aus-den-projekten\/"},{"@type":"ListItem","position":4,"name":"Schuljahresende 2022\/23 in Puerto Napo"}]}]}},"_links":{"self":[{"href":"https:\/\/www.hilfe-fuer-guasmo.de\/es\/wp-json\/wp\/v2\/pages\/2620"}],"collection":[{"href":"https:\/\/www.hilfe-fuer-guasmo.de\/es\/wp-json\/wp\/v2\/pages"}],"about":[{"href":"https:\/\/www.hilfe-fuer-guasmo.de\/es\/wp-json\/wp\/v2\/types\/page"}],"author":[{"embeddable":true,"href":"https:\/\/www.hilfe-fuer-guasmo.de\/es\/wp-json\/wp\/v2\/users\/4"}],"replies":[{"embeddable":true,"href":"https:\/\/www.hilfe-fuer-guasmo.de\/es\/wp-json\/wp\/v2\/comments?post=2620"}],"version-history":[{"count":10,"href":"https:\/\/www.hilfe-fuer-guasmo.de\/es\/wp-json\/wp\/v2\/pages\/2620\/revisions"}],"predecessor-version":[{"id":2638,"href":"https:\/\/www.hilfe-fuer-guasmo.de\/es\/wp-json\/wp\/v2\/pages\/2620\/revisions\/2638"}],"up":[{"embeddable":true,"href":"https:\/\/www.hilfe-fuer-guasmo.de\/es\/wp-json\/wp\/v2\/pages\/767"}],"wp:attachment":[{"href":"https:\/\/www.hilfe-fuer-guasmo.de\/es\/wp-json\/wp\/v2\/media?parent=2620"}],"curies":[{"name":"wp","href":"https:\/\/api.w.org\/{rel}","templated":true}]}}