{"id":2360,"date":"2022-12-08T16:22:13","date_gmt":"2022-12-08T16:22:13","guid":{"rendered":"http:\/\/www.hilfe-fuer-guasmo.de\/?page_id=2360"},"modified":"2025-04-14T12:52:59","modified_gmt":"2025-04-14T12:52:59","slug":"%f0%9f%8c%b1cristo-de-consuelo","status":"publish","type":"page","link":"https:\/\/www.hilfe-fuer-guasmo.de\/es\/%f0%9f%8c%b1cristo-de-consuelo\/","title":{"rendered":"Cristo del Consuelo"},"content":{"rendered":"\n<p>Die Unterst\u00fctzung f\u00fcr 20 Sch\u00fcler und Sch\u00fclerinnen wurde mit Beginn des Schuljahres 2022\/2023 aufgenommen.<\/p>\n\n\n\n<p>Die Schule Giovanni Antonio Farina wird von den Hermanas Doroteas betrieben. Sie hat fast 1200 Sch\u00fcler und reicht von der Vorschule bis zum Abschluss der Grundschule.<br>Sie liegt in einem Viertel, das zum Guasmo geh\u00f6rt und vom Drogenhandel gezeichnet ist.<\/p>\n\n\n\n<p>F\u00fcr die Kinder ist die Schule auch ein Ort, an dem sie sicher sind.<\/p>\n\n\n\n<figure class=\"wp-block-image size-large\"><img loading=\"lazy\" width=\"1600\" height=\"758\" src=\"http:\/\/www.hilfe-fuer-guasmo.de\/wp-content\/uploads\/2022\/11\/Becados_Hermanas_Doroteas_2022.jpg\" alt=\"\" class=\"wp-image-2361\" srcset=\"https:\/\/www.hilfe-fuer-guasmo.de\/wp-content\/uploads\/2022\/11\/Becados_Hermanas_Doroteas_2022.jpg 1600w, https:\/\/www.hilfe-fuer-guasmo.de\/wp-content\/uploads\/2022\/11\/Becados_Hermanas_Doroteas_2022-750x355.jpg 750w, https:\/\/www.hilfe-fuer-guasmo.de\/wp-content\/uploads\/2022\/11\/Becados_Hermanas_Doroteas_2022-768x364.jpg 768w, https:\/\/www.hilfe-fuer-guasmo.de\/wp-content\/uploads\/2022\/11\/Becados_Hermanas_Doroteas_2022-1536x728.jpg 1536w\" sizes=\"(max-width: 1600px) 100vw, 1600px\" \/><\/figure>\n\n\n\n<p>Die Eltern der Sch\u00fcler wohnen in der n\u00e4heren Umgebung der Schule. Das nachfolgende Bild zeigt die Stra\u00dfe, an der die Schule beheimatet ist.<\/p>\n\n\n\n<figure class=\"wp-block-image size-large\"><img loading=\"lazy\" width=\"1083\" height=\"800\" src=\"http:\/\/www.hilfe-fuer-guasmo.de\/wp-content\/uploads\/2022\/12\/20221002_Guasmo-1083x800.jpg\" alt=\"\" class=\"wp-image-2413\" srcset=\"https:\/\/www.hilfe-fuer-guasmo.de\/wp-content\/uploads\/2022\/12\/20221002_Guasmo-1083x800.jpg 1083w, https:\/\/www.hilfe-fuer-guasmo.de\/wp-content\/uploads\/2022\/12\/20221002_Guasmo-750x554.jpg 750w, https:\/\/www.hilfe-fuer-guasmo.de\/wp-content\/uploads\/2022\/12\/20221002_Guasmo-768x568.jpg 768w, https:\/\/www.hilfe-fuer-guasmo.de\/wp-content\/uploads\/2022\/12\/20221002_Guasmo-1536x1135.jpg 1536w, https:\/\/www.hilfe-fuer-guasmo.de\/wp-content\/uploads\/2022\/12\/20221002_Guasmo.jpg 1789w\" sizes=\"(max-width: 1083px) 100vw, 1083px\" \/><\/figure>\n","protected":false},"excerpt":{"rendered":"<p>Die Unterst\u00fctzung f\u00fcr 20 Sch\u00fcler und Sch\u00fclerinnen wurde mit Beginn des Schuljahres 2022\/2023 aufgenommen. Die Schule Giovanni Antonio Farina wird von den Hermanas Doroteas betrieben. Sie hat fast 1200 Sch\u00fcler und reicht von der Vorschule bis zum Abschluss der Grundschule.Sie liegt in einem Viertel, das zum Guasmo geh\u00f6rt und vom Drogenhandel gezeichnet ist. F\u00fcr die &hellip; <a href=\"https:\/\/www.hilfe-fuer-guasmo.de\/es\/%f0%9f%8c%b1cristo-de-consuelo\/\" class=\"more-link\">Seguir leyendo <span class=\"screen-reader-text\">Cristo del Consuelo<\/span> <span class=\"meta-nav\">&rarr;<\/span><\/a><\/p>\n","protected":false},"author":4,"featured_media":0,"parent":0,"menu_order":0,"comment_status":"closed","ping_status":"closed","template":"","meta":[],"translation":{"provider":"WPGlobus","version":"3.0.0","language":"es","enabled_languages":["de","es"],"languages":{"de":{"title":true,"content":true,"excerpt":false},"es":{"title":false,"content":false,"excerpt":false}}},"yoast_head":"<!-- This site is optimized with the Yoast SEO plugin v18.1 - https:\/\/yoast.com\/wordpress\/plugins\/seo\/ -->\n<meta name=\"robots\" content=\"index, follow, max-snippet:-1, max-image-preview:large, max-video-preview:-1\" \/>\n<link rel=\"canonical\" href=\"https:\/\/www.hilfe-fuer-guasmo.de\/\ud83c\udf31cristo-de-consuelo\/\" \/>\n<meta property=\"og:locale\" content=\"es_ES\" \/>\n<meta property=\"og:type\" content=\"article\" \/>\n<meta property=\"og:title\" content=\"Cristo del Consuelo - Hilfe fuer Guasmo\" \/>\n<meta property=\"og:url\" content=\"https:\/\/www.hilfe-fuer-guasmo.de\/\ud83c\udf31cristo-de-consuelo\/\" \/>\n<meta property=\"og:site_name\" content=\"Hilfe fuer Guasmo\" \/>\n<meta property=\"article:modified_time\" content=\"2025-04-14T12:52:59+00:00\" \/>\n<meta property=\"og:image\" content=\"http:\/\/www.hilfe-fuer-guasmo.de\/wp-content\/uploads\/2022\/11\/Becados_Hermanas_Doroteas_2022.jpg\" \/>\n<meta name=\"twitter:card\" content=\"summary\" \/>\n<meta name=\"twitter:label1\" content=\"Tiempo de lectura\" \/>\n\t<meta name=\"twitter:data1\" content=\"1 minuto\" \/>\n<script type=\"application\/ld+json\" class=\"yoast-schema-graph\">{\"@context\":\"https:\/\/schema.org\",\"@graph\":[{\"@type\":\"WebSite\",\"@id\":\"https:\/\/www.hilfe-fuer-guasmo.de\/#website\",\"url\":\"https:\/\/www.hilfe-fuer-guasmo.de\/\",\"name\":\"Hilfe fuer Guasmo\",\"description\":\"apoyar a ni\u00f1os en Ecuador\",\"potentialAction\":[{\"@type\":\"SearchAction\",\"target\":{\"@type\":\"EntryPoint\",\"urlTemplate\":\"https:\/\/www.hilfe-fuer-guasmo.de\/?s={search_term_string}\"},\"query-input\":\"required name=search_term_string\"}],\"inLanguage\":\"es\"},{\"@type\":\"ImageObject\",\"@id\":\"https:\/\/www.hilfe-fuer-guasmo.de\/%f0%9f%8c%b1cristo-de-consuelo\/#primaryimage\",\"inLanguage\":\"es\",\"url\":\"http:\/\/www.hilfe-fuer-guasmo.de\/wp-content\/uploads\/2022\/11\/Becados_Hermanas_Doroteas_2022.jpg\",\"contentUrl\":\"http:\/\/www.hilfe-fuer-guasmo.de\/wp-content\/uploads\/2022\/11\/Becados_Hermanas_Doroteas_2022.jpg\"},{\"@type\":\"WebPage\",\"@id\":\"https:\/\/www.hilfe-fuer-guasmo.de\/%f0%9f%8c%b1cristo-de-consuelo\/#webpage\",\"url\":\"https:\/\/www.hilfe-fuer-guasmo.de\/%f0%9f%8c%b1cristo-de-consuelo\/\",\"name\":\"Cristo del Consuelo - Hilfe fuer Guasmo\",\"isPartOf\":{\"@id\":\"https:\/\/www.hilfe-fuer-guasmo.de\/#website\"},\"primaryImageOfPage\":{\"@id\":\"https:\/\/www.hilfe-fuer-guasmo.de\/%f0%9f%8c%b1cristo-de-consuelo\/#primaryimage\"},\"datePublished\":\"2022-12-08T16:22:13+00:00\",\"dateModified\":\"2025-04-14T12:52:59+00:00\",\"breadcrumb\":{\"@id\":\"https:\/\/www.hilfe-fuer-guasmo.de\/%f0%9f%8c%b1cristo-de-consuelo\/#breadcrumb\"},\"inLanguage\":\"es\",\"potentialAction\":[{\"@type\":\"ReadAction\",\"target\":[\"https:\/\/www.hilfe-fuer-guasmo.de\/%f0%9f%8c%b1cristo-de-consuelo\/\"]}]},{\"@type\":\"BreadcrumbList\",\"@id\":\"https:\/\/www.hilfe-fuer-guasmo.de\/%f0%9f%8c%b1cristo-de-consuelo\/#breadcrumb\",\"itemListElement\":[{\"@type\":\"ListItem\",\"position\":1,\"name\":\"Home\",\"item\":\"https:\/\/www.hilfe-fuer-guasmo.de\/\"},{\"@type\":\"ListItem\",\"position\":2,\"name\":\"Cristo del Consuelo\"}]}]}<\/script>\n<!-- \/ Yoast SEO plugin. -->","yoast_head_json":{"robots":{"index":"index","follow":"follow","max-snippet":"max-snippet:-1","max-image-preview":"max-image-preview:large","max-video-preview":"max-video-preview:-1"},"canonical":"https:\/\/www.hilfe-fuer-guasmo.de\/\ud83c\udf31cristo-de-consuelo\/","og_locale":"es_ES","og_type":"article","og_title":"Cristo del Consuelo - Hilfe fuer Guasmo","og_url":"https:\/\/www.hilfe-fuer-guasmo.de\/\ud83c\udf31cristo-de-consuelo\/","og_site_name":"Hilfe fuer Guasmo","article_modified_time":"2025-04-14T12:52:59+00:00","og_image":[{"url":"http:\/\/www.hilfe-fuer-guasmo.de\/wp-content\/uploads\/2022\/11\/Becados_Hermanas_Doroteas_2022.jpg"}],"twitter_card":"summary","twitter_misc":{"Tiempo de lectura":"1 minuto"},"schema":{"@context":"https:\/\/schema.org","@graph":[{"@type":"WebSite","@id":"https:\/\/www.hilfe-fuer-guasmo.de\/#website","url":"https:\/\/www.hilfe-fuer-guasmo.de\/","name":"Hilfe fuer Guasmo","description":"apoyar a ni\u00f1os en Ecuador","potentialAction":[{"@type":"SearchAction","target":{"@type":"EntryPoint","urlTemplate":"https:\/\/www.hilfe-fuer-guasmo.de\/?s={search_term_string}"},"query-input":"required name=search_term_string"}],"inLanguage":"es"},{"@type":"ImageObject","@id":"https:\/\/www.hilfe-fuer-guasmo.de\/%f0%9f%8c%b1cristo-de-consuelo\/#primaryimage","inLanguage":"es","url":"http:\/\/www.hilfe-fuer-guasmo.de\/wp-content\/uploads\/2022\/11\/Becados_Hermanas_Doroteas_2022.jpg","contentUrl":"http:\/\/www.hilfe-fuer-guasmo.de\/wp-content\/uploads\/2022\/11\/Becados_Hermanas_Doroteas_2022.jpg"},{"@type":"WebPage","@id":"https:\/\/www.hilfe-fuer-guasmo.de\/%f0%9f%8c%b1cristo-de-consuelo\/#webpage","url":"https:\/\/www.hilfe-fuer-guasmo.de\/%f0%9f%8c%b1cristo-de-consuelo\/","name":"Cristo del Consuelo - Hilfe fuer Guasmo","isPartOf":{"@id":"https:\/\/www.hilfe-fuer-guasmo.de\/#website"},"primaryImageOfPage":{"@id":"https:\/\/www.hilfe-fuer-guasmo.de\/%f0%9f%8c%b1cristo-de-consuelo\/#primaryimage"},"datePublished":"2022-12-08T16:22:13+00:00","dateModified":"2025-04-14T12:52:59+00:00","breadcrumb":{"@id":"https:\/\/www.hilfe-fuer-guasmo.de\/%f0%9f%8c%b1cristo-de-consuelo\/#breadcrumb"},"inLanguage":"es","potentialAction":[{"@type":"ReadAction","target":["https:\/\/www.hilfe-fuer-guasmo.de\/%f0%9f%8c%b1cristo-de-consuelo\/"]}]},{"@type":"BreadcrumbList","@id":"https:\/\/www.hilfe-fuer-guasmo.de\/%f0%9f%8c%b1cristo-de-consuelo\/#breadcrumb","itemListElement":[{"@type":"ListItem","position":1,"name":"Home","item":"https:\/\/www.hilfe-fuer-guasmo.de\/"},{"@type":"ListItem","position":2,"name":"Cristo del Consuelo"}]}]}},"_links":{"self":[{"href":"https:\/\/www.hilfe-fuer-guasmo.de\/es\/wp-json\/wp\/v2\/pages\/2360"}],"collection":[{"href":"https:\/\/www.hilfe-fuer-guasmo.de\/es\/wp-json\/wp\/v2\/pages"}],"about":[{"href":"https:\/\/www.hilfe-fuer-guasmo.de\/es\/wp-json\/wp\/v2\/types\/page"}],"author":[{"embeddable":true,"href":"https:\/\/www.hilfe-fuer-guasmo.de\/es\/wp-json\/wp\/v2\/users\/4"}],"replies":[{"embeddable":true,"href":"https:\/\/www.hilfe-fuer-guasmo.de\/es\/wp-json\/wp\/v2\/comments?post=2360"}],"version-history":[{"count":9,"href":"https:\/\/www.hilfe-fuer-guasmo.de\/es\/wp-json\/wp\/v2\/pages\/2360\/revisions"}],"predecessor-version":[{"id":2852,"href":"https:\/\/www.hilfe-fuer-guasmo.de\/es\/wp-json\/wp\/v2\/pages\/2360\/revisions\/2852"}],"wp:attachment":[{"href":"https:\/\/www.hilfe-fuer-guasmo.de\/es\/wp-json\/wp\/v2\/media?parent=2360"}],"curies":[{"name":"wp","href":"https:\/\/api.w.org\/{rel}","templated":true}]}}