{"id":2238,"date":"2021-10-18T12:14:43","date_gmt":"2021-10-18T12:14:43","guid":{"rendered":"http:\/\/www.hilfe-fuer-guasmo.de\/?page_id=2238"},"modified":"2024-04-15T16:38:22","modified_gmt":"2024-04-15T16:38:22","slug":"lernen-unter-coronabedingungen","status":"publish","type":"page","link":"https:\/\/www.hilfe-fuer-guasmo.de\/es\/aktuelles\/neues-aus-den-projekten\/lernen-unter-coronabedingungen\/","title":{"rendered":"Lernen unter Corona-Bedingungen"},"content":{"rendered":"\n<p class=\"has-medium-font-size\"><strong>\u201eDank Ihrer Hilfe habe ich einen Computer\u201c<\/strong><\/p>\n\n\n\n<p>Natalie Becker<\/p>\n\n\n\n<p>12.10.2021<\/p>\n\n\n\n<p>Die Stipendiatinnen und Stipendiaten des Kirchheimer Vereins <em>Hilfe f\u00fcr Guasmo<\/em> haben in Ecuador noch immer keinen Pr\u00e4senz-Unterricht und lernen weiterhin online, unterst\u00fctzt durch zus\u00e4tzliche finanzielle F\u00f6rderung und digitale Kommunikationen mit ihren Sozialarbeiterinnen vor Ort.<\/p>\n\n\n\n<p>Die Sozialarbeiterinnen in Guayaquil\/La Aurora und Puerto Napo\/Tena berichten, dass der Pr\u00e4senz-Unterricht noch nicht wieder begonnen hat, da die Schulen die staatliche Genehmigung des Bildungsministeriums f\u00fcr die Wiederaufnahme des Pr\u00e4senz-Unterrichts brauchen. <em>Hilfe f\u00fcr Guasmo (HfG)<\/em> hat die Stipendien erh\u00f6ht und einen Zuschuss f\u00fcr Internet-Anschluss ausgezahlt. So konnten die Familien das Geld in die technische Ausstattung und die Internetkosten f\u00fcr den Online-Unterricht investieren. Die Sozialarbeiterinnen \u00fcberblicken, koordinieren und \u00fcberwachen die Hilfe, so dass das Geld zweckgebunden eingesetzt wird. Eine Umfrage der Sozialarbeiterin Angie Castellanos bei den Stipendiatinnen und Stipendiaten in Guayaquil und La Aurora im Mai 2020 hatte ergeben, dass 54% der Stipendiatinnen und Stipendiaten einen Internet-Anschluss zu Hause hatten, 24% hatten Computer oder Laptop, 11% ein Tablet, 43% ein Smartphone und 13% keine M\u00f6glichkeit am Online-Unterricht teilzunehmen. In 13% der Familien ging ein Kind zur Schule, in 39% zwei Kinder, in 38% drei Kinder, in 10% vier oder mehr Kinder. Diese Situation hat <em>HfG<\/em> erfolgreich verbessern k\u00f6nnen und den Stipendiatinnen und Stipendiaten neben den Zusch\u00fcssen sowohl vorhandene als auch neue Laptops zur Verf\u00fcgung gestellt.<\/p>\n\n\n\n<p>&nbsp;Wie \u00fcberall gehen auch in Ecuador die Meinungen und Erfahrungen zum Online-Unterricht auseinander. Die Sozialarbeiterin Angie Castellanos, die in Guayaquil und La Aurora t\u00e4tig ist, schreibt: \u201eOnline-Unterricht ist nicht die beste Form des Lernens, aber mittlerweile haben die LehrerInnen und Sch\u00fclerInnen diesen Lernstil in ihr t\u00e4gliches Leben \u00fcbernommen. Der Einsatz von Technologie in allen Altersstufen wird jetzt immer normaler und ich glaube, das hat bei einigen Sch\u00fclerInnen die Kreativit\u00e4t beim Lernen geweckt.\u201c Sandra Largo, Sozialarbeiterin in Puerto Napo\/Tena, findet, dass Online-Unterricht keine guten Ergebnisse gebracht hat: \u201eVon meinem Mann, der Lehrer ist, habe ich geh\u00f6rt, dass die Sch\u00fclerinnen und Sch\u00fcler nicht verantwortungsbewusst genug darauf reagiert haben und die Sucht nach Videospielen sowie die Nutzung der sozialen Netzwerke gestiegen sind.\u201c Au\u00dferdem merkt sie an, dass der physische Kontakt und gemeinsame Momente der Erholung f\u00fcr die menschliche Entwicklung ebenfalls wichtig sind. Der Kontakt der Sozialarbeiterinnen zu den Stipendiatinnen und Stipendiaten lief \u00fcber Telefon und Internet sowie \u00fcber Treffen mit strengen Hygienema\u00dfnahmen. In Guayaquil unterst\u00fctzt nun als neue Tutorin Jaszmin Espinales die Kinder und Jugendlichen online dabei, mit dem Online-Unterricht selbstst\u00e4ndig zurechtzukommen.<\/p>\n\n\n\n<p>Es geht wie immer bei der Arbeit von <em>Hilfe f\u00fcr Guasmo<\/em> darum, Hilfe zur Selbsthilfe zu erm\u00f6glichen, so dass die Stipendiatinnen und Stipendiaten die neuen Herausforderungen meistern k\u00f6nnen. Das Wissen darum, dass es Menschen gibt, die sie unterst\u00fctzen, ermutigt die Kinder und Jugendlichen, trotz der schwierigen Bedingungen beim Lernen durchzuhalten.<\/p>\n\n\n\n<p><strong>Guayaquil\/La Aurora<\/strong><\/p>\n\n\n\n<div class=\"wp-block-group\"><div class=\"wp-block-group__inner-container\">\n<p><img loading=\"lazy\" width=\"960\" height=\"1280\" class=\"wp-image-2226\" style=\"width: 200px;\" src=\"http:\/\/www.hilfe-fuer-guasmo.de\/wp-content\/uploads\/2021\/10\/20211018Alan1.jpg\" alt=\"\" srcset=\"https:\/\/www.hilfe-fuer-guasmo.de\/wp-content\/uploads\/2021\/10\/20211018Alan1.jpg 960w, https:\/\/www.hilfe-fuer-guasmo.de\/wp-content\/uploads\/2021\/10\/20211018Alan1-450x600.jpg 450w, https:\/\/www.hilfe-fuer-guasmo.de\/wp-content\/uploads\/2021\/10\/20211018Alan1-600x800.jpg 600w, https:\/\/www.hilfe-fuer-guasmo.de\/wp-content\/uploads\/2021\/10\/20211018Alan1-768x1024.jpg 768w\" sizes=\"(max-width: 960px) 100vw, 960px\" \/><kbd><img loading=\"lazy\" width=\"960\" height=\"1280\" class=\"wp-image-2227\" style=\"width: 200px;\" src=\"http:\/\/www.hilfe-fuer-guasmo.de\/wp-content\/uploads\/2021\/10\/20211018Alan2.jpg\" alt=\"\" srcset=\"https:\/\/www.hilfe-fuer-guasmo.de\/wp-content\/uploads\/2021\/10\/20211018Alan2.jpg 960w, https:\/\/www.hilfe-fuer-guasmo.de\/wp-content\/uploads\/2021\/10\/20211018Alan2-450x600.jpg 450w, https:\/\/www.hilfe-fuer-guasmo.de\/wp-content\/uploads\/2021\/10\/20211018Alan2-600x800.jpg 600w, https:\/\/www.hilfe-fuer-guasmo.de\/wp-content\/uploads\/2021\/10\/20211018Alan2-768x1024.jpg 768w\" sizes=\"(max-width: 960px) 100vw, 960px\" \/><\/kbd><\/p>\n\n\n\n<p>Alan (8 Jahre), der in diesem Schuljahr in der vierten Klasse ist, schreibt: \u201eEs gibt Unterricht in allen F\u00e4chern, die ich auch in der Schule habe, sogar Sport bieten sie in diesem Schuljahr an. Manchmal bin ich m\u00fcde, weil es so viele Schulstunden sind und weil sie auch so viele Hausaufgaben und Lektionen pro Tag geben. Aber meine Mami erkl\u00e4rt mir und hilft mir, wenn ich etwas nicht verstehe, so dass ich meine Hausaufgaben schaffe.\u201c<br>Derzeit verfolgt er den Unterricht \u00fcber ein kleines Tablet und hofft, dass seine Mutter bald ein gebrauchtes Laptop kaufen kann, damit er gleichzeitig die Lehrerin \u00fcber Zoom sehen und die interaktiven Dateien ausf\u00fcllen kann.<\/p>\n\n\n\n<p><\/p>\n\n\n\n<div class=\"wp-block-media-text alignwide is-stacked-on-mobile\"><figure class=\"wp-block-media-text__media\"><img loading=\"lazy\" width=\"600\" height=\"800\" src=\"http:\/\/www.hilfe-fuer-guasmo.de\/wp-content\/uploads\/2021\/10\/20211018Angel-600x800.jpg\" alt=\"\" class=\"wp-image-2228 size-full\" srcset=\"https:\/\/www.hilfe-fuer-guasmo.de\/wp-content\/uploads\/2021\/10\/20211018Angel-600x800.jpg 600w, https:\/\/www.hilfe-fuer-guasmo.de\/wp-content\/uploads\/2021\/10\/20211018Angel-450x600.jpg 450w, https:\/\/www.hilfe-fuer-guasmo.de\/wp-content\/uploads\/2021\/10\/20211018Angel-768x1024.jpg 768w, https:\/\/www.hilfe-fuer-guasmo.de\/wp-content\/uploads\/2021\/10\/20211018Angel.jpg 780w\" sizes=\"(max-width: 600px) 100vw, 600px\" \/><\/figure><div class=\"wp-block-media-text__content\">\n<p>\u00c1ngel (10 Jahre):<\/p>\n\n\n\n<p>\u201eIch bin ein bisschen traurig, denn ich w\u00fcrde gerne zum Pr\u00e4senzunterricht in die Schule gehen, aber wegen dem Coronavirus k\u00f6nnen wir das noch nicht. Also hoffe ich von ganzem Herzen, dass das bald endet, damit wir zur Schule gehen und wie fr\u00fcher zum Spielen rausgehen k\u00f6nnen, denn jetzt habe ich ein bisschen Angst.\u201c<\/p>\n<\/div><\/div>\n\n\n\n<div class=\"wp-block-media-text alignwide is-stacked-on-mobile\"><figure class=\"wp-block-media-text__media\"><img loading=\"lazy\" width=\"600\" height=\"800\" src=\"http:\/\/www.hilfe-fuer-guasmo.de\/wp-content\/uploads\/2021\/10\/20211018David-600x800.jpg\" alt=\"\" class=\"wp-image-2229 size-full\" srcset=\"https:\/\/www.hilfe-fuer-guasmo.de\/wp-content\/uploads\/2021\/10\/20211018David-600x800.jpg 600w, https:\/\/www.hilfe-fuer-guasmo.de\/wp-content\/uploads\/2021\/10\/20211018David-450x600.jpg 450w, https:\/\/www.hilfe-fuer-guasmo.de\/wp-content\/uploads\/2021\/10\/20211018David-768x1024.jpg 768w, https:\/\/www.hilfe-fuer-guasmo.de\/wp-content\/uploads\/2021\/10\/20211018David.jpg 780w\" sizes=\"(max-width: 600px) 100vw, 600px\" \/><\/figure><div class=\"wp-block-media-text__content\">\n<p>David (11 Jahre):<\/p>\n\n\n\n<p>\u201eIch w\u00fcnsche mir, ins Colegio gehen zu k\u00f6nnen, ohne Angst zu haben krank zu werden. Ich m\u00f6chte Ihnen sagen, dass ich gesund bin. Meine Mama passt gut auf meine Geschwister und mich auf, aber ich w\u00fcnsche mir, dass alles wieder so ist wie fr\u00fcher, damit wir rausgehen und spielen k\u00f6nnen oder Aktivit\u00e4ten unternehmen, die mir gefallen. Der Strand ist mein Lieblingsort.\u201c<\/p>\n<\/div><\/div>\n\n\n\n<div class=\"wp-block-media-text alignwide is-stacked-on-mobile\"><figure class=\"wp-block-media-text__media\"><img loading=\"lazy\" width=\"600\" height=\"800\" src=\"http:\/\/www.hilfe-fuer-guasmo.de\/wp-content\/uploads\/2021\/10\/20211018Martin1-600x800.jpg\" alt=\"\" class=\"wp-image-2234 size-full\" srcset=\"https:\/\/www.hilfe-fuer-guasmo.de\/wp-content\/uploads\/2021\/10\/20211018Martin1-600x800.jpg 600w, https:\/\/www.hilfe-fuer-guasmo.de\/wp-content\/uploads\/2021\/10\/20211018Martin1-450x600.jpg 450w, https:\/\/www.hilfe-fuer-guasmo.de\/wp-content\/uploads\/2021\/10\/20211018Martin1-768x1024.jpg 768w, https:\/\/www.hilfe-fuer-guasmo.de\/wp-content\/uploads\/2021\/10\/20211018Martin1.jpg 780w\" sizes=\"(max-width: 600px) 100vw, 600px\" \/><\/figure><div class=\"wp-block-media-text__content\">\n<p>Mart\u00edn (11 Jahre) schreibt, dass er sich jeden Tag anstrengt, um zu zeigen, dass er t\u00e4glich im Unterricht besser wird. Er steht jeden Tag fr\u00fch auf, um am Unterricht teilzunehmen und versucht seine Aufgaben zeitnah zu schaffen. Manchmal hilft die Mama. Sie sind drei Geschwister, also m\u00fcssen sie sehr verantwortungsvoll sein, damit die Mama nicht zu viel Arbeit hat.  <\/p>\n<\/div><\/div>\n<\/div><\/div>\n\n\n\n<div class=\"wp-block-media-text alignwide is-stacked-on-mobile\"><figure class=\"wp-block-media-text__media\"><img loading=\"lazy\" width=\"600\" height=\"800\" src=\"http:\/\/www.hilfe-fuer-guasmo.de\/wp-content\/uploads\/2021\/10\/20211018Paola-600x800.jpg\" alt=\"\" class=\"wp-image-2236 size-full\" srcset=\"https:\/\/www.hilfe-fuer-guasmo.de\/wp-content\/uploads\/2021\/10\/20211018Paola-600x800.jpg 600w, https:\/\/www.hilfe-fuer-guasmo.de\/wp-content\/uploads\/2021\/10\/20211018Paola-450x600.jpg 450w, https:\/\/www.hilfe-fuer-guasmo.de\/wp-content\/uploads\/2021\/10\/20211018Paola-768x1024.jpg 768w, https:\/\/www.hilfe-fuer-guasmo.de\/wp-content\/uploads\/2021\/10\/20211018Paola.jpg 774w\" sizes=\"(max-width: 600px) 100vw, 600px\" \/><\/figure><div class=\"wp-block-media-text__content\">\n<p>Paola (13 Jahre):<\/p>\n\n\n\n<p>\u201eAm 10. April durchlebten wir sehr harte und schmerzhafte Momente als mein Onkel m\u00fctterlicherseits schwer an COVID erkrankte und in einer kritischen Phase Sauerstoff brauchte. Die 14 Tage als er Sauerstoff brauchte waren f\u00fcr uns als Familie sehr schwierig und haben uns sehr belastet. Wir haben viel gebetet und Geld zusammengelegt um den Sauerstofftank wieder auff\u00fcllen zu k\u00f6nnen. Gott hat unsere Gebete erh\u00f6rt und ein gro\u00dfes Wunder vollbracht.\u00bb<\/p>\n<\/div><\/div>\n\n\n\n<div class=\"wp-block-media-text alignwide is-stacked-on-mobile\"><figure class=\"wp-block-media-text__media\"><img loading=\"lazy\" width=\"1152\" height=\"648\" src=\"http:\/\/www.hilfe-fuer-guasmo.de\/wp-content\/uploads\/2021\/10\/20211018Valeska.jpg\" alt=\"\" class=\"wp-image-2237 size-full\" srcset=\"https:\/\/www.hilfe-fuer-guasmo.de\/wp-content\/uploads\/2021\/10\/20211018Valeska.jpg 1152w, https:\/\/www.hilfe-fuer-guasmo.de\/wp-content\/uploads\/2021\/10\/20211018Valeska-750x422.jpg 750w, https:\/\/www.hilfe-fuer-guasmo.de\/wp-content\/uploads\/2021\/10\/20211018Valeska-768x432.jpg 768w\" sizes=\"(max-width: 1152px) 100vw, 1152px\" \/><\/figure><div class=\"wp-block-media-text__content\">\n<p>Valeska (14 Jahre) schreibt, dass ihre Eltern die Teilnahme am regul\u00e4ren Unterricht nicht erlauben wollen, weil sie Angst haben, dass die Mutter, die eine Vorerkrankung hat, sich anstecken k\u00f6nnte.<\/p>\n<\/div><\/div>\n\n\n\n<div class=\"wp-block-media-text alignwide is-stacked-on-mobile\"><figure class=\"wp-block-media-text__media\"><img loading=\"lazy\" width=\"692\" height=\"800\" src=\"http:\/\/www.hilfe-fuer-guasmo.de\/wp-content\/uploads\/2021\/10\/20211018Leonardo-692x800.jpg\" alt=\"\" class=\"wp-image-2232 size-full\" srcset=\"https:\/\/www.hilfe-fuer-guasmo.de\/wp-content\/uploads\/2021\/10\/20211018Leonardo-692x800.jpg 692w, https:\/\/www.hilfe-fuer-guasmo.de\/wp-content\/uploads\/2021\/10\/20211018Leonardo-519x600.jpg 519w, https:\/\/www.hilfe-fuer-guasmo.de\/wp-content\/uploads\/2021\/10\/20211018Leonardo-768x888.jpg 768w, https:\/\/www.hilfe-fuer-guasmo.de\/wp-content\/uploads\/2021\/10\/20211018Leonardo.jpg 1107w\" sizes=\"(max-width: 692px) 100vw, 692px\" \/><\/figure><div class=\"wp-block-media-text__content\">\n<p>Leonardo (18 Jahre) geht in die letzte Klasse der Oberstufe. Er bedankt sich und verspricht, sich viel M\u00fche zu geben, gute Noten zu bekommen. \u201eDank Ihrer Hilfe habe ich einen Computer, um meine Hausaufgaben zu machen\u201c<\/p>\n<\/div><\/div>\n\n\n\n<p><strong>Puerto Napo\/Tena<\/strong><\/p>\n\n\n\n<div class=\"wp-block-group\"><div class=\"wp-block-group__inner-container\">\n<p><img loading=\"lazy\" width=\"260\" height=\"180\" class=\"wp-image-2231\" style=\"width: 300px;\" src=\"http:\/\/www.hilfe-fuer-guasmo.de\/wp-content\/uploads\/2021\/10\/20211018Iliana2.png\" alt=\"\"><img loading=\"lazy\" width=\"260\" height=\"180\" class=\"wp-image-2230\" style=\"width: 300px;\" src=\"http:\/\/www.hilfe-fuer-guasmo.de\/wp-content\/uploads\/2021\/10\/20211018Iliana1.png\" alt=\"\"><\/p>\n<\/div><\/div>\n\n\n\n<p>Iliana (12 Jahre) besucht die 9. Klasse. Ein Mobiltelefon erm\u00f6glicht ihr die Teilnahme am Online-Unterricht.<\/p>\n\n\n\n<p><\/p>\n\n\n\n<div class=\"wp-block-media-text alignwide is-stacked-on-mobile\"><figure class=\"wp-block-media-text__media\"><img loading=\"lazy\" width=\"260\" height=\"180\" src=\"http:\/\/www.hilfe-fuer-guasmo.de\/wp-content\/uploads\/2021\/10\/20211018Marly-1.png\" alt=\"\" class=\"wp-image-2241 size-full\"\/><\/figure><div class=\"wp-block-media-text__content\">\n<p>Marly (16 Jahre) ist die Zweit\u00e4lteste von sechs Geschwistern. Von ihrem Zuhause im Umland von Puerto Napo aus nimmt sie \u00fcber ein Mobiltelefon am Online-Unterricht teil. <\/p>\n<\/div><\/div>\n\n\n\n<p><\/p>\n","protected":false},"excerpt":{"rendered":"<p>\u201eDank Ihrer Hilfe habe ich einen Computer\u201c Natalie Becker 12.10.2021 Die Stipendiatinnen und Stipendiaten des Kirchheimer Vereins Hilfe f\u00fcr Guasmo haben in Ecuador noch immer keinen Pr\u00e4senz-Unterricht und lernen weiterhin online, unterst\u00fctzt durch zus\u00e4tzliche finanzielle F\u00f6rderung und digitale Kommunikationen mit ihren Sozialarbeiterinnen vor Ort. Die Sozialarbeiterinnen in Guayaquil\/La Aurora und Puerto Napo\/Tena berichten, dass der &hellip; <a href=\"https:\/\/www.hilfe-fuer-guasmo.de\/es\/aktuelles\/neues-aus-den-projekten\/lernen-unter-coronabedingungen\/\" class=\"more-link\">Seguir leyendo <span class=\"screen-reader-text\">Lernen unter Corona-Bedingungen<\/span> <span class=\"meta-nav\">&rarr;<\/span><\/a><\/p>\n","protected":false},"author":4,"featured_media":0,"parent":767,"menu_order":5,"comment_status":"closed","ping_status":"closed","template":"","meta":[],"translation":{"provider":"WPGlobus","version":"3.0.0","language":"es","enabled_languages":["de","es"],"languages":{"de":{"title":true,"content":true,"excerpt":false},"es":{"title":false,"content":false,"excerpt":false}}},"yoast_head":"<!-- This site is optimized with the Yoast SEO plugin v18.1 - https:\/\/yoast.com\/wordpress\/plugins\/seo\/ -->\n<meta name=\"robots\" content=\"index, follow, max-snippet:-1, max-image-preview:large, max-video-preview:-1\" \/>\n<link rel=\"canonical\" href=\"https:\/\/www.hilfe-fuer-guasmo.de\/aktuelles\/neues-aus-den-projekten\/lernen-unter-coronabedingungen\/\" \/>\n<meta property=\"og:locale\" content=\"es_ES\" \/>\n<meta property=\"og:type\" content=\"article\" \/>\n<meta property=\"og:title\" content=\"Lernen unter Corona-Bedingungen - Hilfe fuer Guasmo\" \/>\n<meta property=\"og:url\" content=\"https:\/\/www.hilfe-fuer-guasmo.de\/aktuelles\/neues-aus-den-projekten\/lernen-unter-coronabedingungen\/\" \/>\n<meta property=\"og:site_name\" content=\"Hilfe fuer Guasmo\" \/>\n<meta property=\"article:modified_time\" content=\"2024-04-15T16:38:22+00:00\" \/>\n<meta property=\"og:image\" content=\"http:\/\/www.hilfe-fuer-guasmo.de\/wp-content\/uploads\/2021\/10\/20211018Alan1.jpg\" \/>\n<meta name=\"twitter:card\" content=\"summary\" \/>\n<meta name=\"twitter:label1\" content=\"Tiempo de lectura\" \/>\n\t<meta name=\"twitter:data1\" content=\"8 minutos\" \/>\n<script type=\"application\/ld+json\" class=\"yoast-schema-graph\">{\"@context\":\"https:\/\/schema.org\",\"@graph\":[{\"@type\":\"WebSite\",\"@id\":\"https:\/\/www.hilfe-fuer-guasmo.de\/#website\",\"url\":\"https:\/\/www.hilfe-fuer-guasmo.de\/\",\"name\":\"Hilfe fuer Guasmo\",\"description\":\"apoyar a ni\u00f1os en Ecuador\",\"potentialAction\":[{\"@type\":\"SearchAction\",\"target\":{\"@type\":\"EntryPoint\",\"urlTemplate\":\"https:\/\/www.hilfe-fuer-guasmo.de\/?s={search_term_string}\"},\"query-input\":\"required name=search_term_string\"}],\"inLanguage\":\"es\"},{\"@type\":\"ImageObject\",\"@id\":\"https:\/\/www.hilfe-fuer-guasmo.de\/aktuelles\/neues-aus-den-projekten\/lernen-unter-coronabedingungen\/#primaryimage\",\"inLanguage\":\"es\",\"url\":\"http:\/\/www.hilfe-fuer-guasmo.de\/wp-content\/uploads\/2021\/10\/20211018Alan1.jpg\",\"contentUrl\":\"http:\/\/www.hilfe-fuer-guasmo.de\/wp-content\/uploads\/2021\/10\/20211018Alan1.jpg\"},{\"@type\":\"WebPage\",\"@id\":\"https:\/\/www.hilfe-fuer-guasmo.de\/aktuelles\/neues-aus-den-projekten\/lernen-unter-coronabedingungen\/#webpage\",\"url\":\"https:\/\/www.hilfe-fuer-guasmo.de\/aktuelles\/neues-aus-den-projekten\/lernen-unter-coronabedingungen\/\",\"name\":\"Lernen unter Corona-Bedingungen - Hilfe fuer Guasmo\",\"isPartOf\":{\"@id\":\"https:\/\/www.hilfe-fuer-guasmo.de\/#website\"},\"primaryImageOfPage\":{\"@id\":\"https:\/\/www.hilfe-fuer-guasmo.de\/aktuelles\/neues-aus-den-projekten\/lernen-unter-coronabedingungen\/#primaryimage\"},\"datePublished\":\"2021-10-18T12:14:43+00:00\",\"dateModified\":\"2024-04-15T16:38:22+00:00\",\"breadcrumb\":{\"@id\":\"https:\/\/www.hilfe-fuer-guasmo.de\/aktuelles\/neues-aus-den-projekten\/lernen-unter-coronabedingungen\/#breadcrumb\"},\"inLanguage\":\"es\",\"potentialAction\":[{\"@type\":\"ReadAction\",\"target\":[\"https:\/\/www.hilfe-fuer-guasmo.de\/aktuelles\/neues-aus-den-projekten\/lernen-unter-coronabedingungen\/\"]}]},{\"@type\":\"BreadcrumbList\",\"@id\":\"https:\/\/www.hilfe-fuer-guasmo.de\/aktuelles\/neues-aus-den-projekten\/lernen-unter-coronabedingungen\/#breadcrumb\",\"itemListElement\":[{\"@type\":\"ListItem\",\"position\":1,\"name\":\"Home\",\"item\":\"https:\/\/www.hilfe-fuer-guasmo.de\/\"},{\"@type\":\"ListItem\",\"position\":2,\"name\":\"Aktuelles\",\"item\":\"https:\/\/www.hilfe-fuer-guasmo.de\/aktuelles\/\"},{\"@type\":\"ListItem\",\"position\":3,\"name\":\"Neues aus Ecuador\",\"item\":\"https:\/\/www.hilfe-fuer-guasmo.de\/aktuelles\/neues-aus-den-projekten\/\"},{\"@type\":\"ListItem\",\"position\":4,\"name\":\"Lernen unter Corona-Bedingungen\"}]}]}<\/script>\n<!-- \/ Yoast SEO plugin. -->","yoast_head_json":{"robots":{"index":"index","follow":"follow","max-snippet":"max-snippet:-1","max-image-preview":"max-image-preview:large","max-video-preview":"max-video-preview:-1"},"canonical":"https:\/\/www.hilfe-fuer-guasmo.de\/aktuelles\/neues-aus-den-projekten\/lernen-unter-coronabedingungen\/","og_locale":"es_ES","og_type":"article","og_title":"Lernen unter Corona-Bedingungen - Hilfe fuer Guasmo","og_url":"https:\/\/www.hilfe-fuer-guasmo.de\/aktuelles\/neues-aus-den-projekten\/lernen-unter-coronabedingungen\/","og_site_name":"Hilfe fuer Guasmo","article_modified_time":"2024-04-15T16:38:22+00:00","og_image":[{"url":"http:\/\/www.hilfe-fuer-guasmo.de\/wp-content\/uploads\/2021\/10\/20211018Alan1.jpg"}],"twitter_card":"summary","twitter_misc":{"Tiempo de lectura":"8 minutos"},"schema":{"@context":"https:\/\/schema.org","@graph":[{"@type":"WebSite","@id":"https:\/\/www.hilfe-fuer-guasmo.de\/#website","url":"https:\/\/www.hilfe-fuer-guasmo.de\/","name":"Hilfe fuer Guasmo","description":"apoyar a ni\u00f1os en Ecuador","potentialAction":[{"@type":"SearchAction","target":{"@type":"EntryPoint","urlTemplate":"https:\/\/www.hilfe-fuer-guasmo.de\/?s={search_term_string}"},"query-input":"required name=search_term_string"}],"inLanguage":"es"},{"@type":"ImageObject","@id":"https:\/\/www.hilfe-fuer-guasmo.de\/aktuelles\/neues-aus-den-projekten\/lernen-unter-coronabedingungen\/#primaryimage","inLanguage":"es","url":"http:\/\/www.hilfe-fuer-guasmo.de\/wp-content\/uploads\/2021\/10\/20211018Alan1.jpg","contentUrl":"http:\/\/www.hilfe-fuer-guasmo.de\/wp-content\/uploads\/2021\/10\/20211018Alan1.jpg"},{"@type":"WebPage","@id":"https:\/\/www.hilfe-fuer-guasmo.de\/aktuelles\/neues-aus-den-projekten\/lernen-unter-coronabedingungen\/#webpage","url":"https:\/\/www.hilfe-fuer-guasmo.de\/aktuelles\/neues-aus-den-projekten\/lernen-unter-coronabedingungen\/","name":"Lernen unter Corona-Bedingungen - Hilfe fuer Guasmo","isPartOf":{"@id":"https:\/\/www.hilfe-fuer-guasmo.de\/#website"},"primaryImageOfPage":{"@id":"https:\/\/www.hilfe-fuer-guasmo.de\/aktuelles\/neues-aus-den-projekten\/lernen-unter-coronabedingungen\/#primaryimage"},"datePublished":"2021-10-18T12:14:43+00:00","dateModified":"2024-04-15T16:38:22+00:00","breadcrumb":{"@id":"https:\/\/www.hilfe-fuer-guasmo.de\/aktuelles\/neues-aus-den-projekten\/lernen-unter-coronabedingungen\/#breadcrumb"},"inLanguage":"es","potentialAction":[{"@type":"ReadAction","target":["https:\/\/www.hilfe-fuer-guasmo.de\/aktuelles\/neues-aus-den-projekten\/lernen-unter-coronabedingungen\/"]}]},{"@type":"BreadcrumbList","@id":"https:\/\/www.hilfe-fuer-guasmo.de\/aktuelles\/neues-aus-den-projekten\/lernen-unter-coronabedingungen\/#breadcrumb","itemListElement":[{"@type":"ListItem","position":1,"name":"Home","item":"https:\/\/www.hilfe-fuer-guasmo.de\/"},{"@type":"ListItem","position":2,"name":"Aktuelles","item":"https:\/\/www.hilfe-fuer-guasmo.de\/aktuelles\/"},{"@type":"ListItem","position":3,"name":"Neues aus Ecuador","item":"https:\/\/www.hilfe-fuer-guasmo.de\/aktuelles\/neues-aus-den-projekten\/"},{"@type":"ListItem","position":4,"name":"Lernen unter Corona-Bedingungen"}]}]}},"_links":{"self":[{"href":"https:\/\/www.hilfe-fuer-guasmo.de\/es\/wp-json\/wp\/v2\/pages\/2238"}],"collection":[{"href":"https:\/\/www.hilfe-fuer-guasmo.de\/es\/wp-json\/wp\/v2\/pages"}],"about":[{"href":"https:\/\/www.hilfe-fuer-guasmo.de\/es\/wp-json\/wp\/v2\/types\/page"}],"author":[{"embeddable":true,"href":"https:\/\/www.hilfe-fuer-guasmo.de\/es\/wp-json\/wp\/v2\/users\/4"}],"replies":[{"embeddable":true,"href":"https:\/\/www.hilfe-fuer-guasmo.de\/es\/wp-json\/wp\/v2\/comments?post=2238"}],"version-history":[{"count":27,"href":"https:\/\/www.hilfe-fuer-guasmo.de\/es\/wp-json\/wp\/v2\/pages\/2238\/revisions"}],"predecessor-version":[{"id":2287,"href":"https:\/\/www.hilfe-fuer-guasmo.de\/es\/wp-json\/wp\/v2\/pages\/2238\/revisions\/2287"}],"up":[{"embeddable":true,"href":"https:\/\/www.hilfe-fuer-guasmo.de\/es\/wp-json\/wp\/v2\/pages\/767"}],"wp:attachment":[{"href":"https:\/\/www.hilfe-fuer-guasmo.de\/es\/wp-json\/wp\/v2\/media?parent=2238"}],"curies":[{"name":"wp","href":"https:\/\/api.w.org\/{rel}","templated":true}]}}