{"id":1795,"date":"2020-02-27T13:52:33","date_gmt":"2020-02-27T13:52:33","guid":{"rendered":"http:\/\/www.hilfe-fuer-guasmo.de\/?page_id=1795"},"modified":"2024-07-08T09:19:38","modified_gmt":"2024-07-08T09:19:38","slug":"rechenschaftsberichte","status":"publish","type":"page","link":"https:\/\/www.hilfe-fuer-guasmo.de\/es\/rechenschaftsberichte\/","title":{"rendered":"Rechenschaftsberichte"},"content":{"rendered":"\n<p><a href=\"https:\/\/www.hilfe-fuer-guasmo.de\/wp-content\/uploads\/2024\/07\/HfG-Rechenschaftsbericht-2023.pdf\">Bericht f\u00fcr das Jahr 2023<\/a><\/p>\n\n\n\n<p><a href=\"https:\/\/www.hilfe-fuer-guasmo.de\/wp-content\/uploads\/2024\/01\/HfG-Rechenschaftsbericht-2022.pdf\">Bericht f\u00fcr das Jahr 2022<\/a><\/p>\n\n\n\n<p><a href=\"http:\/\/www.hilfe-fuer-guasmo.de\/wp-content\/uploads\/2021\/10\/20211020MGV-Protokoll-17.-Okt-21.pdf\">Protokoll Mitgliederversammlung Oktober 2021<\/a><\/p>\n\n\n\n<p><a href=\"http:\/\/www.hilfe-fuer-guasmo.de\/wp-content\/uploads\/2020\/12\/HfG-Rechenschaftsbericht-2020.pdf\">Bericht f\u00fcr das Jahr 2020 <\/a><\/p>\n\n\n\n<p><a href=\"http:\/\/www.hilfe-fuer-guasmo.de\/wp-content\/uploads\/2020\/03\/Rechenschaftsbericht-2018-2019.pdf\">Bericht f\u00fcr die Jahre 2018 &#8211; 2019<\/a><\/p>\n\n\n\n<p><a href=\"http:\/\/www.hilfe-fuer-guasmo.de\/wp-content\/uploads\/2018\/04\/Jahresbericht-2016-2017.pdf\">Bericht f\u00fcr die Jahre 2016 &#8211; 2017<\/a><\/p>\n\n\n\n<p><a aria-label=\" (\u00f6ffnet in neuem Tab)\" href=\"http:\/\/www.hilfe-fuer-guasmo.de\/wp-content\/uploads\/2020\/02\/Jahresbericht-2014-2015.pdf\" target=\"_blank\" rel=\"noreferrer noopener\">Bericht f\u00fcr die Jahre 2014 &#8211; 2015<\/a><\/p>\n\n\n\n<p><a href=\"http:\/\/www.hilfe-fuer-guasmo.de\/wp-content\/uploads\/2020\/02\/Jahresbericht-2012-2013.pdf\">Bericht f\u00fcr die Jahre 2012 &#8211; 2013<\/a><\/p>\n","protected":false},"excerpt":{"rendered":"<p>Bericht f\u00fcr das Jahr 2023 Bericht f\u00fcr das Jahr 2022 Protokoll Mitgliederversammlung Oktober 2021 Bericht f\u00fcr das Jahr 2020 Bericht f\u00fcr die Jahre 2018 &#8211; 2019 Bericht f\u00fcr die Jahre 2016 &#8211; 2017 Bericht f\u00fcr die Jahre 2014 &#8211; 2015 Bericht f\u00fcr die Jahre 2012 &#8211; 2013<\/p>\n","protected":false},"author":4,"featured_media":0,"parent":0,"menu_order":0,"comment_status":"closed","ping_status":"closed","template":"","meta":[],"translation":{"provider":"WPGlobus","version":"3.0.0","language":"es","enabled_languages":["de","es"],"languages":{"de":{"title":true,"content":true,"excerpt":false},"es":{"title":false,"content":false,"excerpt":false}}},"yoast_head":"<!-- This site is optimized with the Yoast SEO plugin v18.1 - https:\/\/yoast.com\/wordpress\/plugins\/seo\/ -->\n<meta name=\"robots\" content=\"index, follow, max-snippet:-1, max-image-preview:large, max-video-preview:-1\" \/>\n<link rel=\"canonical\" href=\"https:\/\/www.hilfe-fuer-guasmo.de\/rechenschaftsberichte\/\" \/>\n<meta property=\"og:locale\" content=\"es_ES\" \/>\n<meta property=\"og:type\" content=\"article\" \/>\n<meta property=\"og:title\" content=\"Rechenschaftsberichte - Hilfe fuer Guasmo\" \/>\n<meta property=\"og:url\" content=\"https:\/\/www.hilfe-fuer-guasmo.de\/rechenschaftsberichte\/\" \/>\n<meta property=\"og:site_name\" content=\"Hilfe fuer Guasmo\" \/>\n<meta property=\"article:modified_time\" content=\"2024-07-08T09:19:38+00:00\" \/>\n<meta name=\"twitter:card\" content=\"summary\" \/>\n<meta name=\"twitter:label1\" content=\"Tiempo de lectura\" \/>\n\t<meta name=\"twitter:data1\" content=\"1 minuto\" \/>\n<script type=\"application\/ld+json\" class=\"yoast-schema-graph\">{\"@context\":\"https:\/\/schema.org\",\"@graph\":[{\"@type\":\"WebSite\",\"@id\":\"https:\/\/www.hilfe-fuer-guasmo.de\/#website\",\"url\":\"https:\/\/www.hilfe-fuer-guasmo.de\/\",\"name\":\"Hilfe fuer Guasmo\",\"description\":\"apoyar a ni\u00f1os en Ecuador\",\"potentialAction\":[{\"@type\":\"SearchAction\",\"target\":{\"@type\":\"EntryPoint\",\"urlTemplate\":\"https:\/\/www.hilfe-fuer-guasmo.de\/?s={search_term_string}\"},\"query-input\":\"required name=search_term_string\"}],\"inLanguage\":\"es\"},{\"@type\":\"WebPage\",\"@id\":\"https:\/\/www.hilfe-fuer-guasmo.de\/rechenschaftsberichte\/#webpage\",\"url\":\"https:\/\/www.hilfe-fuer-guasmo.de\/rechenschaftsberichte\/\",\"name\":\"Rechenschaftsberichte - Hilfe fuer Guasmo\",\"isPartOf\":{\"@id\":\"https:\/\/www.hilfe-fuer-guasmo.de\/#website\"},\"datePublished\":\"2020-02-27T13:52:33+00:00\",\"dateModified\":\"2024-07-08T09:19:38+00:00\",\"breadcrumb\":{\"@id\":\"https:\/\/www.hilfe-fuer-guasmo.de\/rechenschaftsberichte\/#breadcrumb\"},\"inLanguage\":\"es\",\"potentialAction\":[{\"@type\":\"ReadAction\",\"target\":[\"https:\/\/www.hilfe-fuer-guasmo.de\/rechenschaftsberichte\/\"]}]},{\"@type\":\"BreadcrumbList\",\"@id\":\"https:\/\/www.hilfe-fuer-guasmo.de\/rechenschaftsberichte\/#breadcrumb\",\"itemListElement\":[{\"@type\":\"ListItem\",\"position\":1,\"name\":\"Home\",\"item\":\"https:\/\/www.hilfe-fuer-guasmo.de\/\"},{\"@type\":\"ListItem\",\"position\":2,\"name\":\"Rechenschaftsberichte\"}]}]}<\/script>\n<!-- \/ Yoast SEO plugin. -->","yoast_head_json":{"robots":{"index":"index","follow":"follow","max-snippet":"max-snippet:-1","max-image-preview":"max-image-preview:large","max-video-preview":"max-video-preview:-1"},"canonical":"https:\/\/www.hilfe-fuer-guasmo.de\/rechenschaftsberichte\/","og_locale":"es_ES","og_type":"article","og_title":"Rechenschaftsberichte - Hilfe fuer Guasmo","og_url":"https:\/\/www.hilfe-fuer-guasmo.de\/rechenschaftsberichte\/","og_site_name":"Hilfe fuer Guasmo","article_modified_time":"2024-07-08T09:19:38+00:00","twitter_card":"summary","twitter_misc":{"Tiempo de lectura":"1 minuto"},"schema":{"@context":"https:\/\/schema.org","@graph":[{"@type":"WebSite","@id":"https:\/\/www.hilfe-fuer-guasmo.de\/#website","url":"https:\/\/www.hilfe-fuer-guasmo.de\/","name":"Hilfe fuer Guasmo","description":"apoyar a ni\u00f1os en Ecuador","potentialAction":[{"@type":"SearchAction","target":{"@type":"EntryPoint","urlTemplate":"https:\/\/www.hilfe-fuer-guasmo.de\/?s={search_term_string}"},"query-input":"required name=search_term_string"}],"inLanguage":"es"},{"@type":"WebPage","@id":"https:\/\/www.hilfe-fuer-guasmo.de\/rechenschaftsberichte\/#webpage","url":"https:\/\/www.hilfe-fuer-guasmo.de\/rechenschaftsberichte\/","name":"Rechenschaftsberichte - Hilfe fuer Guasmo","isPartOf":{"@id":"https:\/\/www.hilfe-fuer-guasmo.de\/#website"},"datePublished":"2020-02-27T13:52:33+00:00","dateModified":"2024-07-08T09:19:38+00:00","breadcrumb":{"@id":"https:\/\/www.hilfe-fuer-guasmo.de\/rechenschaftsberichte\/#breadcrumb"},"inLanguage":"es","potentialAction":[{"@type":"ReadAction","target":["https:\/\/www.hilfe-fuer-guasmo.de\/rechenschaftsberichte\/"]}]},{"@type":"BreadcrumbList","@id":"https:\/\/www.hilfe-fuer-guasmo.de\/rechenschaftsberichte\/#breadcrumb","itemListElement":[{"@type":"ListItem","position":1,"name":"Home","item":"https:\/\/www.hilfe-fuer-guasmo.de\/"},{"@type":"ListItem","position":2,"name":"Rechenschaftsberichte"}]}]}},"_links":{"self":[{"href":"https:\/\/www.hilfe-fuer-guasmo.de\/es\/wp-json\/wp\/v2\/pages\/1795"}],"collection":[{"href":"https:\/\/www.hilfe-fuer-guasmo.de\/es\/wp-json\/wp\/v2\/pages"}],"about":[{"href":"https:\/\/www.hilfe-fuer-guasmo.de\/es\/wp-json\/wp\/v2\/types\/page"}],"author":[{"embeddable":true,"href":"https:\/\/www.hilfe-fuer-guasmo.de\/es\/wp-json\/wp\/v2\/users\/4"}],"replies":[{"embeddable":true,"href":"https:\/\/www.hilfe-fuer-guasmo.de\/es\/wp-json\/wp\/v2\/comments?post=1795"}],"version-history":[{"count":41,"href":"https:\/\/www.hilfe-fuer-guasmo.de\/es\/wp-json\/wp\/v2\/pages\/1795\/revisions"}],"predecessor-version":[{"id":2780,"href":"https:\/\/www.hilfe-fuer-guasmo.de\/es\/wp-json\/wp\/v2\/pages\/1795\/revisions\/2780"}],"wp:attachment":[{"href":"https:\/\/www.hilfe-fuer-guasmo.de\/es\/wp-json\/wp\/v2\/media?parent=1795"}],"curies":[{"name":"wp","href":"https:\/\/api.w.org\/{rel}","templated":true}]}}