{"id":15,"date":"2015-03-15T13:30:13","date_gmt":"2015-03-15T13:30:13","guid":{"rendered":"http:\/\/www.hilfe-fuer-guasmo.de\/?page_id=15"},"modified":"2026-02-12T17:11:52","modified_gmt":"2026-02-12T17:11:52","slug":"seite-eins","status":"publish","type":"page","link":"https:\/\/www.hilfe-fuer-guasmo.de\/es\/","title":{"rendered":"P\u00e1gina de inicio"},"content":{"rendered":"\n<h2>Somos una organizaci\u00f3n ben\u00e9fica para los ni\u00f1os de Ecuador<\/h2>\n\n\n\n<p><a href=\"http:\/\/www.hilfe-fuer-guasmo.de\/\"><div id=\"mtphr-dnt-2119\" class=\"mtphr-dnt mtphr-dnt-2119 mtphr-dnt-default mtphr-dnt-scroll mtphr-dnt-scroll-left\"><div class=\"mtphr-dnt-wrapper mtphr-dnt-clearfix\"><div class=\"mtphr-dnt-tick-container\"><div class=\"mtphr-dnt-tick-contents\"><div class=\"mtphr-dnt-tick mtphr-dnt-default-tick mtphr-dnt-clearfix \">Novedades concernando la situaci\u00f3n del Covid -&gt; ver actualidades\/novedades de Ecuador<\/div><\/div><\/div><\/div><\/div><\/a><\/p>\n\n\n\n<p><em>para la situaci\u00f3n actual de la pandemia, ver Noticias de Ecuador<\/em><\/p>\n\n\n\n<figure class=\"wp-block-image\"><img loading=\"lazy\" width=\"500\" height=\"250\" src=\"http:\/\/www.hilfe-fuer-guasmo.de\/wp-content\/uploads\/2015\/06\/Guasmo_B4a.jpg\" alt=\"\" class=\"wp-image-260\"\/><\/figure>\n\n\n\n<ul><li>Hilfe f\u00fcr Guasmo apoya a personas muy pobres de Ecuador en varios proyectos de ayuda.<\/li><li>Los ni\u00f1os y j\u00f3venes esperan nuestra ayuda.<br>Lo reciben de nosotros gracias a donaciones y patrocinios.<\/li><li>Se les atiende personalmente en nuestros proyectos de ayuda.<\/li><li>El trabajo social in situ est\u00e1 en manos de profesionales bien formados.<\/li><li>Nos hacemos cargo de las familias.<\/li><li>No hay costes administrativos por el uso de las donaciones. Todos los ayudantes en Alemania trabajan de forma voluntaria.<\/li><li>Los j\u00f3venes aprenden a reconocer su valor personal y a ganar seguridad.<\/li><li>Que se siente seguro, dice no a las drogas, al alcohol, a la delincuencia.<\/li><\/ul>\n\n\n\n<p><strong>Cuenta de donaciones &nbsp;Hilfe f\u00fcr Guasmo:<br>BW Bank \/ IBAN: DE50600501010008648646 \/ BIC: SOLADEST600<\/strong><\/p>\n","protected":false},"excerpt":{"rendered":"<p>Somos una organizaci\u00f3n ben\u00e9fica para los ni\u00f1os de Ecuador para la situaci\u00f3n actual de la pandemia, ver Noticias de Ecuador Hilfe f\u00fcr Guasmo apoya a personas muy pobres de Ecuador en varios proyectos de ayuda. Los ni\u00f1os y j\u00f3venes esperan nuestra ayuda.Lo reciben de nosotros gracias a donaciones y patrocinios. Se les atiende personalmente en &hellip; <a href=\"https:\/\/www.hilfe-fuer-guasmo.de\/es\/\" class=\"more-link\">Seguir leyendo <span class=\"screen-reader-text\">P\u00e1gina de inicio<\/span> <span class=\"meta-nav\">&rarr;<\/span><\/a><\/p>\n","protected":false},"author":1,"featured_media":0,"parent":0,"menu_order":0,"comment_status":"open","ping_status":"open","template":"","meta":[],"translation":{"provider":"WPGlobus","version":"3.0.0","language":"es","enabled_languages":["de","es"],"languages":{"de":{"title":true,"content":true,"excerpt":false},"es":{"title":true,"content":true,"excerpt":false}}},"yoast_head":"<!-- This site is optimized with the Yoast SEO plugin v18.1 - https:\/\/yoast.com\/wordpress\/plugins\/seo\/ -->\n<meta name=\"robots\" content=\"index, follow, max-snippet:-1, max-image-preview:large, max-video-preview:-1\" \/>\n<link rel=\"canonical\" href=\"https:\/\/www.hilfe-fuer-guasmo.de\/\" \/>\n<meta property=\"og:locale\" content=\"es_ES\" \/>\n<meta property=\"og:type\" content=\"article\" \/>\n<meta property=\"og:title\" content=\"Hilfe f\u00fcr Guasmo - Startseite\" \/>\n<meta property=\"og:url\" content=\"https:\/\/www.hilfe-fuer-guasmo.de\/\" \/>\n<meta property=\"og:site_name\" content=\"Hilfe fuer Guasmo\" \/>\n<meta property=\"article:modified_time\" content=\"2026-02-12T17:11:52+00:00\" \/>\n<meta property=\"og:image\" content=\"http:\/\/www.hilfe-fuer-guasmo.de\/wp-content\/uploads\/2015\/06\/Guasmo_B4a.jpg\" \/>\n<meta name=\"twitter:card\" content=\"summary\" \/>\n<meta name=\"twitter:label1\" content=\"Tiempo de lectura\" \/>\n\t<meta name=\"twitter:data1\" content=\"1 minuto\" \/>\n<script type=\"application\/ld+json\" class=\"yoast-schema-graph\">{\"@context\":\"https:\/\/schema.org\",\"@graph\":[{\"@type\":\"WebSite\",\"@id\":\"https:\/\/www.hilfe-fuer-guasmo.de\/#website\",\"url\":\"https:\/\/www.hilfe-fuer-guasmo.de\/\",\"name\":\"Hilfe fuer Guasmo\",\"description\":\"apoyar a ni\u00f1os en Ecuador\",\"potentialAction\":[{\"@type\":\"SearchAction\",\"target\":{\"@type\":\"EntryPoint\",\"urlTemplate\":\"https:\/\/www.hilfe-fuer-guasmo.de\/?s={search_term_string}\"},\"query-input\":\"required name=search_term_string\"}],\"inLanguage\":\"es\"},{\"@type\":\"ImageObject\",\"@id\":\"https:\/\/www.hilfe-fuer-guasmo.de\/#primaryimage\",\"inLanguage\":\"es\",\"url\":\"http:\/\/www.hilfe-fuer-guasmo.de\/wp-content\/uploads\/2015\/06\/Guasmo_B4a.jpg\",\"contentUrl\":\"http:\/\/www.hilfe-fuer-guasmo.de\/wp-content\/uploads\/2015\/06\/Guasmo_B4a.jpg\"},{\"@type\":\"WebPage\",\"@id\":\"https:\/\/www.hilfe-fuer-guasmo.de\/#webpage\",\"url\":\"https:\/\/www.hilfe-fuer-guasmo.de\/\",\"name\":\"Hilfe f\u00fcr Guasmo - Startseite\",\"isPartOf\":{\"@id\":\"https:\/\/www.hilfe-fuer-guasmo.de\/#website\"},\"primaryImageOfPage\":{\"@id\":\"https:\/\/www.hilfe-fuer-guasmo.de\/#primaryimage\"},\"datePublished\":\"2015-03-15T13:30:13+00:00\",\"dateModified\":\"2026-02-12T17:11:52+00:00\",\"description\":\"Hilfe f\u00fcr Guasmo unterst\u00fctzt in mehreren Hilfsprojekten sehr arme Menschen in Ecuador. Kinder und Jugendliche bekommen Hilfe dank Spenden und Patenschaften.\",\"breadcrumb\":{\"@id\":\"https:\/\/www.hilfe-fuer-guasmo.de\/#breadcrumb\"},\"inLanguage\":\"es\",\"potentialAction\":[{\"@type\":\"ReadAction\",\"target\":[\"https:\/\/www.hilfe-fuer-guasmo.de\/\"]}]},{\"@type\":\"BreadcrumbList\",\"@id\":\"https:\/\/www.hilfe-fuer-guasmo.de\/#breadcrumb\",\"itemListElement\":[{\"@type\":\"ListItem\",\"position\":1,\"name\":\"Home\",\"item\":\"https:\/\/www.hilfe-fuer-guasmo.de\/\"},{\"@type\":\"ListItem\",\"position\":2,\"name\":\"Startseite\"}]}]}<\/script>\n<!-- \/ Yoast SEO plugin. -->","yoast_head_json":{"robots":{"index":"index","follow":"follow","max-snippet":"max-snippet:-1","max-image-preview":"max-image-preview:large","max-video-preview":"max-video-preview:-1"},"canonical":"https:\/\/www.hilfe-fuer-guasmo.de\/","og_locale":"es_ES","og_type":"article","og_title":"Hilfe f\u00fcr Guasmo - Startseite","og_url":"https:\/\/www.hilfe-fuer-guasmo.de\/","og_site_name":"Hilfe fuer Guasmo","article_modified_time":"2026-02-12T17:11:52+00:00","og_image":[{"url":"http:\/\/www.hilfe-fuer-guasmo.de\/wp-content\/uploads\/2015\/06\/Guasmo_B4a.jpg"}],"twitter_card":"summary","twitter_misc":{"Tiempo de lectura":"1 minuto"},"schema":{"@context":"https:\/\/schema.org","@graph":[{"@type":"WebSite","@id":"https:\/\/www.hilfe-fuer-guasmo.de\/#website","url":"https:\/\/www.hilfe-fuer-guasmo.de\/","name":"Hilfe fuer Guasmo","description":"apoyar a ni\u00f1os en Ecuador","potentialAction":[{"@type":"SearchAction","target":{"@type":"EntryPoint","urlTemplate":"https:\/\/www.hilfe-fuer-guasmo.de\/?s={search_term_string}"},"query-input":"required name=search_term_string"}],"inLanguage":"es"},{"@type":"ImageObject","@id":"https:\/\/www.hilfe-fuer-guasmo.de\/#primaryimage","inLanguage":"es","url":"http:\/\/www.hilfe-fuer-guasmo.de\/wp-content\/uploads\/2015\/06\/Guasmo_B4a.jpg","contentUrl":"http:\/\/www.hilfe-fuer-guasmo.de\/wp-content\/uploads\/2015\/06\/Guasmo_B4a.jpg"},{"@type":"WebPage","@id":"https:\/\/www.hilfe-fuer-guasmo.de\/#webpage","url":"https:\/\/www.hilfe-fuer-guasmo.de\/","name":"Hilfe f\u00fcr Guasmo - Startseite","isPartOf":{"@id":"https:\/\/www.hilfe-fuer-guasmo.de\/#website"},"primaryImageOfPage":{"@id":"https:\/\/www.hilfe-fuer-guasmo.de\/#primaryimage"},"datePublished":"2015-03-15T13:30:13+00:00","dateModified":"2026-02-12T17:11:52+00:00","description":"Hilfe f\u00fcr Guasmo unterst\u00fctzt in mehreren Hilfsprojekten sehr arme Menschen in Ecuador. Kinder und Jugendliche bekommen Hilfe dank Spenden und Patenschaften.","breadcrumb":{"@id":"https:\/\/www.hilfe-fuer-guasmo.de\/#breadcrumb"},"inLanguage":"es","potentialAction":[{"@type":"ReadAction","target":["https:\/\/www.hilfe-fuer-guasmo.de\/"]}]},{"@type":"BreadcrumbList","@id":"https:\/\/www.hilfe-fuer-guasmo.de\/#breadcrumb","itemListElement":[{"@type":"ListItem","position":1,"name":"Home","item":"https:\/\/www.hilfe-fuer-guasmo.de\/"},{"@type":"ListItem","position":2,"name":"Startseite"}]}]}},"_links":{"self":[{"href":"https:\/\/www.hilfe-fuer-guasmo.de\/es\/wp-json\/wp\/v2\/pages\/15"}],"collection":[{"href":"https:\/\/www.hilfe-fuer-guasmo.de\/es\/wp-json\/wp\/v2\/pages"}],"about":[{"href":"https:\/\/www.hilfe-fuer-guasmo.de\/es\/wp-json\/wp\/v2\/types\/page"}],"author":[{"embeddable":true,"href":"https:\/\/www.hilfe-fuer-guasmo.de\/es\/wp-json\/wp\/v2\/users\/1"}],"replies":[{"embeddable":true,"href":"https:\/\/www.hilfe-fuer-guasmo.de\/es\/wp-json\/wp\/v2\/comments?post=15"}],"version-history":[{"count":65,"href":"https:\/\/www.hilfe-fuer-guasmo.de\/es\/wp-json\/wp\/v2\/pages\/15\/revisions"}],"predecessor-version":[{"id":2919,"href":"https:\/\/www.hilfe-fuer-guasmo.de\/es\/wp-json\/wp\/v2\/pages\/15\/revisions\/2919"}],"wp:attachment":[{"href":"https:\/\/www.hilfe-fuer-guasmo.de\/es\/wp-json\/wp\/v2\/media?parent=15"}],"curies":[{"name":"wp","href":"https:\/\/api.w.org\/{rel}","templated":true}]}}