{"id":108,"date":"2015-05-19T06:04:44","date_gmt":"2015-05-19T06:04:44","guid":{"rendered":"http:\/\/www.hilfe-fuer-guasmo.de\/?page_id=108"},"modified":"2024-01-18T17:03:19","modified_gmt":"2024-01-18T17:03:19","slug":"ueber-uns","status":"publish","type":"page","link":"https:\/\/www.hilfe-fuer-guasmo.de\/es\/ueber-uns\/","title":{"rendered":"\u00dcber uns"},"content":{"rendered":"<p style=\"text-align: center;\"><img loading=\"lazy\" class=\"wp-image-376 alignleft\" src=\"http:\/\/www.hilfe-fuer-guasmo.de\/wp-content\/uploads\/2015\/07\/Logo.jpg\" alt=\"\" width=\"126\" height=\"126\" srcset=\"https:\/\/www.hilfe-fuer-guasmo.de\/wp-content\/uploads\/2015\/07\/Logo.jpg 300w, https:\/\/www.hilfe-fuer-guasmo.de\/wp-content\/uploads\/2015\/07\/Logo-150x150.jpg 150w\" sizes=\"(max-width: 126px) 100vw, 126px\" \/><img loading=\"lazy\" class=\"wp-image-1062 alignright\" src=\"http:\/\/www.hilfe-fuer-guasmo.de\/wp-content\/uploads\/2020\/02\/LOGO-OFICIAL-AAA-517x600.jpg\" alt=\"\" width=\"118\" height=\"137\" srcset=\"https:\/\/www.hilfe-fuer-guasmo.de\/wp-content\/uploads\/2020\/02\/LOGO-OFICIAL-AAA-517x600.jpg 517w, https:\/\/www.hilfe-fuer-guasmo.de\/wp-content\/uploads\/2020\/02\/LOGO-OFICIAL-AAA-768x892.jpg 768w, https:\/\/www.hilfe-fuer-guasmo.de\/wp-content\/uploads\/2020\/02\/LOGO-OFICIAL-AAA-689x800.jpg 689w, https:\/\/www.hilfe-fuer-guasmo.de\/wp-content\/uploads\/2020\/02\/LOGO-OFICIAL-AAA.jpg 1102w\" sizes=\"(max-width: 118px) 100vw, 118px\" \/><img loading=\"lazy\" class=\"alignnone  wp-image-1521\" src=\"http:\/\/www.hilfe-fuer-guasmo.de\/wp-content\/uploads\/2020\/02\/\u00dcber-uns-Text-San.jpg\" alt=\"\" width=\"327\" height=\"96\" \/><\/p>\n<figure id=\"attachment_2346\" aria-describedby=\"caption-attachment-2346\" style=\"width: 750px\" class=\"wp-caption alignnone\"><img loading=\"lazy\" class=\"wp-image-2346 size-medium\" src=\"http:\/\/www.hilfe-fuer-guasmo.de\/wp-content\/uploads\/2022\/09\/Vorstand_1-750x500.jpg\" alt=\"\" width=\"750\" height=\"500\" srcset=\"https:\/\/www.hilfe-fuer-guasmo.de\/wp-content\/uploads\/2022\/09\/Vorstand_1-750x500.jpg 750w, https:\/\/www.hilfe-fuer-guasmo.de\/wp-content\/uploads\/2022\/09\/Vorstand_1-1200x800.jpg 1200w, https:\/\/www.hilfe-fuer-guasmo.de\/wp-content\/uploads\/2022\/09\/Vorstand_1-768x512.jpg 768w, https:\/\/www.hilfe-fuer-guasmo.de\/wp-content\/uploads\/2022\/09\/Vorstand_1-1536x1024.jpg 1536w, https:\/\/www.hilfe-fuer-guasmo.de\/wp-content\/uploads\/2022\/09\/Vorstand_1-2048x1365.jpg 2048w\" sizes=\"(max-width: 750px) 100vw, 750px\" \/><figcaption id=\"caption-attachment-2346\" class=\"wp-caption-text\">Von links nach rechts: <br class=\"clear\" \/>Bernhard Riehm: 1. Vorsitzender <br class=\"clear\" \/>Brigitte Schn\u00fcrch-Kempf: Finanzen <br class=\"clear\" \/>Michael Schwenk: 2. Vorsitzender <br class=\"clear\" \/>Susanne Riehm: 2. Vorsitzende \/ Patenbetreuung<\/figcaption><\/figure>\n<p>\u00a0<\/p>\n<p><\/p>\n<div class=\"wp-block-column\">\n<div class=\"wp-block-group\">\n<div class=\"wp-block-group__inner-container\">\n<div class=\"wp-block-group\">\n<div class=\"wp-block-group__inner-container\">\n<div class=\"wp-block-group\">\n<div class=\"wp-block-group__inner-container\">\n<div class=\"wp-block-image\">\n<figure class=\"alignright size-large is-resized\"><img loading=\"lazy\" class=\"wp-image-2654\" src=\"https:\/\/www.hilfe-fuer-guasmo.de\/wp-content\/uploads\/2024\/01\/Isabel-Bustamente.jpg\" alt=\"Isabel Bustamente Sozialarbeiterin\" width=\"199\" height=\"323\" \/>\n<figcaption>Isabel Bustamente Sozialarbeiterin<\/figcaption>\n<\/figure>\n<\/div>\n<\/div>\n<\/div>\n<\/div>\n<\/div>\n \n<div class=\"wp-block-group\">\n<div class=\"wp-block-group__inner-container\">\n<div class=\"wp-block-image\">\n<figure class=\"alignleft size-large is-resized\"><img loading=\"lazy\" class=\"wp-image-2653\" src=\"https:\/\/www.hilfe-fuer-guasmo.de\/wp-content\/uploads\/2024\/01\/Jovhanka-Maldonada-.jpg\" alt=\"\" width=\"214\" height=\"314\" \/>\n<figcaption>Jovhanka Maldonado Organisation\/Buchhaltung<\/figcaption>\n<\/figure>\n<\/div>\n<\/div>\n<\/div>\n<\/div>\n<\/div>\n<\/div>\n<p><\/p>\n<figure id=\"attachment_1596\" aria-describedby=\"caption-attachment-1596\" style=\"width: 262px\" class=\"wp-caption alignnone\"><img loading=\"lazy\" class=\"wp-image-1596\" src=\"http:\/\/www.hilfe-fuer-guasmo.de\/wp-content\/uploads\/2020\/02\/Sandra-494x600.jpg\" alt=\"3b\" width=\"262\" height=\"318\" srcset=\"https:\/\/www.hilfe-fuer-guasmo.de\/wp-content\/uploads\/2020\/02\/Sandra-494x600.jpg 494w, https:\/\/www.hilfe-fuer-guasmo.de\/wp-content\/uploads\/2020\/02\/Sandra-768x933.jpg 768w, https:\/\/www.hilfe-fuer-guasmo.de\/wp-content\/uploads\/2020\/02\/Sandra-659x800.jpg 659w, https:\/\/www.hilfe-fuer-guasmo.de\/wp-content\/uploads\/2020\/02\/Sandra.jpg 1550w\" sizes=\"(max-width: 262px) 100vw, 262px\" \/><figcaption id=\"caption-attachment-1596\" class=\"wp-caption-text\">Sandra Largo: Sozialarbeiterin<\/figcaption><\/figure>\n<p>\u00a0<\/p>\n<figure id=\"attachment_381\" aria-describedby=\"caption-attachment-381\" style=\"width: 196px\" class=\"wp-caption alignleft\"><a href=\"http:\/\/www.hilfe-fuer-guasmo.de\/wp-content\/uploads\/2015\/05\/Ursula-Hauser.jpg\"><img loading=\"lazy\" class=\"wp-image-381 size-full\" src=\"http:\/\/www.hilfe-fuer-guasmo.de\/wp-content\/uploads\/2015\/05\/Ursula-Hauser.jpg\" alt=\"Ursula Hauser -  die Ehrenvorsitzende von Hilfe f\u00fcr Guasmo\" width=\"196\" height=\"250\" \/><\/a><figcaption id=\"caption-attachment-381\" class=\"wp-caption-text\">Ursula Hauser: Gr\u00fcnderin und Ehrenvorsitzende von Hilfe f\u00fcr Guasmo<\/figcaption><\/figure>\n<blockquote>\n<p>Ohne Ursula Hauser g\u00e4be es \u201eHilfe f\u00fcr Guasmo\u201c nicht. Sie lernte das Elendsviertel Guasmo 1986 kennen. Nachdem sie einen Spender von der Notwendigkeit einer gro\u00dfz\u00fcgigen Anschubfinanzierung \u00fcberzeugt hatte, leistete sie unerm\u00fcdliche Aufbau- und Organisationsarbeit und lie\u00df sich auch von Schwierigkeiten auf diesem Weg nicht abschrecken.<\/p>\n<\/blockquote>\n\n\n<div class=\"wp-block-columns\"><\/div>\n\n\n\n<p><\/p>\n","protected":false},"excerpt":{"rendered":"<p>\u00a0 \u00a0 Ohne Ursula Hauser g\u00e4be es \u201eHilfe f\u00fcr Guasmo\u201c nicht. Sie lernte das Elendsviertel Guasmo 1986 kennen. Nachdem sie einen Spender von der Notwendigkeit einer gro\u00dfz\u00fcgigen Anschubfinanzierung \u00fcberzeugt hatte, leistete sie unerm\u00fcdliche Aufbau- und Organisationsarbeit und lie\u00df sich auch von Schwierigkeiten auf diesem Weg nicht abschrecken.<\/p>\n","protected":false},"author":1,"featured_media":0,"parent":0,"menu_order":0,"comment_status":"closed","ping_status":"closed","template":"","meta":[],"translation":{"provider":"WPGlobus","version":"3.0.0","language":"es","enabled_languages":["de","es"],"languages":{"de":{"title":true,"content":true,"excerpt":false},"es":{"title":false,"content":false,"excerpt":false}}},"yoast_head":"<!-- This site is optimized with the Yoast SEO plugin v18.1 - https:\/\/yoast.com\/wordpress\/plugins\/seo\/ -->\n<meta name=\"robots\" content=\"index, follow, max-snippet:-1, max-image-preview:large, max-video-preview:-1\" \/>\n<link rel=\"canonical\" href=\"https:\/\/www.hilfe-fuer-guasmo.de\/ueber-uns\/\" \/>\n<meta property=\"og:locale\" content=\"es_ES\" \/>\n<meta property=\"og:type\" content=\"article\" \/>\n<meta property=\"og:title\" content=\"Hilfe f\u00fcr Guasmo - \u00dcber uns\" \/>\n<meta property=\"og:url\" content=\"https:\/\/www.hilfe-fuer-guasmo.de\/ueber-uns\/\" \/>\n<meta property=\"og:site_name\" content=\"Hilfe fuer Guasmo\" \/>\n<meta property=\"article:modified_time\" content=\"2024-01-18T17:03:19+00:00\" \/>\n<meta property=\"og:image\" content=\"http:\/\/www.hilfe-fuer-guasmo.de\/wp-content\/uploads\/2015\/07\/Logo.jpg\" \/>\n<meta name=\"twitter:card\" content=\"summary\" \/>\n<meta name=\"twitter:label1\" content=\"Tiempo de lectura\" \/>\n\t<meta name=\"twitter:data1\" content=\"3 minutos\" \/>\n<script type=\"application\/ld+json\" class=\"yoast-schema-graph\">{\"@context\":\"https:\/\/schema.org\",\"@graph\":[{\"@type\":\"WebSite\",\"@id\":\"https:\/\/www.hilfe-fuer-guasmo.de\/#website\",\"url\":\"https:\/\/www.hilfe-fuer-guasmo.de\/\",\"name\":\"Hilfe fuer Guasmo\",\"description\":\"apoyar a ni\u00f1os en Ecuador\",\"potentialAction\":[{\"@type\":\"SearchAction\",\"target\":{\"@type\":\"EntryPoint\",\"urlTemplate\":\"https:\/\/www.hilfe-fuer-guasmo.de\/?s={search_term_string}\"},\"query-input\":\"required name=search_term_string\"}],\"inLanguage\":\"es\"},{\"@type\":\"ImageObject\",\"@id\":\"https:\/\/www.hilfe-fuer-guasmo.de\/ueber-uns\/#primaryimage\",\"inLanguage\":\"es\",\"url\":\"http:\/\/www.hilfe-fuer-guasmo.de\/wp-content\/uploads\/2015\/07\/Logo.jpg\",\"contentUrl\":\"http:\/\/www.hilfe-fuer-guasmo.de\/wp-content\/uploads\/2015\/07\/Logo.jpg\"},{\"@type\":\"WebPage\",\"@id\":\"https:\/\/www.hilfe-fuer-guasmo.de\/ueber-uns\/#webpage\",\"url\":\"https:\/\/www.hilfe-fuer-guasmo.de\/ueber-uns\/\",\"name\":\"Hilfe f\u00fcr Guasmo - \u00dcber uns\",\"isPartOf\":{\"@id\":\"https:\/\/www.hilfe-fuer-guasmo.de\/#website\"},\"primaryImageOfPage\":{\"@id\":\"https:\/\/www.hilfe-fuer-guasmo.de\/ueber-uns\/#primaryimage\"},\"datePublished\":\"2015-05-19T06:04:44+00:00\",\"dateModified\":\"2024-01-18T17:03:19+00:00\",\"description\":\"Unsere Hilfe f\u00fcr junge Menschen wird vom Gro\u00dfraum Stuttgart aus, genauer gesagt von Kirchheim unter Teck aus organisiert.\",\"breadcrumb\":{\"@id\":\"https:\/\/www.hilfe-fuer-guasmo.de\/ueber-uns\/#breadcrumb\"},\"inLanguage\":\"es\",\"potentialAction\":[{\"@type\":\"ReadAction\",\"target\":[\"https:\/\/www.hilfe-fuer-guasmo.de\/ueber-uns\/\"]}]},{\"@type\":\"BreadcrumbList\",\"@id\":\"https:\/\/www.hilfe-fuer-guasmo.de\/ueber-uns\/#breadcrumb\",\"itemListElement\":[{\"@type\":\"ListItem\",\"position\":1,\"name\":\"Home\",\"item\":\"https:\/\/www.hilfe-fuer-guasmo.de\/\"},{\"@type\":\"ListItem\",\"position\":2,\"name\":\"\u00dcber uns\"}]}]}<\/script>\n<!-- \/ Yoast SEO plugin. -->","yoast_head_json":{"robots":{"index":"index","follow":"follow","max-snippet":"max-snippet:-1","max-image-preview":"max-image-preview:large","max-video-preview":"max-video-preview:-1"},"canonical":"https:\/\/www.hilfe-fuer-guasmo.de\/ueber-uns\/","og_locale":"es_ES","og_type":"article","og_title":"Hilfe f\u00fcr Guasmo - \u00dcber uns","og_url":"https:\/\/www.hilfe-fuer-guasmo.de\/ueber-uns\/","og_site_name":"Hilfe fuer Guasmo","article_modified_time":"2024-01-18T17:03:19+00:00","og_image":[{"url":"http:\/\/www.hilfe-fuer-guasmo.de\/wp-content\/uploads\/2015\/07\/Logo.jpg"}],"twitter_card":"summary","twitter_misc":{"Tiempo de lectura":"3 minutos"},"schema":{"@context":"https:\/\/schema.org","@graph":[{"@type":"WebSite","@id":"https:\/\/www.hilfe-fuer-guasmo.de\/#website","url":"https:\/\/www.hilfe-fuer-guasmo.de\/","name":"Hilfe fuer Guasmo","description":"apoyar a ni\u00f1os en Ecuador","potentialAction":[{"@type":"SearchAction","target":{"@type":"EntryPoint","urlTemplate":"https:\/\/www.hilfe-fuer-guasmo.de\/?s={search_term_string}"},"query-input":"required name=search_term_string"}],"inLanguage":"es"},{"@type":"ImageObject","@id":"https:\/\/www.hilfe-fuer-guasmo.de\/ueber-uns\/#primaryimage","inLanguage":"es","url":"http:\/\/www.hilfe-fuer-guasmo.de\/wp-content\/uploads\/2015\/07\/Logo.jpg","contentUrl":"http:\/\/www.hilfe-fuer-guasmo.de\/wp-content\/uploads\/2015\/07\/Logo.jpg"},{"@type":"WebPage","@id":"https:\/\/www.hilfe-fuer-guasmo.de\/ueber-uns\/#webpage","url":"https:\/\/www.hilfe-fuer-guasmo.de\/ueber-uns\/","name":"Hilfe f\u00fcr Guasmo - \u00dcber uns","isPartOf":{"@id":"https:\/\/www.hilfe-fuer-guasmo.de\/#website"},"primaryImageOfPage":{"@id":"https:\/\/www.hilfe-fuer-guasmo.de\/ueber-uns\/#primaryimage"},"datePublished":"2015-05-19T06:04:44+00:00","dateModified":"2024-01-18T17:03:19+00:00","description":"Unsere Hilfe f\u00fcr junge Menschen wird vom Gro\u00dfraum Stuttgart aus, genauer gesagt von Kirchheim unter Teck aus organisiert.","breadcrumb":{"@id":"https:\/\/www.hilfe-fuer-guasmo.de\/ueber-uns\/#breadcrumb"},"inLanguage":"es","potentialAction":[{"@type":"ReadAction","target":["https:\/\/www.hilfe-fuer-guasmo.de\/ueber-uns\/"]}]},{"@type":"BreadcrumbList","@id":"https:\/\/www.hilfe-fuer-guasmo.de\/ueber-uns\/#breadcrumb","itemListElement":[{"@type":"ListItem","position":1,"name":"Home","item":"https:\/\/www.hilfe-fuer-guasmo.de\/"},{"@type":"ListItem","position":2,"name":"\u00dcber uns"}]}]}},"_links":{"self":[{"href":"https:\/\/www.hilfe-fuer-guasmo.de\/es\/wp-json\/wp\/v2\/pages\/108"}],"collection":[{"href":"https:\/\/www.hilfe-fuer-guasmo.de\/es\/wp-json\/wp\/v2\/pages"}],"about":[{"href":"https:\/\/www.hilfe-fuer-guasmo.de\/es\/wp-json\/wp\/v2\/types\/page"}],"author":[{"embeddable":true,"href":"https:\/\/www.hilfe-fuer-guasmo.de\/es\/wp-json\/wp\/v2\/users\/1"}],"replies":[{"embeddable":true,"href":"https:\/\/www.hilfe-fuer-guasmo.de\/es\/wp-json\/wp\/v2\/comments?post=108"}],"version-history":[{"count":29,"href":"https:\/\/www.hilfe-fuer-guasmo.de\/es\/wp-json\/wp\/v2\/pages\/108\/revisions"}],"predecessor-version":[{"id":2666,"href":"https:\/\/www.hilfe-fuer-guasmo.de\/es\/wp-json\/wp\/v2\/pages\/108\/revisions\/2666"}],"wp:attachment":[{"href":"https:\/\/www.hilfe-fuer-guasmo.de\/es\/wp-json\/wp\/v2\/media?parent=108"}],"curies":[{"name":"wp","href":"https:\/\/api.w.org\/{rel}","templated":true}]}}